{"id":49032,"date":"2025-10-28T00:50:16","date_gmt":"2025-10-28T00:50:16","guid":{"rendered":"https:\/\/chintanengineers.in\/?page_id=49032"},"modified":"2025-10-28T01:08:15","modified_gmt":"2025-10-28T01:08:15","slug":"clients","status":"publish","type":"page","link":"https:\/\/chintanengineers.in\/pt\/clients\/","title":{"rendered":"Clientes"},"content":{"rendered":"\n<div style=\"height:24px\" aria-hidden=\"true\" class=\"wp-block-spacer\"><\/div>\n\n\n\n<div><div\n\tclass=\"alignwide alignwide wp-block-evb-slider\"\tid='evssSlider-1'\n\tdata-attributes='{&quot;slides&quot;:[{&quot;background&quot;:&quot;background: url(https:\\\/\\\/chintanengineers.in\\\/wp-content\\\/uploads\\\/2017\\\/08\\\/shell-logo.jpg) center center \\\/ contain no-repeat;;;;;;;;&quot;,&quot;content&quot;:&quot;&quot;,&quot;contentStyle&quot;:{&quot;color&quot;:&quot;&quot;,&quot;bg&quot;:&quot;background-color: #0000;&quot;}},{&quot;background&quot;:&quot;background: url(https:\\\/\\\/chintanengineers.in\\\/wp-content\\\/uploads\\\/2017\\\/08\\\/051216_1052_Bestcarcomp31-e1522721314159.jpg) center center \\\/ contain no-repeat;;;&quot;,&quot;content&quot;:&quot;&quot;,&quot;contentStyle&quot;:{&quot;color&quot;:&quot;&quot;,&quot;bg&quot;:&quot;background-color: #0000;&quot;}},{&quot;background&quot;:&quot;background: url(https:\\\/\\\/chintanengineers.in\\\/wp-content\\\/uploads\\\/2025\\\/10\\\/Tata-Logo-1988-500x281-1.png) center center \\\/ contain no-repeat;;&quot;,&quot;content&quot;:&quot;&quot;,&quot;contentStyle&quot;:{&quot;color&quot;:&quot;&quot;,&quot;bg&quot;:&quot;background-color: #0000;&quot;}},{&quot;background&quot;:&quot;background: url(https:\\\/\\\/chintanengineers.in\\\/wp-content\\\/uploads\\\/2017\\\/08\\\/Larsen-n-Toubro-Logo.png) center center \\\/ contain no-repeat;;&quot;,&quot;content&quot;:&quot;&quot;,&quot;contentStyle&quot;:{&quot;color&quot;:&quot;&quot;,&quot;bg&quot;:&quot;background-color: #0000;&quot;}},{&quot;background&quot;:&quot;background: url(https:\\\/\\\/chintanengineers.in\\\/wp-content\\\/uploads\\\/2017\\\/08\\\/Reliance-Industries-Logo1.png) center center \\\/ contain no-repeat;;;;&quot;,&quot;content&quot;:&quot;&quot;,&quot;contentStyle&quot;:{&quot;color&quot;:&quot;&quot;,&quot;bg&quot;:&quot;background-color: #0000;&quot;}},{&quot;background&quot;:&quot;background: url(https:\\\/\\\/chintanengineers.in\\\/wp-content\\\/uploads\\\/2017\\\/08\\\/adani_logo1-e1501878114720.png) center center \\\/ contain no-repeat;;;;;&quot;,&quot;content&quot;:&quot;&quot;,&quot;contentStyle&quot;:{&quot;color&quot;:&quot;&quot;,&quot;bg&quot;:&quot;background-color: #0000;&quot;}},{&quot;background&quot;:&quot;background: url(https:\\\/\\\/chintanengineers.in\\\/wp-content\\\/uploads\\\/2017\\\/08\\\/Larsen-n-Toubro-Logo.png) center center \\\/ contain no-repeat;;;;;&quot;,&quot;content&quot;:&quot;&quot;,&quot;contentStyle&quot;:{&quot;color&quot;:&quot;&quot;,&quot;bg&quot;:&quot;background-color: #0000;&quot;}},{&quot;background&quot;:&quot;background: url(https:\\\/\\\/chintanengineers.in\\\/wp-content\\\/uploads\\\/2017\\\/08\\\/Direct-Recruitment.jpg) center center \\\/ contain no-repeat;;;;;&quot;,&quot;content&quot;:&quot;&quot;,&quot;contentStyle&quot;:{&quot;color&quot;:&quot;&quot;,&quot;bg&quot;:&quot;background-color: #0000;&quot;}},{&quot;background&quot;:&quot;background: url(https:\\\/\\\/chintanengineers.in\\\/wp-content\\\/uploads\\\/2017\\\/08\\\/Essar-Logo_0.jpg) center center \\\/ contain no-repeat;;;;;&quot;,&quot;content&quot;:&quot;&quot;,&quot;contentStyle&quot;:{&quot;color&quot;:&quot;&quot;,&quot;bg&quot;:&quot;background-color: #0000;&quot;}},{&quot;background&quot;:&quot;background: url(https:\\\/\\\/chintanengineers.in\\\/wp-content\\\/uploads\\\/2017\\\/08\\\/13-corp11-e1502254287997.jpg) center center \\\/ contain no-repeat;;;;;&quot;,&quot;content&quot;:&quot;&quot;,&quot;contentStyle&quot;:{&quot;color&quot;:&quot;&quot;,&quot;bg&quot;:&quot;background-color: #0000;&quot;}}],&quot;layout&quot;:{&quot;width&quot;:{&quot;desktop&quot;:&quot;100%&quot;,&quot;tablet&quot;:&quot;&quot;,&quot;mobile&quot;:&quot;&quot;},&quot;height&quot;:{&quot;desktop&quot;:&quot;200px&quot;,&quot;tablet&quot;:&quot;&quot;,&quot;mobile&quot;:&quot;&quot;},&quot;align&quot;:{&quot;desktop&quot;:&quot;center&quot;,&quot;tablet&quot;:&quot;&quot;,&quot;mobile&quot;:&quot;&quot;}},&quot;options&quot;:{&quot;breakpoints&quot;:{&quot;0&quot;:{&quot;slidesPerView&quot;:1,&quot;spaceBetween&quot;:15},&quot;481&quot;:{&quot;slidesPerView&quot;:2,&quot;spaceBetween&quot;:20},&quot;961&quot;:{&quot;slidesPerView&quot;:4,&quot;spaceBetween&quot;:30}},&quot;dir&quot;:&quot;ltr&quot;,&quot;direction&quot;:&quot;horizontal&quot;,&quot;centeredSlides&quot;:false,&quot;initialSlide&quot;:0,&quot;grabCursor&quot;:false,&quot;slideToClickedSlide&quot;:false,&quot;effect&quot;:&quot;slide&quot;,&quot;fadeEffect&quot;:{&quot;crossFade&quot;:false},&quot;cubeEffect&quot;:{&quot;slideShadows&quot;:true,&quot;shadow&quot;:true,&quot;shadowOffset&quot;:20,&quot;shadowScale&quot;:0.94},&quot;flipEffect&quot;:{&quot;slideShadows&quot;:true,&quot;limitRotation&quot;:true},&quot;coverflowEffect&quot;:{&quot;slideShadows&quot;:true,&quot;depth&quot;:100,&quot;rotate&quot;:50,&quot;scale&quot;:1,&quot;stretch&quot;:0,&quot;modifier&quot;:1},&quot;cardsEffect&quot;:{&quot;slideShadows&quot;:true,&quot;rotate&quot;:true,&quot;perSlideOffset&quot;:8,&quot;perSlideRotate&quot;:2},&quot;creativeEffect&quot;:{&quot;prev&quot;:{&quot;translate&quot;:[0,0,0],&quot;rotate&quot;:[0,0,0],&quot;opacity&quot;:1,&quot;scale&quot;:1,&quot;shadow&quot;:true,&quot;origin&quot;:&quot;left bottom&quot;},&quot;next&quot;:{&quot;translate&quot;:[0,0,0],&quot;rotate&quot;:[0,0,0],&quot;opacity&quot;:1,&quot;scale&quot;:1,&quot;shadow&quot;:true,&quot;origin&quot;:&quot;left bottom&quot;},&quot;limitProgress&quot;:1,&quot;perspective&quot;:true,&quot;progressMultiplier&quot;:1,&quot;shadowPerProgress&quot;:false},&quot;speed&quot;:300,&quot;timingFunction&quot;:&quot;cubic-bezier(0.25, 0.1, 0.25, 1.0)&quot;,&quot;loop&quot;:{&quot;mode&quot;:&quot;loop&quot;,&quot;addBlankSlides&quot;:false,&quot;additionalSlides&quot;:0},&quot;autoplay&quot;:{&quot;enabled&quot;:true,&quot;delay&quot;:3000,&quot;pauseOnMouseEnter&quot;:false,&quot;disableOnInteraction&quot;:true,&quot;reverseDirection&quot;:false,&quot;stopOnLastSlide&quot;:false},&quot;navigation&quot;:{&quot;enabled&quot;:true,&quot;hideOnClick&quot;:false},&quot;pagination&quot;:{&quot;enabled&quot;:false,&quot;hideOnClick&quot;:false,&quot;type&quot;:&quot;bullets&quot;,&quot;clickable&quot;:false,&quot;dynamicBullets&quot;:false,&quot;dynamicMainBullets&quot;:1,&quot;progressbarOpposite&quot;:false},&quot;scrollbar&quot;:{&quot;enabled&quot;:false,&quot;draggable&quot;:false,&quot;hide&quot;:true,&quot;snapOnRelease&quot;:false},&quot;freeMode&quot;:{&quot;enabled&quot;:false,&quot;sticky&quot;:false,&quot;momentum&quot;:true,&quot;momentumRatio&quot;:1,&quot;minimumVelocity&quot;:0.02,&quot;momentumVelocityRatio&quot;:1,&quot;momentumBounce&quot;:true,&quot;momentumBounceRatio&quot;:1},&quot;keyboard&quot;:{&quot;enabled&quot;:false,&quot;onlyInViewport&quot;:true,&quot;pageUpDown&quot;:false},&quot;mousewheel&quot;:{&quot;enabled&quot;:false,&quot;forceToAxis&quot;:false,&quot;invert&quot;:false,&quot;releaseOnEdges&quot;:false,&quot;sensitivity&quot;:1,&quot;thresholdDelta&quot;:null,&quot;thresholdTime&quot;:null},&quot;parallax&quot;:false,&quot;accessibility&quot;:{&quot;enabled&quot;:true},&quot;zoom&quot;:{&quot;toggle&quot;:false,&quot;minRatio&quot;:1,&quot;maxRatio&quot;:3,&quot;limitToOriginalSize&quot;:false}},&quot;design&quot;:{&quot;slide&quot;:{&quot;padding&quot;:&quot;&quot;,&quot;border&quot;:[],&quot;radius&quot;:&quot;&quot;},&quot;content&quot;:{&quot;maxWidth&quot;:&quot;100%&quot;,&quot;textAlign&quot;:&quot;left&quot;,&quot;horizontalAlign&quot;:&quot;start&quot;,&quot;verticalAlign&quot;:&quot;start&quot;,&quot;padding&quot;:&quot;15px 15px 15px 15px&quot;},&quot;creative&quot;:{&quot;preset&quot;:&quot;default&quot;},&quot;navigation&quot;:{&quot;icon&quot;:&quot;chevron&quot;,&quot;iconSize&quot;:15,&quot;placement&quot;:&quot;inside&quot;,&quot;position&quot;:&quot;center&quot;,&quot;color&quot;:&quot;var(u002du002dcontrast)&quot;},&quot;pagination&quot;:{&quot;placement&quot;:&quot;inside&quot;,&quot;side&quot;:&quot;bottom&quot;,&quot;position&quot;:&quot;center&quot;,&quot;width&quot;:&quot;8px&quot;,&quot;height&quot;:&quot;8px&quot;,&quot;radius&quot;:&quot;50%&quot;,&quot;gap&quot;:&quot;8px&quot;,&quot;color&quot;:&quot;#333&quot;,&quot;background&quot;:&quot;var(u002du002dcontrast)&quot;},&quot;scrollbar&quot;:{&quot;position&quot;:&quot;end&quot;,&quot;trackColor&quot;:&quot;#0000001a&quot;,&quot;thumbColor&quot;:&quot;#00000080&quot;}},&quot;align&quot;:&quot;wide&quot;,&quot;gbBlockCondition&quot;:&quot;&quot;,&quot;gbBlockConditionInvert&quot;:false,&quot;TrpContentRestriction&quot;:{&quot;restriction_type&quot;:&quot;exclude&quot;,&quot;selected_languages&quot;:[],&quot;panel_open&quot;:true}}'\n>\n\t<div id='evssSlider-1-contents' style='display: none;'>\n\t\t\t\t\t<div id='slideContent-0'><\/div>\n\t\t\t\t\t<div id='slideContent-1'><\/div>\n\t\t\t\t\t<div id='slideContent-2'><\/div>\n\t\t\t\t\t<div id='slideContent-3'><\/div>\n\t\t\t\t\t<div id='slideContent-4'><\/div>\n\t\t\t\t\t<div id='slideContent-5'><\/div>\n\t\t\t\t\t<div id='slideContent-6'><\/div>\n\t\t\t\t\t<div id='slideContent-7'><\/div>\n\t\t\t\t\t<div id='slideContent-8'><\/div>\n\t\t\t\t\t<div id='slideContent-9'><\/div>\n\t\t\t<\/div>\n<\/div>\n\n\n<div style=\"height:24px\" aria-hidden=\"true\" class=\"wp-block-spacer\"><\/div>\n\n\n\n<div class=\"wp-block-media-text alignwide is-stacked-on-mobile is-vertically-aligned-center is-image-fill-element\" style=\"grid-template-columns:56% auto\"><figure class=\"wp-block-media-text__media\"><img decoding=\"async\" src=\"https:\/\/chintanengineers.in\/wp-content\/uploads\/2016\/02\/blog2-1.jpg\" alt=\"\" class=\"wp-image-2350 size-full\" style=\"object-position:50% 50%\"\/><\/figure><div class=\"wp-block-media-text__content\">\n<h2 class=\"wp-block-heading has-text-color\" style=\"color:#000000;font-size:27px\"><strong>\ud83c\udf0d <strong>Our Clients, Our Strength<\/strong><br><\/strong><\/h2>\n\n\n\n<p class=\"has-text-color\" style=\"color:#000000;font-size:17px\">Across India and beyond, leading industries trust us for <strong>precision-engineered fuel management and flow-measurement solutions<\/strong>. From refineries and logistics companies to manufacturing plants and construction firms, our products power operations that keep economies moving. Each partnership reflects our commitment to <strong>quality, innovation, and long-term reliability<\/strong> \u2014 the same values that define every dispenser, pump, and meter we build.<\/p>\n\n\n\n<div class=\"wp-block-buttons is-layout-flex wp-block-buttons-is-layout-flex\">\n<div class=\"wp-block-button has-custom-width wp-block-button__width-50 is-style-fill\"><a class=\"wp-block-button__link wp-element-button\" href=\"https:\/\/chintanengineers.in\/about\">Learn more<\/a><\/div>\n<\/div>\n<\/div><\/div>\n\n\n\n<div style=\"height:24px\" aria-hidden=\"true\" class=\"wp-block-spacer\"><\/div>\n<\/div>\n","protected":false},"excerpt":{"rendered":"<p>\ud83c\udf0d Nossos Clientes, Nossa For\u00e7a Em toda a \u00cdndia e al\u00e9m, as principais ind\u00fastrias confiam em n\u00f3s para solu\u00e7\u00f5es de gerenciamento de combust\u00edvel e medi\u00e7\u00e3o de vaz\u00e3o com engenharia de precis\u00e3o. De refinarias e empresas de log\u00edstica a f\u00e1bricas e construtoras, nossos produtos impulsionam opera\u00e7\u00f5es que mant\u00eam as economias em movimento. Cada parceria reflete nosso compromisso com a qualidade, a inova\u00e7\u00e3o e a confiabilidade a longo prazo \u2014 os mesmos valores que\u2026 <a title=\"Clientes\" class=\"read-more\" href=\"https:\/\/chintanengineers.in\/pt\/clients\/\" aria-label=\"Leia mais sobre Clientes\">Ler mais<\/a><\/p>","protected":false},"author":1,"featured_media":0,"parent":0,"menu_order":0,"comment_status":"closed","ping_status":"closed","template":"","meta":{"_yoast_wpseo_focuskw":"","_yoast_wpseo_title":"","_yoast_wpseo_metadesc":"","_yoast_wpseo_canonical":"","_eb_attr":"","_n8n_st_send_on_update":false,"_yoast_wpseo_keywordsynonyms":"","footnotes":""},"class_list":["post-49032","page","type-page","status-publish"],"yoast_head":"<!-- This site is optimized with the Yoast SEO plugin v27.3 - https:\/\/yoast.com\/product\/yoast-seo-wordpress\/ -->\n<title>Clients - Chintan Engineers<\/title>\n<meta name=\"robots\" content=\"index, follow, max-snippet:-1, max-image-preview:large, max-video-preview:-1\" \/>\n<link rel=\"canonical\" href=\"https:\/\/chintanengineers.in\/pt\/clients\/\" \/>\n<meta property=\"og:locale\" content=\"pt_PT\" \/>\n<meta property=\"og:type\" content=\"article\" \/>\n<meta property=\"og:title\" content=\"Clients - Chintan Engineers\" \/>\n<meta property=\"og:description\" content=\"\ud83c\udf0d Our Clients, Our Strength Across India and beyond, leading industries trust us for precision-engineered fuel management and flow-measurement solutions. From refineries and logistics companies to manufacturing plants and construction firms, our products power operations that keep economies moving. Each partnership reflects our commitment to quality, innovation, and long-term reliability \u2014 the same values that ... Ler mais\" \/>\n<meta property=\"og:url\" content=\"https:\/\/chintanengineers.in\/pt\/clients\/\" \/>\n<meta property=\"og:site_name\" content=\"Chintan Engineers\" \/>\n<meta property=\"article:modified_time\" content=\"2025-10-28T01:08:15+00:00\" \/>\n<meta property=\"og:image\" content=\"https:\/\/chintanengineers.in\/wp-content\/uploads\/2016\/02\/blog2-1.jpg\" \/>\n<meta name=\"twitter:card\" content=\"summary_large_image\" \/>\n<meta name=\"twitter:label1\" content=\"Tempo estimado de leitura\" \/>\n\t<meta name=\"twitter:data1\" content=\"1 minuto\" \/>\n<script type=\"application\/ld+json\" class=\"yoast-schema-graph\">{\"@context\":\"https:\\\/\\\/schema.org\",\"@graph\":[{\"@type\":\"WebPage\",\"@id\":\"https:\\\/\\\/chintanengineers.in\\\/clients\\\/\",\"url\":\"https:\\\/\\\/chintanengineers.in\\\/clients\\\/\",\"name\":\"Clients - Chintan Engineers\",\"isPartOf\":{\"@id\":\"https:\\\/\\\/chintanengineers.in\\\/#website\"},\"primaryImageOfPage\":{\"@id\":\"https:\\\/\\\/chintanengineers.in\\\/clients\\\/#primaryimage\"},\"image\":{\"@id\":\"https:\\\/\\\/chintanengineers.in\\\/clients\\\/#primaryimage\"},\"thumbnailUrl\":\"https:\\\/\\\/chintanengineers.in\\\/wp-content\\\/uploads\\\/2016\\\/02\\\/blog2-1.jpg\",\"datePublished\":\"2025-10-28T00:50:16+00:00\",\"dateModified\":\"2025-10-28T01:08:15+00:00\",\"breadcrumb\":{\"@id\":\"https:\\\/\\\/chintanengineers.in\\\/clients\\\/#breadcrumb\"},\"inLanguage\":\"pt-PT\",\"potentialAction\":[{\"@type\":\"ReadAction\",\"target\":[\"https:\\\/\\\/chintanengineers.in\\\/clients\\\/\"]}]},{\"@type\":\"ImageObject\",\"inLanguage\":\"pt-PT\",\"@id\":\"https:\\\/\\\/chintanengineers.in\\\/clients\\\/#primaryimage\",\"url\":\"https:\\\/\\\/chintanengineers.in\\\/wp-content\\\/uploads\\\/2016\\\/02\\\/blog2-1.jpg\",\"contentUrl\":\"https:\\\/\\\/chintanengineers.in\\\/wp-content\\\/uploads\\\/2016\\\/02\\\/blog2-1.jpg\"},{\"@type\":\"BreadcrumbList\",\"@id\":\"https:\\\/\\\/chintanengineers.in\\\/clients\\\/#breadcrumb\",\"itemListElement\":[{\"@type\":\"ListItem\",\"position\":1,\"name\":\"Home\",\"item\":\"https:\\\/\\\/chintanengineers.in\\\/\"},{\"@type\":\"ListItem\",\"position\":2,\"name\":\"Clients\"}]},{\"@type\":\"WebSite\",\"@id\":\"https:\\\/\\\/chintanengineers.in\\\/#website\",\"url\":\"https:\\\/\\\/chintanengineers.in\\\/\",\"name\":\"Chintan Engineers\",\"description\":\"\",\"publisher\":{\"@id\":\"https:\\\/\\\/chintanengineers.in\\\/#organization\"},\"potentialAction\":[{\"@type\":\"SearchAction\",\"target\":{\"@type\":\"EntryPoint\",\"urlTemplate\":\"https:\\\/\\\/chintanengineers.in\\\/?s={search_term_string}\"},\"query-input\":{\"@type\":\"PropertyValueSpecification\",\"valueRequired\":true,\"valueName\":\"search_term_string\"}}],\"inLanguage\":\"pt-PT\"},{\"@type\":\"Organization\",\"@id\":\"https:\\\/\\\/chintanengineers.in\\\/#organization\",\"name\":\"Chintan Engineers\",\"url\":\"https:\\\/\\\/chintanengineers.in\\\/\",\"logo\":{\"@type\":\"ImageObject\",\"inLanguage\":\"pt-PT\",\"@id\":\"https:\\\/\\\/chintanengineers.in\\\/#\\\/schema\\\/logo\\\/image\\\/\",\"url\":\"https:\\\/\\\/chintanengineers.in\\\/wp-content\\\/uploads\\\/2025\\\/10\\\/cropped-Achievers-Chintan-Engineers-Combined-Logo-2-e1760938887596.png\",\"contentUrl\":\"https:\\\/\\\/chintanengineers.in\\\/wp-content\\\/uploads\\\/2025\\\/10\\\/cropped-Achievers-Chintan-Engineers-Combined-Logo-2-e1760938887596.png\",\"width\":337,\"height\":200,\"caption\":\"Chintan Engineers\"},\"image\":{\"@id\":\"https:\\\/\\\/chintanengineers.in\\\/#\\\/schema\\\/logo\\\/image\\\/\"}}]}<\/script>\n<!-- \/ Yoast SEO plugin. -->","yoast_head_json":{"title":"Clientes - Chintan Engineers","robots":{"index":"index","follow":"follow","max-snippet":"max-snippet:-1","max-image-preview":"max-image-preview:large","max-video-preview":"max-video-preview:-1"},"canonical":"https:\/\/chintanengineers.in\/pt\/clients\/","og_locale":"pt_PT","og_type":"article","og_title":"Clients - Chintan Engineers","og_description":"\ud83c\udf0d Our Clients, Our Strength Across India and beyond, leading industries trust us for precision-engineered fuel management and flow-measurement solutions. From refineries and logistics companies to manufacturing plants and construction firms, our products power operations that keep economies moving. Each partnership reflects our commitment to quality, innovation, and long-term reliability \u2014 the same values that ... Ler mais","og_url":"https:\/\/chintanengineers.in\/pt\/clients\/","og_site_name":"Chintan Engineers","article_modified_time":"2025-10-28T01:08:15+00:00","og_image":[{"url":"https:\/\/chintanengineers.in\/wp-content\/uploads\/2016\/02\/blog2-1.jpg","type":"","width":"","height":""}],"twitter_card":"summary_large_image","twitter_misc":{"Tempo estimado de leitura":"1 minuto"},"schema":{"@context":"https:\/\/schema.org","@graph":[{"@type":"WebPage","@id":"https:\/\/chintanengineers.in\/clients\/","url":"https:\/\/chintanengineers.in\/clients\/","name":"Clientes - Chintan Engineers","isPartOf":{"@id":"https:\/\/chintanengineers.in\/#website"},"primaryImageOfPage":{"@id":"https:\/\/chintanengineers.in\/clients\/#primaryimage"},"image":{"@id":"https:\/\/chintanengineers.in\/clients\/#primaryimage"},"thumbnailUrl":"https:\/\/chintanengineers.in\/wp-content\/uploads\/2016\/02\/blog2-1.jpg","datePublished":"2025-10-28T00:50:16+00:00","dateModified":"2025-10-28T01:08:15+00:00","breadcrumb":{"@id":"https:\/\/chintanengineers.in\/clients\/#breadcrumb"},"inLanguage":"pt-PT","potentialAction":[{"@type":"ReadAction","target":["https:\/\/chintanengineers.in\/clients\/"]}]},{"@type":"ImageObject","inLanguage":"pt-PT","@id":"https:\/\/chintanengineers.in\/clients\/#primaryimage","url":"https:\/\/chintanengineers.in\/wp-content\/uploads\/2016\/02\/blog2-1.jpg","contentUrl":"https:\/\/chintanengineers.in\/wp-content\/uploads\/2016\/02\/blog2-1.jpg"},{"@type":"BreadcrumbList","@id":"https:\/\/chintanengineers.in\/clients\/#breadcrumb","itemListElement":[{"@type":"ListItem","position":1,"name":"Home","item":"https:\/\/chintanengineers.in\/"},{"@type":"ListItem","position":2,"name":"Clients"}]},{"@type":"WebSite","@id":"https:\/\/chintanengineers.in\/#website","url":"https:\/\/chintanengineers.in\/","name":"Engenheiros Chintan","description":"","publisher":{"@id":"https:\/\/chintanengineers.in\/#organization"},"potentialAction":[{"@type":"SearchAction","target":{"@type":"EntryPoint","urlTemplate":"https:\/\/chintanengineers.in\/?s={search_term_string}"},"query-input":{"@type":"PropertyValueSpecification","valueRequired":true,"valueName":"search_term_string"}}],"inLanguage":"pt-PT"},{"@type":"Organization","@id":"https:\/\/chintanengineers.in\/#organization","name":"Engenheiros Chintan","url":"https:\/\/chintanengineers.in\/","logo":{"@type":"ImageObject","inLanguage":"pt-PT","@id":"https:\/\/chintanengineers.in\/#\/schema\/logo\/image\/","url":"https:\/\/chintanengineers.in\/wp-content\/uploads\/2025\/10\/cropped-Achievers-Chintan-Engineers-Combined-Logo-2-e1760938887596.png","contentUrl":"https:\/\/chintanengineers.in\/wp-content\/uploads\/2025\/10\/cropped-Achievers-Chintan-Engineers-Combined-Logo-2-e1760938887596.png","width":337,"height":200,"caption":"Chintan Engineers"},"image":{"@id":"https:\/\/chintanengineers.in\/#\/schema\/logo\/image\/"}}]}},"_links":{"self":[{"href":"https:\/\/chintanengineers.in\/pt\/wp-json\/wp\/v2\/pages\/49032","targetHints":{"allow":["GET"]}}],"collection":[{"href":"https:\/\/chintanengineers.in\/pt\/wp-json\/wp\/v2\/pages"}],"about":[{"href":"https:\/\/chintanengineers.in\/pt\/wp-json\/wp\/v2\/types\/page"}],"author":[{"embeddable":true,"href":"https:\/\/chintanengineers.in\/pt\/wp-json\/wp\/v2\/users\/1"}],"replies":[{"embeddable":true,"href":"https:\/\/chintanengineers.in\/pt\/wp-json\/wp\/v2\/comments?post=49032"}],"version-history":[{"count":12,"href":"https:\/\/chintanengineers.in\/pt\/wp-json\/wp\/v2\/pages\/49032\/revisions"}],"predecessor-version":[{"id":49054,"href":"https:\/\/chintanengineers.in\/pt\/wp-json\/wp\/v2\/pages\/49032\/revisions\/49054"}],"wp:attachment":[{"href":"https:\/\/chintanengineers.in\/pt\/wp-json\/wp\/v2\/media?parent=49032"}],"curies":[{"name":"wp","href":"https:\/\/api.w.org\/{rel}","templated":true}]}}