{"id":49016,"date":"2025-10-28T00:19:43","date_gmt":"2025-10-28T00:19:43","guid":{"rendered":"https:\/\/chintanengineers.in\/?page_id=49016"},"modified":"2025-10-28T00:49:41","modified_gmt":"2025-10-28T00:49:41","slug":"gallery","status":"publish","type":"page","link":"https:\/\/chintanengineers.in\/pt\/gallery\/","title":{"rendered":"Galeria"},"content":{"rendered":"<section class=\"gbp-section gb-element-6a088c1f\">\n<div class=\"gbp-section__inner gb-element-4969bf2c\">\n<div>\n<h2 class=\"gb-text gb-text-28703bf7\">\ud83d\udd27 Engenharia de Precis\u00e3o em Cada Produto<\/h2>\n\n\n\n<p class=\"gb-text gbp-section__text gb-text-5fbca354\">Explore nossa cole\u00e7\u00e3o de <strong>sistemas de manuseio de combust\u00edvel e medi\u00e7\u00e3o de fluxo de alto desempenho<\/strong> \u2014 Constru\u00eddo para durabilidade, precis\u00e3o e confiabilidade industrial. Cada imagem reflete a inova\u00e7\u00e3o, o acabamento de qualidade e a aten\u00e7\u00e3o aos detalhes que definem a marca. <strong>Engenheiros Chintan<\/strong> e as marcas do nosso grupo.<\/p>\n<\/div>\n<\/div>\n<\/section>\n\n\n\n<div class=\"gb-element-5d3c7655\">\n<figure class=\"wp-block-gallery has-nested-images columns-default wp-block-gallery-1 is-layout-flex wp-block-gallery-is-layout-flex\">\n<figure class=\"wp-block-image size-large\"><img loading=\"lazy\" decoding=\"async\" width=\"500\" height=\"500\" data-id=\"48932\" src=\"https:\/\/chintanengineers.in\/wp-content\/uploads\/2025\/10\/4_burned-2-scaled-q9s2u8o3q230njpd50cg6m22549fclcl0mr4ayc70o.webp\" alt=\"\" class=\"wp-image-48932\" srcset=\"https:\/\/chintanengineers.in\/wp-content\/uploads\/2025\/10\/4_burned-2-scaled-q9s2u8o3q230njpd50cg6m22549fclcl0mr4ayc70o.webp 500w, https:\/\/chintanengineers.in\/wp-content\/uploads\/2025\/10\/4_burned-2-scaled-q9s2u8o3q230njpd50cg6m22549fclcl0mr4ayc70o-300x300.webp 300w, https:\/\/chintanengineers.in\/wp-content\/uploads\/2025\/10\/4_burned-2-scaled-q9s2u8o3q230njpd50cg6m22549fclcl0mr4ayc70o-150x150.webp 150w\" sizes=\"auto, (max-width: 500px) 100vw, 500px\" \/><\/figure>\n\n\n\n<figure class=\"wp-block-image size-large\"><img loading=\"lazy\" decoding=\"async\" width=\"500\" height=\"500\" data-id=\"48931\" src=\"https:\/\/chintanengineers.in\/wp-content\/uploads\/2025\/10\/132-scaled-q9s2u8o3q230njpd50cg6m22549fclcl0mr4ayc70o.webp\" alt=\"\" class=\"wp-image-48931\" srcset=\"https:\/\/chintanengineers.in\/wp-content\/uploads\/2025\/10\/132-scaled-q9s2u8o3q230njpd50cg6m22549fclcl0mr4ayc70o.webp 500w, https:\/\/chintanengineers.in\/wp-content\/uploads\/2025\/10\/132-scaled-q9s2u8o3q230njpd50cg6m22549fclcl0mr4ayc70o-300x300.webp 300w, https:\/\/chintanengineers.in\/wp-content\/uploads\/2025\/10\/132-scaled-q9s2u8o3q230njpd50cg6m22549fclcl0mr4ayc70o-150x150.webp 150w\" sizes=\"auto, (max-width: 500px) 100vw, 500px\" \/><\/figure>\n\n\n\n<figure class=\"wp-block-image size-large\"><img loading=\"lazy\" decoding=\"async\" width=\"1024\" height=\"894\" data-id=\"3094\" src=\"https:\/\/chintanengineers.in\/wp-content\/uploads\/2022\/07\/diesel-fuel-dispenser-1024x894.webp\" alt=\"Digital Diesel Dispenser\" class=\"wp-image-3094\" srcset=\"https:\/\/chintanengineers.in\/wp-content\/uploads\/2022\/07\/diesel-fuel-dispenser-1024x894.webp 1024w, https:\/\/chintanengineers.in\/wp-content\/uploads\/2022\/07\/diesel-fuel-dispenser-300x262.webp 300w, https:\/\/chintanengineers.in\/wp-content\/uploads\/2022\/07\/diesel-fuel-dispenser-768x670.webp 768w, https:\/\/chintanengineers.in\/wp-content\/uploads\/2022\/07\/diesel-fuel-dispenser-1536x1341.webp 1536w, https:\/\/chintanengineers.in\/wp-content\/uploads\/2022\/07\/diesel-fuel-dispenser-2048x1787.webp 2048w\" sizes=\"auto, (max-width: 1024px) 100vw, 1024px\" \/><figcaption class=\"wp-element-caption\">Dispensador de diesel digital<\/figcaption><\/figure>\n\n\n\n<figure class=\"wp-block-image size-large\"><img loading=\"lazy\" decoding=\"async\" width=\"500\" height=\"500\" data-id=\"48930\" src=\"https:\/\/chintanengineers.in\/wp-content\/uploads\/2025\/10\/My-project-q9s2u9lxww4az5nzzir2r3tiqi4skagbcrels8asug.webp\" alt=\"\" class=\"wp-image-48930\" srcset=\"https:\/\/chintanengineers.in\/wp-content\/uploads\/2025\/10\/My-project-q9s2u9lxww4az5nzzir2r3tiqi4skagbcrels8asug.webp 500w, https:\/\/chintanengineers.in\/wp-content\/uploads\/2025\/10\/My-project-q9s2u9lxww4az5nzzir2r3tiqi4skagbcrels8asug-300x300.webp 300w, https:\/\/chintanengineers.in\/wp-content\/uploads\/2025\/10\/My-project-q9s2u9lxww4az5nzzir2r3tiqi4skagbcrels8asug-150x150.webp 150w\" sizes=\"auto, (max-width: 500px) 100vw, 500px\" \/><\/figure>\n\n\n\n<figure class=\"wp-block-image size-large\"><img loading=\"lazy\" decoding=\"async\" width=\"1024\" height=\"1024\" data-id=\"48924\" src=\"https:\/\/chintanengineers.in\/wp-content\/smush-webp\/2025\/10\/DieselDispenser_HoseReel.png.webp\" alt=\"\" class=\"wp-image-48924\" srcset=\"https:\/\/chintanengineers.in\/wp-content\/smush-webp\/2025\/10\/DieselDispenser_HoseReel.png.webp 1024w, https:\/\/chintanengineers.in\/wp-content\/smush-webp\/2025\/10\/DieselDispenser_HoseReel-300x300.png.webp 300w, https:\/\/chintanengineers.in\/wp-content\/smush-webp\/2025\/10\/DieselDispenser_HoseReel-150x150.png.webp 150w, https:\/\/chintanengineers.in\/wp-content\/smush-webp\/2025\/10\/DieselDispenser_HoseReel-768x768.png.webp 768w\" sizes=\"auto, (max-width: 1024px) 100vw, 1024px\" \/><\/figure>\n\n\n\n<figure class=\"wp-block-image size-large\"><img loading=\"lazy\" decoding=\"async\" width=\"1024\" height=\"790\" data-id=\"66\" src=\"https:\/\/chintanengineers.in\/wp-content\/uploads\/2017\/08\/preset-dispenser-new-model-1-1024x790.webp\" alt=\"\" class=\"wp-image-66\" srcset=\"https:\/\/chintanengineers.in\/wp-content\/smush-webp\/2017\/08\/preset-dispenser-new-model-1.jpg.webp 1024w, https:\/\/chintanengineers.in\/wp-content\/uploads\/2017\/08\/preset-dispenser-new-model-1-300x231.webp 300w, https:\/\/chintanengineers.in\/wp-content\/uploads\/2017\/08\/preset-dispenser-new-model-1-768x592.webp 768w, https:\/\/chintanengineers.in\/wp-content\/uploads\/2017\/08\/preset-dispenser-new-model-1-1536x1184.webp 1536w\" sizes=\"auto, (max-width: 1024px) 100vw, 1024px\" \/><\/figure>\n\n\n\n<figure class=\"wp-block-image size-large\"><img loading=\"lazy\" decoding=\"async\" width=\"1024\" height=\"1024\" data-id=\"3096\" src=\"https:\/\/chintanengineers.in\/wp-content\/uploads\/2022\/07\/fuel-dispenser-with-printer-1024x1024.webp\" alt=\"Fuel Dispensers for Various Applications\" class=\"wp-image-3096\" srcset=\"https:\/\/chintanengineers.in\/wp-content\/uploads\/2022\/07\/fuel-dispenser-with-printer-1024x1024.webp 1024w, https:\/\/chintanengineers.in\/wp-content\/uploads\/2022\/07\/fuel-dispenser-with-printer-300x300.webp 300w, https:\/\/chintanengineers.in\/wp-content\/uploads\/2022\/07\/fuel-dispenser-with-printer-150x150.webp 150w, https:\/\/chintanengineers.in\/wp-content\/uploads\/2022\/07\/fuel-dispenser-with-printer-768x768.webp 768w, https:\/\/chintanengineers.in\/wp-content\/uploads\/2022\/07\/fuel-dispenser-with-printer-1536x1536.webp 1536w, https:\/\/chintanengineers.in\/wp-content\/uploads\/2022\/07\/fuel-dispenser-with-printer-2048x2048.webp 2048w\" sizes=\"auto, (max-width: 1024px) 100vw, 1024px\" \/><figcaption class=\"wp-element-caption\">Dispensadores de combust\u00edvel para diversas aplica\u00e7\u00f5es <\/figcaption><\/figure>\n\n\n\n<figure class=\"wp-block-image size-large\"><img loading=\"lazy\" decoding=\"async\" width=\"600\" height=\"600\" data-id=\"85\" src=\"https:\/\/chintanengineers.in\/wp-content\/smush-webp\/2017\/08\/3-e1501716144677.jpg.webp\" alt=\"Oil Flow Meters\" class=\"wp-image-85\" srcset=\"https:\/\/chintanengineers.in\/wp-content\/smush-webp\/2017\/08\/3-e1501716144677.jpg.webp 600w, https:\/\/chintanengineers.in\/wp-content\/smush-webp\/2017\/08\/3-e1501716144677-150x150.jpg.webp 150w, https:\/\/chintanengineers.in\/wp-content\/smush-webp\/2017\/08\/3-e1501716144677-300x300.jpg.webp 300w, https:\/\/chintanengineers.in\/wp-content\/smush-webp\/2017\/08\/3-e1501716144677-75x75.jpg.webp 75w, https:\/\/chintanengineers.in\/wp-content\/smush-webp\/2017\/08\/3-e1501716144677-400x400.jpg.webp 400w, https:\/\/chintanengineers.in\/wp-content\/smush-webp\/2017\/08\/3-e1501716144677-90x90.jpg.webp 90w\" sizes=\"auto, (max-width: 600px) 100vw, 600px\" \/><figcaption class=\"wp-element-caption\">Medidores de vaz\u00e3o de \u00f3leo<\/figcaption><\/figure>\n\n\n\n<figure class=\"wp-block-image size-large\"><img loading=\"lazy\" decoding=\"async\" width=\"600\" height=\"600\" data-id=\"88\" src=\"https:\/\/chintanengineers.in\/wp-content\/uploads\/2017\/08\/4-e1501716017498.jpg\" alt=\"\" class=\"wp-image-88\" srcset=\"https:\/\/chintanengineers.in\/wp-content\/uploads\/2017\/08\/4-e1501716017498.jpg 600w, https:\/\/chintanengineers.in\/wp-content\/uploads\/2017\/08\/4-e1501716017498-300x300.webp 300w, https:\/\/chintanengineers.in\/wp-content\/uploads\/2017\/08\/4-e1501716017498-150x150.webp 150w\" sizes=\"auto, (max-width: 600px) 100vw, 600px\" \/><\/figure>\n\n\n\n<figure class=\"wp-block-image size-large\"><img loading=\"lazy\" decoding=\"async\" width=\"600\" height=\"600\" data-id=\"87\" src=\"https:\/\/chintanengineers.in\/wp-content\/uploads\/2017\/08\/2-e1501716069607.jpg\" alt=\"\" class=\"wp-image-87\" srcset=\"https:\/\/chintanengineers.in\/wp-content\/uploads\/2017\/08\/2-e1501716069607.jpg 600w, https:\/\/chintanengineers.in\/wp-content\/uploads\/2017\/08\/2-e1501716069607-300x300.webp 300w, https:\/\/chintanengineers.in\/wp-content\/uploads\/2017\/08\/2-e1501716069607-150x150.webp 150w\" sizes=\"auto, (max-width: 600px) 100vw, 600px\" \/><\/figure>\n\n\n\n<figure class=\"wp-block-image size-large\"><img loading=\"lazy\" decoding=\"async\" width=\"500\" height=\"500\" data-id=\"48933\" src=\"https:\/\/chintanengineers.in\/wp-content\/uploads\/2025\/10\/liquid-batching-systems-500x500-1.webp\" alt=\"\" class=\"wp-image-48933\" srcset=\"https:\/\/chintanengineers.in\/wp-content\/uploads\/2025\/10\/liquid-batching-systems-500x500-1.webp 500w, https:\/\/chintanengineers.in\/wp-content\/uploads\/2025\/10\/liquid-batching-systems-500x500-1-300x300.webp 300w, https:\/\/chintanengineers.in\/wp-content\/uploads\/2025\/10\/liquid-batching-systems-500x500-1-150x150.webp 150w\" sizes=\"auto, (max-width: 500px) 100vw, 500px\" \/><\/figure>\n\n\n\n<figure class=\"wp-block-image size-large\"><img loading=\"lazy\" decoding=\"async\" width=\"400\" height=\"400\" data-id=\"2182\" src=\"https:\/\/chintanengineers.in\/wp-content\/uploads\/2017\/08\/SS-Pump.jpg\" alt=\"SS Pumps\" class=\"wp-image-2182\" srcset=\"https:\/\/chintanengineers.in\/wp-content\/uploads\/2017\/08\/SS-Pump.jpg 400w, https:\/\/chintanengineers.in\/wp-content\/uploads\/2017\/08\/SS-Pump-300x300.webp 300w, https:\/\/chintanengineers.in\/wp-content\/uploads\/2017\/08\/SS-Pump-150x150.webp 150w\" sizes=\"auto, (max-width: 400px) 100vw, 400px\" \/><figcaption class=\"wp-element-caption\">Bombas SS<br><\/figcaption><\/figure>\n<\/figure>\n<\/div>\n\n\n\n<section class=\"gbp-section gb-element-257b18c8\">\n<div class=\"gb-element-06396e6b\">\n<div class=\"gb-element-17308c73\">\n<img loading=\"lazy\" decoding=\"async\" width=\"640\" height=\"350\" class=\"gb-media-7a9b84aa\" alt=\"\" src=\"https:\/\/chintanengineers.in\/wp-content\/uploads\/2016\/02\/about3.jpg\" title=\"cerca de 3\" srcset=\"https:\/\/chintanengineers.in\/wp-content\/uploads\/2016\/02\/about3.jpg 640w, https:\/\/chintanengineers.in\/wp-content\/uploads\/2016\/02\/about3-300x164.webp 300w\" sizes=\"auto, (max-width: 640px) 100vw, 640px\" \/>\n<\/div>\n\n\n\n<div class=\"gb-element-f5183e87\">\n<h2 class=\"gb-text\">Procura uma configura\u00e7\u00e3o personalizada ou um modelo espec\u00edfico?<\/h2>\n\n\n\n<p class=\"gb-text\">Nossa equipe t\u00e9cnica est\u00e1 pronta para orient\u00e1-lo na escolha do dispensador de combust\u00edvel, medidor ou bomba ideal para suas necessidades.<br><\/p>\n\n\n\n<a class=\"gb-text gbp-button--primary gb-text-63de67df\" href=\"https:\/\/chintanengineers.in\/pt\/contact-us\/\">Solicite um or\u00e7amento<\/a>\n<\/div>\n<\/div>\n<\/section>","protected":false},"excerpt":{"rendered":"<p>\ud83d\udd27 Engenharia de Precis\u00e3o em Cada Produto Explore nossa cole\u00e7\u00e3o de sistemas de alto desempenho para manuseio de combust\u00edvel e medi\u00e7\u00e3o de vaz\u00e3o \u2014 projetados para durabilidade, precis\u00e3o e confiabilidade industrial. Cada imagem reflete a inova\u00e7\u00e3o, a qualidade de fabrica\u00e7\u00e3o e a aten\u00e7\u00e3o aos detalhes que definem a Chintan Engineers e nossas marcas do grupo. Procurando por uma configura\u00e7\u00e3o personalizada ou um modelo espec\u00edfico? Nossa equipe t\u00e9cnica\u2026 <a title=\"Galeria\" class=\"read-more\" href=\"https:\/\/chintanengineers.in\/pt\/gallery\/\" aria-label=\"Leia mais sobre Galeria\">Ler mais<\/a><\/p>","protected":false},"author":1,"featured_media":0,"parent":0,"menu_order":0,"comment_status":"closed","ping_status":"closed","template":"","meta":{"_yoast_wpseo_focuskw":"","_yoast_wpseo_title":"","_yoast_wpseo_metadesc":"","_yoast_wpseo_canonical":"","_eb_attr":"","_n8n_st_send_on_update":false,"_yoast_wpseo_keywordsynonyms":"","footnotes":""},"class_list":["post-49016","page","type-page","status-publish"],"yoast_head":"<!-- This site is optimized with the Yoast SEO plugin v27.3 - https:\/\/yoast.com\/product\/yoast-seo-wordpress\/ -->\n<title>Gallery - Chintan Engineers<\/title>\n<meta name=\"robots\" content=\"index, follow, max-snippet:-1, max-image-preview:large, max-video-preview:-1\" \/>\n<link rel=\"canonical\" href=\"https:\/\/chintanengineers.in\/pt\/gallery\/\" \/>\n<meta property=\"og:locale\" content=\"pt_PT\" \/>\n<meta property=\"og:type\" content=\"article\" \/>\n<meta property=\"og:title\" content=\"Gallery - Chintan Engineers\" \/>\n<meta property=\"og:description\" content=\"\ud83d\udd27 Precision Engineering in Every Product Explore our collection of high-performance fuel handling and flow-measurement systems \u2014 built for durability, accuracy, and industrial reliability. Each image reflects the innovation, quality craftsmanship, and attention to detail that define Chintan Engineers and our group brands. Looking for a custom setup or a specific model? Our technical team ... Ler mais\" \/>\n<meta property=\"og:url\" content=\"https:\/\/chintanengineers.in\/pt\/gallery\/\" \/>\n<meta property=\"og:site_name\" content=\"Chintan Engineers\" \/>\n<meta property=\"article:modified_time\" content=\"2025-10-28T00:49:41+00:00\" \/>\n<meta property=\"og:image\" content=\"https:\/\/chintanengineers.in\/wp-content\/uploads\/2025\/10\/4_burned-2-scaled-q9s2u8o3q230njpd50cg6m22549fclcl0mr4ayc70o.webp\" \/>\n<meta name=\"twitter:card\" content=\"summary_large_image\" \/>\n<meta name=\"twitter:label1\" content=\"Tempo estimado de leitura\" \/>\n\t<meta name=\"twitter:data1\" content=\"3 minutos\" \/>\n<script type=\"application\/ld+json\" class=\"yoast-schema-graph\">{\"@context\":\"https:\\\/\\\/schema.org\",\"@graph\":[{\"@type\":\"WebPage\",\"@id\":\"https:\\\/\\\/chintanengineers.in\\\/gallery\\\/\",\"url\":\"https:\\\/\\\/chintanengineers.in\\\/gallery\\\/\",\"name\":\"Gallery - Chintan Engineers\",\"isPartOf\":{\"@id\":\"https:\\\/\\\/chintanengineers.in\\\/#website\"},\"primaryImageOfPage\":{\"@id\":\"https:\\\/\\\/chintanengineers.in\\\/gallery\\\/#primaryimage\"},\"image\":{\"@id\":\"https:\\\/\\\/chintanengineers.in\\\/gallery\\\/#primaryimage\"},\"thumbnailUrl\":\"https:\\\/\\\/chintanengineers.in\\\/wp-content\\\/uploads\\\/2025\\\/10\\\/4_burned-2-scaled-q9s2u8o3q230njpd50cg6m22549fclcl0mr4ayc70o.webp\",\"datePublished\":\"2025-10-28T00:19:43+00:00\",\"dateModified\":\"2025-10-28T00:49:41+00:00\",\"breadcrumb\":{\"@id\":\"https:\\\/\\\/chintanengineers.in\\\/gallery\\\/#breadcrumb\"},\"inLanguage\":\"pt-PT\",\"potentialAction\":[{\"@type\":\"ReadAction\",\"target\":[\"https:\\\/\\\/chintanengineers.in\\\/gallery\\\/\"]}]},{\"@type\":\"ImageObject\",\"inLanguage\":\"pt-PT\",\"@id\":\"https:\\\/\\\/chintanengineers.in\\\/gallery\\\/#primaryimage\",\"url\":\"https:\\\/\\\/chintanengineers.in\\\/wp-content\\\/uploads\\\/2025\\\/10\\\/4_burned-2-scaled-q9s2u8o3q230njpd50cg6m22549fclcl0mr4ayc70o.webp\",\"contentUrl\":\"https:\\\/\\\/chintanengineers.in\\\/wp-content\\\/uploads\\\/2025\\\/10\\\/4_burned-2-scaled-q9s2u8o3q230njpd50cg6m22549fclcl0mr4ayc70o.webp\"},{\"@type\":\"BreadcrumbList\",\"@id\":\"https:\\\/\\\/chintanengineers.in\\\/gallery\\\/#breadcrumb\",\"itemListElement\":[{\"@type\":\"ListItem\",\"position\":1,\"name\":\"Home\",\"item\":\"https:\\\/\\\/chintanengineers.in\\\/\"},{\"@type\":\"ListItem\",\"position\":2,\"name\":\"Gallery\"}]},{\"@type\":\"WebSite\",\"@id\":\"https:\\\/\\\/chintanengineers.in\\\/#website\",\"url\":\"https:\\\/\\\/chintanengineers.in\\\/\",\"name\":\"Chintan Engineers\",\"description\":\"\",\"publisher\":{\"@id\":\"https:\\\/\\\/chintanengineers.in\\\/#organization\"},\"potentialAction\":[{\"@type\":\"SearchAction\",\"target\":{\"@type\":\"EntryPoint\",\"urlTemplate\":\"https:\\\/\\\/chintanengineers.in\\\/?s={search_term_string}\"},\"query-input\":{\"@type\":\"PropertyValueSpecification\",\"valueRequired\":true,\"valueName\":\"search_term_string\"}}],\"inLanguage\":\"pt-PT\"},{\"@type\":\"Organization\",\"@id\":\"https:\\\/\\\/chintanengineers.in\\\/#organization\",\"name\":\"Chintan Engineers\",\"url\":\"https:\\\/\\\/chintanengineers.in\\\/\",\"logo\":{\"@type\":\"ImageObject\",\"inLanguage\":\"pt-PT\",\"@id\":\"https:\\\/\\\/chintanengineers.in\\\/#\\\/schema\\\/logo\\\/image\\\/\",\"url\":\"https:\\\/\\\/chintanengineers.in\\\/wp-content\\\/uploads\\\/2025\\\/10\\\/cropped-Achievers-Chintan-Engineers-Combined-Logo-2-e1760938887596.png\",\"contentUrl\":\"https:\\\/\\\/chintanengineers.in\\\/wp-content\\\/uploads\\\/2025\\\/10\\\/cropped-Achievers-Chintan-Engineers-Combined-Logo-2-e1760938887596.png\",\"width\":337,\"height\":200,\"caption\":\"Chintan Engineers\"},\"image\":{\"@id\":\"https:\\\/\\\/chintanengineers.in\\\/#\\\/schema\\\/logo\\\/image\\\/\"}}]}<\/script>\n<!-- \/ Yoast SEO plugin. -->","yoast_head_json":{"title":"Galeria - Engenheiros Chintan","robots":{"index":"index","follow":"follow","max-snippet":"max-snippet:-1","max-image-preview":"max-image-preview:large","max-video-preview":"max-video-preview:-1"},"canonical":"https:\/\/chintanengineers.in\/pt\/gallery\/","og_locale":"pt_PT","og_type":"article","og_title":"Gallery - Chintan Engineers","og_description":"\ud83d\udd27 Precision Engineering in Every Product Explore our collection of high-performance fuel handling and flow-measurement systems \u2014 built for durability, accuracy, and industrial reliability. Each image reflects the innovation, quality craftsmanship, and attention to detail that define Chintan Engineers and our group brands. Looking for a custom setup or a specific model? Our technical team ... Ler mais","og_url":"https:\/\/chintanengineers.in\/pt\/gallery\/","og_site_name":"Chintan Engineers","article_modified_time":"2025-10-28T00:49:41+00:00","og_image":[{"url":"https:\/\/chintanengineers.in\/wp-content\/uploads\/2025\/10\/4_burned-2-scaled-q9s2u8o3q230njpd50cg6m22549fclcl0mr4ayc70o.webp","type":"","width":"","height":""}],"twitter_card":"summary_large_image","twitter_misc":{"Tempo estimado de leitura":"3 minutos"},"schema":{"@context":"https:\/\/schema.org","@graph":[{"@type":"WebPage","@id":"https:\/\/chintanengineers.in\/gallery\/","url":"https:\/\/chintanengineers.in\/gallery\/","name":"Galeria - Engenheiros Chintan","isPartOf":{"@id":"https:\/\/chintanengineers.in\/#website"},"primaryImageOfPage":{"@id":"https:\/\/chintanengineers.in\/gallery\/#primaryimage"},"image":{"@id":"https:\/\/chintanengineers.in\/gallery\/#primaryimage"},"thumbnailUrl":"https:\/\/chintanengineers.in\/wp-content\/uploads\/2025\/10\/4_burned-2-scaled-q9s2u8o3q230njpd50cg6m22549fclcl0mr4ayc70o.webp","datePublished":"2025-10-28T00:19:43+00:00","dateModified":"2025-10-28T00:49:41+00:00","breadcrumb":{"@id":"https:\/\/chintanengineers.in\/gallery\/#breadcrumb"},"inLanguage":"pt-PT","potentialAction":[{"@type":"ReadAction","target":["https:\/\/chintanengineers.in\/gallery\/"]}]},{"@type":"ImageObject","inLanguage":"pt-PT","@id":"https:\/\/chintanengineers.in\/gallery\/#primaryimage","url":"https:\/\/chintanengineers.in\/wp-content\/uploads\/2025\/10\/4_burned-2-scaled-q9s2u8o3q230njpd50cg6m22549fclcl0mr4ayc70o.webp","contentUrl":"https:\/\/chintanengineers.in\/wp-content\/uploads\/2025\/10\/4_burned-2-scaled-q9s2u8o3q230njpd50cg6m22549fclcl0mr4ayc70o.webp"},{"@type":"BreadcrumbList","@id":"https:\/\/chintanengineers.in\/gallery\/#breadcrumb","itemListElement":[{"@type":"ListItem","position":1,"name":"Home","item":"https:\/\/chintanengineers.in\/"},{"@type":"ListItem","position":2,"name":"Gallery"}]},{"@type":"WebSite","@id":"https:\/\/chintanengineers.in\/#website","url":"https:\/\/chintanengineers.in\/","name":"Engenheiros Chintan","description":"","publisher":{"@id":"https:\/\/chintanengineers.in\/#organization"},"potentialAction":[{"@type":"SearchAction","target":{"@type":"EntryPoint","urlTemplate":"https:\/\/chintanengineers.in\/?s={search_term_string}"},"query-input":{"@type":"PropertyValueSpecification","valueRequired":true,"valueName":"search_term_string"}}],"inLanguage":"pt-PT"},{"@type":"Organization","@id":"https:\/\/chintanengineers.in\/#organization","name":"Engenheiros Chintan","url":"https:\/\/chintanengineers.in\/","logo":{"@type":"ImageObject","inLanguage":"pt-PT","@id":"https:\/\/chintanengineers.in\/#\/schema\/logo\/image\/","url":"https:\/\/chintanengineers.in\/wp-content\/uploads\/2025\/10\/cropped-Achievers-Chintan-Engineers-Combined-Logo-2-e1760938887596.png","contentUrl":"https:\/\/chintanengineers.in\/wp-content\/uploads\/2025\/10\/cropped-Achievers-Chintan-Engineers-Combined-Logo-2-e1760938887596.png","width":337,"height":200,"caption":"Chintan Engineers"},"image":{"@id":"https:\/\/chintanengineers.in\/#\/schema\/logo\/image\/"}}]}},"_links":{"self":[{"href":"https:\/\/chintanengineers.in\/pt\/wp-json\/wp\/v2\/pages\/49016","targetHints":{"allow":["GET"]}}],"collection":[{"href":"https:\/\/chintanengineers.in\/pt\/wp-json\/wp\/v2\/pages"}],"about":[{"href":"https:\/\/chintanengineers.in\/pt\/wp-json\/wp\/v2\/types\/page"}],"author":[{"embeddable":true,"href":"https:\/\/chintanengineers.in\/pt\/wp-json\/wp\/v2\/users\/1"}],"replies":[{"embeddable":true,"href":"https:\/\/chintanengineers.in\/pt\/wp-json\/wp\/v2\/comments?post=49016"}],"version-history":[{"count":4,"href":"https:\/\/chintanengineers.in\/pt\/wp-json\/wp\/v2\/pages\/49016\/revisions"}],"predecessor-version":[{"id":49038,"href":"https:\/\/chintanengineers.in\/pt\/wp-json\/wp\/v2\/pages\/49016\/revisions\/49038"}],"wp:attachment":[{"href":"https:\/\/chintanengineers.in\/pt\/wp-json\/wp\/v2\/media?parent=49016"}],"curies":[{"name":"wp","href":"https:\/\/api.w.org\/{rel}","templated":true}]}}