{"id":34,"date":"2017-07-31T02:38:27","date_gmt":"2017-07-31T02:38:27","guid":{"rendered":"http:\/\/achieverspumpsandvalves.com\/?page_id=34"},"modified":"2024-05-02T13:48:10","modified_gmt":"2024-05-02T13:48:10","slug":"about-us-achievers-flow-meters-and-fuel-dispensers","status":"publish","type":"page","link":"https:\/\/chintanengineers.in\/pt\/about-us-achievers-flow-meters-and-fuel-dispensers\/","title":{"rendered":"Nossa vis\u00e3o"},"content":{"rendered":"<p style=\"text-align: left;\">Conhecida por fabricar, distribuir, vender por atacado e comercializar uma ampla gama de medidores de vaz\u00e3o e bombas da melhor qualidade, a Chintan Engineers foi fundada em 2012. Para a fabrica\u00e7\u00e3o de bombas e medidores de vaz\u00e3o, nossos profissionais utilizam materiais da mais alta qualidade.<\/p>\n<p style=\"text-align: left;\">Desde a funda\u00e7\u00e3o da nossa empresa, contamos com o apoio de uma equipe de profissionais qualificados. Eles recebem treinamento peri\u00f3dico para aprimorar e aperfei\u00e7oar suas habilidades da maneira mais eficiente poss\u00edvel. Nossa equipe \u00e9 cuidadosamente selecionada pela nossa gest\u00e3o ap\u00f3s uma avalia\u00e7\u00e3o completa de suas habilidades, conhecimentos e experi\u00eancia. Eles possuem expertise em suas respectivas \u00e1reas de atua\u00e7\u00e3o e trabalham em estreita colabora\u00e7\u00e3o para garantir um ambiente de trabalho harmonioso.<\/p>\n<div class=\"fnt8 ta hs5 txt3\" style=\"text-align: left;\">\n<p>Fundado por, , <b>Dharmishthaben Patel,<\/b>\u00a0Conseguimos atender a uma vasta clientela em todo o mercado interno da \u00cdndia. Gra\u00e7as \u00e0s suas excelentes habilidades de gest\u00e3o, conquistamos a confian\u00e7a de nossos valiosos clientes da maneira mais eficaz.<\/p>\n<\/div>\n<div class=\"cl\" style=\"text-align: left;\"><\/div>","protected":false},"excerpt":{"rendered":"<p>Conhecida por fabricar, distribuir, vender por atacado e comercializar uma ampla gama de medidores de vaz\u00e3o e bombas da melhor qualidade, a Chintan Engineers foi fundada em 2012. Para a fabrica\u00e7\u00e3o de bombas e medidores de vaz\u00e3o, nossos profissionais utilizam materiais da mais alta qualidade. Desde a funda\u00e7\u00e3o da nossa empresa, temos sido apoiados por\u2026 <a title=\"Nossa vis\u00e3o\" class=\"read-more\" href=\"https:\/\/chintanengineers.in\/pt\/about-us-achievers-flow-meters-and-fuel-dispensers\/\" aria-label=\"Leia mais sobre Nossa Vis\u00e3o\">Ler mais<\/a><\/p>","protected":false},"author":1,"featured_media":2366,"parent":0,"menu_order":0,"comment_status":"closed","ping_status":"closed","template":"","meta":{"_yoast_wpseo_focuskw":"","_yoast_wpseo_title":"","_yoast_wpseo_metadesc":"","_yoast_wpseo_canonical":"","_eb_attr":"","_n8n_st_send_on_update":false,"_yoast_wpseo_keywordsynonyms":"","footnotes":""},"class_list":["post-34","page","type-page","status-publish","has-post-thumbnail"],"yoast_head":"<!-- This site is optimized with the Yoast SEO plugin v27.3 - https:\/\/yoast.com\/product\/yoast-seo-wordpress\/ -->\n<title>Our Vision - Chintan Engineers<\/title>\n<meta name=\"robots\" content=\"index, follow, max-snippet:-1, max-image-preview:large, max-video-preview:-1\" \/>\n<link rel=\"canonical\" href=\"https:\/\/chintanengineers.in\/pt\/about-us-achievers-flow-meters-and-fuel-dispensers\/\" \/>\n<meta property=\"og:locale\" content=\"pt_PT\" \/>\n<meta property=\"og:type\" content=\"article\" \/>\n<meta property=\"og:title\" content=\"Our Vision - Chintan Engineers\" \/>\n<meta property=\"og:description\" content=\"Known for manufacturing, distributing, wholesaling and trading a wide range of best quality Flow Meter and Pumps, Chintan Engineers was set up in the year 2012. For manufacturing of the pumps and flow meters, the optimum quality materials are used by our professionals. Since the inception of our company, we have been able backed by ... Ler mais\" \/>\n<meta property=\"og:url\" content=\"https:\/\/chintanengineers.in\/pt\/about-us-achievers-flow-meters-and-fuel-dispensers\/\" \/>\n<meta property=\"og:site_name\" content=\"Chintan Engineers\" \/>\n<meta property=\"article:modified_time\" content=\"2024-05-02T13:48:10+00:00\" \/>\n<meta property=\"og:image\" content=\"https:\/\/chintanengineers.in\/wp-content\/uploads\/2018\/04\/ppl-flowmeasurement-minihero-mmi-subcategory1.png\" \/>\n\t<meta property=\"og:image:width\" content=\"1024\" \/>\n\t<meta property=\"og:image:height\" content=\"410\" \/>\n\t<meta property=\"og:image:type\" content=\"image\/png\" \/>\n<meta name=\"twitter:card\" content=\"summary_large_image\" \/>\n<meta name=\"twitter:label1\" content=\"Tempo estimado de leitura\" \/>\n\t<meta name=\"twitter:data1\" content=\"1 minuto\" \/>\n<script type=\"application\/ld+json\" class=\"yoast-schema-graph\">{\"@context\":\"https:\\\/\\\/schema.org\",\"@graph\":[{\"@type\":\"WebPage\",\"@id\":\"https:\\\/\\\/chintanengineers.in\\\/about-us-achievers-flow-meters-and-fuel-dispensers\\\/\",\"url\":\"https:\\\/\\\/chintanengineers.in\\\/about-us-achievers-flow-meters-and-fuel-dispensers\\\/\",\"name\":\"Our Vision - Chintan Engineers\",\"isPartOf\":{\"@id\":\"https:\\\/\\\/chintanengineers.in\\\/#website\"},\"primaryImageOfPage\":{\"@id\":\"https:\\\/\\\/chintanengineers.in\\\/about-us-achievers-flow-meters-and-fuel-dispensers\\\/#primaryimage\"},\"image\":{\"@id\":\"https:\\\/\\\/chintanengineers.in\\\/about-us-achievers-flow-meters-and-fuel-dispensers\\\/#primaryimage\"},\"thumbnailUrl\":\"https:\\\/\\\/chintanengineers.in\\\/wp-content\\\/uploads\\\/2018\\\/04\\\/ppl-flowmeasurement-minihero-mmi-subcategory1.jpg\",\"datePublished\":\"2017-07-31T02:38:27+00:00\",\"dateModified\":\"2024-05-02T13:48:10+00:00\",\"breadcrumb\":{\"@id\":\"https:\\\/\\\/chintanengineers.in\\\/about-us-achievers-flow-meters-and-fuel-dispensers\\\/#breadcrumb\"},\"inLanguage\":\"pt-PT\",\"potentialAction\":[{\"@type\":\"ReadAction\",\"target\":[\"https:\\\/\\\/chintanengineers.in\\\/about-us-achievers-flow-meters-and-fuel-dispensers\\\/\"]}]},{\"@type\":\"ImageObject\",\"inLanguage\":\"pt-PT\",\"@id\":\"https:\\\/\\\/chintanengineers.in\\\/about-us-achievers-flow-meters-and-fuel-dispensers\\\/#primaryimage\",\"url\":\"https:\\\/\\\/chintanengineers.in\\\/wp-content\\\/uploads\\\/2018\\\/04\\\/ppl-flowmeasurement-minihero-mmi-subcategory1.jpg\",\"contentUrl\":\"https:\\\/\\\/chintanengineers.in\\\/wp-content\\\/uploads\\\/2018\\\/04\\\/ppl-flowmeasurement-minihero-mmi-subcategory1.jpg\",\"width\":1024,\"height\":410},{\"@type\":\"BreadcrumbList\",\"@id\":\"https:\\\/\\\/chintanengineers.in\\\/about-us-achievers-flow-meters-and-fuel-dispensers\\\/#breadcrumb\",\"itemListElement\":[{\"@type\":\"ListItem\",\"position\":1,\"name\":\"Home\",\"item\":\"https:\\\/\\\/chintanengineers.in\\\/\"},{\"@type\":\"ListItem\",\"position\":2,\"name\":\"Our Vision\"}]},{\"@type\":\"WebSite\",\"@id\":\"https:\\\/\\\/chintanengineers.in\\\/#website\",\"url\":\"https:\\\/\\\/chintanengineers.in\\\/\",\"name\":\"Chintan Engineers\",\"description\":\"\",\"publisher\":{\"@id\":\"https:\\\/\\\/chintanengineers.in\\\/#organization\"},\"potentialAction\":[{\"@type\":\"SearchAction\",\"target\":{\"@type\":\"EntryPoint\",\"urlTemplate\":\"https:\\\/\\\/chintanengineers.in\\\/?s={search_term_string}\"},\"query-input\":{\"@type\":\"PropertyValueSpecification\",\"valueRequired\":true,\"valueName\":\"search_term_string\"}}],\"inLanguage\":\"pt-PT\"},{\"@type\":\"Organization\",\"@id\":\"https:\\\/\\\/chintanengineers.in\\\/#organization\",\"name\":\"Chintan Engineers\",\"url\":\"https:\\\/\\\/chintanengineers.in\\\/\",\"logo\":{\"@type\":\"ImageObject\",\"inLanguage\":\"pt-PT\",\"@id\":\"https:\\\/\\\/chintanengineers.in\\\/#\\\/schema\\\/logo\\\/image\\\/\",\"url\":\"https:\\\/\\\/chintanengineers.in\\\/wp-content\\\/uploads\\\/2025\\\/10\\\/cropped-Achievers-Chintan-Engineers-Combined-Logo-2-e1760938887596.png\",\"contentUrl\":\"https:\\\/\\\/chintanengineers.in\\\/wp-content\\\/uploads\\\/2025\\\/10\\\/cropped-Achievers-Chintan-Engineers-Combined-Logo-2-e1760938887596.png\",\"width\":337,\"height\":200,\"caption\":\"Chintan Engineers\"},\"image\":{\"@id\":\"https:\\\/\\\/chintanengineers.in\\\/#\\\/schema\\\/logo\\\/image\\\/\"}}]}<\/script>\n<!-- \/ Yoast SEO plugin. -->","yoast_head_json":{"title":"Nossa Vis\u00e3o - Engenheiros Chintan","robots":{"index":"index","follow":"follow","max-snippet":"max-snippet:-1","max-image-preview":"max-image-preview:large","max-video-preview":"max-video-preview:-1"},"canonical":"https:\/\/chintanengineers.in\/pt\/about-us-achievers-flow-meters-and-fuel-dispensers\/","og_locale":"pt_PT","og_type":"article","og_title":"Our Vision - Chintan Engineers","og_description":"Known for manufacturing, distributing, wholesaling and trading a wide range of best quality Flow Meter and Pumps, Chintan Engineers was set up in the year 2012. For manufacturing of the pumps and flow meters, the optimum quality materials are used by our professionals. Since the inception of our company, we have been able backed by ... Ler mais","og_url":"https:\/\/chintanengineers.in\/pt\/about-us-achievers-flow-meters-and-fuel-dispensers\/","og_site_name":"Chintan Engineers","article_modified_time":"2024-05-02T13:48:10+00:00","og_image":[{"width":1024,"height":410,"url":"https:\/\/chintanengineers.in\/wp-content\/uploads\/2018\/04\/ppl-flowmeasurement-minihero-mmi-subcategory1.png","type":"image\/png"}],"twitter_card":"summary_large_image","twitter_misc":{"Tempo estimado de leitura":"1 minuto"},"schema":{"@context":"https:\/\/schema.org","@graph":[{"@type":"WebPage","@id":"https:\/\/chintanengineers.in\/about-us-achievers-flow-meters-and-fuel-dispensers\/","url":"https:\/\/chintanengineers.in\/about-us-achievers-flow-meters-and-fuel-dispensers\/","name":"Nossa Vis\u00e3o - Engenheiros Chintan","isPartOf":{"@id":"https:\/\/chintanengineers.in\/#website"},"primaryImageOfPage":{"@id":"https:\/\/chintanengineers.in\/about-us-achievers-flow-meters-and-fuel-dispensers\/#primaryimage"},"image":{"@id":"https:\/\/chintanengineers.in\/about-us-achievers-flow-meters-and-fuel-dispensers\/#primaryimage"},"thumbnailUrl":"https:\/\/chintanengineers.in\/wp-content\/uploads\/2018\/04\/ppl-flowmeasurement-minihero-mmi-subcategory1.jpg","datePublished":"2017-07-31T02:38:27+00:00","dateModified":"2024-05-02T13:48:10+00:00","breadcrumb":{"@id":"https:\/\/chintanengineers.in\/about-us-achievers-flow-meters-and-fuel-dispensers\/#breadcrumb"},"inLanguage":"pt-PT","potentialAction":[{"@type":"ReadAction","target":["https:\/\/chintanengineers.in\/about-us-achievers-flow-meters-and-fuel-dispensers\/"]}]},{"@type":"ImageObject","inLanguage":"pt-PT","@id":"https:\/\/chintanengineers.in\/about-us-achievers-flow-meters-and-fuel-dispensers\/#primaryimage","url":"https:\/\/chintanengineers.in\/wp-content\/uploads\/2018\/04\/ppl-flowmeasurement-minihero-mmi-subcategory1.jpg","contentUrl":"https:\/\/chintanengineers.in\/wp-content\/uploads\/2018\/04\/ppl-flowmeasurement-minihero-mmi-subcategory1.jpg","width":1024,"height":410},{"@type":"BreadcrumbList","@id":"https:\/\/chintanengineers.in\/about-us-achievers-flow-meters-and-fuel-dispensers\/#breadcrumb","itemListElement":[{"@type":"ListItem","position":1,"name":"Home","item":"https:\/\/chintanengineers.in\/"},{"@type":"ListItem","position":2,"name":"Our Vision"}]},{"@type":"WebSite","@id":"https:\/\/chintanengineers.in\/#website","url":"https:\/\/chintanengineers.in\/","name":"Engenheiros Chintan","description":"","publisher":{"@id":"https:\/\/chintanengineers.in\/#organization"},"potentialAction":[{"@type":"SearchAction","target":{"@type":"EntryPoint","urlTemplate":"https:\/\/chintanengineers.in\/?s={search_term_string}"},"query-input":{"@type":"PropertyValueSpecification","valueRequired":true,"valueName":"search_term_string"}}],"inLanguage":"pt-PT"},{"@type":"Organization","@id":"https:\/\/chintanengineers.in\/#organization","name":"Engenheiros Chintan","url":"https:\/\/chintanengineers.in\/","logo":{"@type":"ImageObject","inLanguage":"pt-PT","@id":"https:\/\/chintanengineers.in\/#\/schema\/logo\/image\/","url":"https:\/\/chintanengineers.in\/wp-content\/uploads\/2025\/10\/cropped-Achievers-Chintan-Engineers-Combined-Logo-2-e1760938887596.png","contentUrl":"https:\/\/chintanengineers.in\/wp-content\/uploads\/2025\/10\/cropped-Achievers-Chintan-Engineers-Combined-Logo-2-e1760938887596.png","width":337,"height":200,"caption":"Chintan Engineers"},"image":{"@id":"https:\/\/chintanengineers.in\/#\/schema\/logo\/image\/"}}]}},"_links":{"self":[{"href":"https:\/\/chintanengineers.in\/pt\/wp-json\/wp\/v2\/pages\/34","targetHints":{"allow":["GET"]}}],"collection":[{"href":"https:\/\/chintanengineers.in\/pt\/wp-json\/wp\/v2\/pages"}],"about":[{"href":"https:\/\/chintanengineers.in\/pt\/wp-json\/wp\/v2\/types\/page"}],"author":[{"embeddable":true,"href":"https:\/\/chintanengineers.in\/pt\/wp-json\/wp\/v2\/users\/1"}],"replies":[{"embeddable":true,"href":"https:\/\/chintanengineers.in\/pt\/wp-json\/wp\/v2\/comments?post=34"}],"version-history":[{"count":0,"href":"https:\/\/chintanengineers.in\/pt\/wp-json\/wp\/v2\/pages\/34\/revisions"}],"wp:featuredmedia":[{"embeddable":true,"href":"https:\/\/chintanengineers.in\/pt\/wp-json\/wp\/v2\/media\/2366"}],"wp:attachment":[{"href":"https:\/\/chintanengineers.in\/pt\/wp-json\/wp\/v2\/media?parent=34"}],"curies":[{"name":"wp","href":"https:\/\/api.w.org\/{rel}","templated":true}]}}