{"id":17,"date":"2016-02-12T08:09:36","date_gmt":"2016-02-12T08:09:36","guid":{"rendered":"http:\/\/demos.famethemes.com\/onepress\/?page_id=17"},"modified":"2018-04-03T01:50:12","modified_gmt":"2018-04-03T01:50:12","slug":"our-history","status":"publish","type":"page","link":"https:\/\/chintanengineers.in\/pt\/our-history\/","title":{"rendered":"Nossos padr\u00f5es de qualidade"},"content":{"rendered":"<p>A Chintan Engineers \u00e9 uma empresa din\u00e2mica que acompanha o desenvolvimento tecnol\u00f3gico para oferecer solu\u00e7\u00f5es avan\u00e7adas a diversos segmentos industriais, atendendo \u00e0s suas necessidades complexas de equipamentos, como solu\u00e7\u00f5es para bombas industriais, sistemas de dosagem, medidores de vaz\u00e3o industriais, solu\u00e7\u00f5es para transfer\u00eancia de combust\u00edvel e bombas de deslocamento positivo.<\/p>\n<p>Temos orgulho em oferecer nossa linha de produtos de \u00faltima gera\u00e7\u00e3o, como bombas industriais, medidores de vaz\u00e3o, bombas de combust\u00edvel e hidr\u00f4metros.<\/p>\n<p>A Chintan Engineers \u00e9 uma empresa reconhecida como fornecedora completa de equipamentos de engenharia, amplamente utilizados em diversos setores industriais, incluindo: qu\u00edmico, celulose e papel, t\u00eaxtil, tratamento de esgoto, farmac\u00eautico, refino de petr\u00f3leo, produ\u00e7\u00e3o de petr\u00f3leo e g\u00e1s, alimentos e latic\u00ednios, gera\u00e7\u00e3o de energia, etc.<\/p>\n<p>Em termos de marketing, somos uma empresa totalmente equipada e de grande confian\u00e7a, oferecendo medidores de vaz\u00e3o e dispensadores Achievers de todos os tipos, incluindo modelos padr\u00e3o e n\u00e3o padr\u00e3o.<\/p>","protected":false},"excerpt":{"rendered":"<p>Nullam ut tempor eros. Donec faucibus, velit et imperdiet aliquam, lacus velit luctus urna, vitae porttitor orci libero id felis.<\/p>","protected":false},"author":1,"featured_media":1249,"parent":0,"menu_order":0,"comment_status":"closed","ping_status":"closed","template":"","meta":{"_yoast_wpseo_focuskw":"","_yoast_wpseo_title":"","_yoast_wpseo_metadesc":"","_yoast_wpseo_canonical":"","_eb_attr":"","_n8n_st_send_on_update":false,"_yoast_wpseo_keywordsynonyms":"","footnotes":""},"class_list":["post-17","page","type-page","status-publish","has-post-thumbnail"],"yoast_head":"<!-- This site is optimized with the Yoast SEO plugin v27.3 - https:\/\/yoast.com\/product\/yoast-seo-wordpress\/ -->\n<title>Our Quality Standards - Chintan Engineers<\/title>\n<meta name=\"robots\" content=\"index, follow, max-snippet:-1, max-image-preview:large, max-video-preview:-1\" \/>\n<link rel=\"canonical\" href=\"https:\/\/chintanengineers.in\/pt\/our-history\/\" \/>\n<meta property=\"og:locale\" content=\"pt_PT\" \/>\n<meta property=\"og:type\" content=\"article\" \/>\n<meta property=\"og:title\" content=\"Our Quality Standards - Chintan Engineers\" \/>\n<meta property=\"og:description\" content=\"Nullam ut tempor eros. Donec faucibus, velit et imperdiet aliquam, lacus velit luctus urna, vitae porttitor orci libero id felis.\" \/>\n<meta property=\"og:url\" content=\"https:\/\/chintanengineers.in\/pt\/our-history\/\" \/>\n<meta property=\"og:site_name\" content=\"Chintan Engineers\" \/>\n<meta property=\"article:modified_time\" content=\"2018-04-03T01:50:12+00:00\" \/>\n<meta property=\"og:image\" content=\"https:\/\/chintanengineers.in\/wp-content\/uploads\/2016\/10\/pexels-photo-106344.jpeg\" \/>\n\t<meta property=\"og:image:width\" content=\"1024\" \/>\n\t<meta property=\"og:image:height\" content=\"683\" \/>\n\t<meta property=\"og:image:type\" content=\"image\/jpeg\" \/>\n<meta name=\"twitter:card\" content=\"summary_large_image\" \/>\n<meta name=\"twitter:label1\" content=\"Tempo estimado de leitura\" \/>\n\t<meta name=\"twitter:data1\" content=\"1 minuto\" \/>\n<script type=\"application\/ld+json\" class=\"yoast-schema-graph\">{\"@context\":\"https:\\\/\\\/schema.org\",\"@graph\":[{\"@type\":\"WebPage\",\"@id\":\"https:\\\/\\\/chintanengineers.in\\\/our-history\\\/\",\"url\":\"https:\\\/\\\/chintanengineers.in\\\/our-history\\\/\",\"name\":\"Our Quality Standards - Chintan Engineers\",\"isPartOf\":{\"@id\":\"https:\\\/\\\/chintanengineers.in\\\/#website\"},\"primaryImageOfPage\":{\"@id\":\"https:\\\/\\\/chintanengineers.in\\\/our-history\\\/#primaryimage\"},\"image\":{\"@id\":\"https:\\\/\\\/chintanengineers.in\\\/our-history\\\/#primaryimage\"},\"thumbnailUrl\":\"https:\\\/\\\/chintanengineers.in\\\/wp-content\\\/uploads\\\/2016\\\/10\\\/pexels-photo-106344.jpeg\",\"datePublished\":\"2016-02-12T08:09:36+00:00\",\"dateModified\":\"2018-04-03T01:50:12+00:00\",\"breadcrumb\":{\"@id\":\"https:\\\/\\\/chintanengineers.in\\\/our-history\\\/#breadcrumb\"},\"inLanguage\":\"pt-PT\",\"potentialAction\":[{\"@type\":\"ReadAction\",\"target\":[\"https:\\\/\\\/chintanengineers.in\\\/our-history\\\/\"]}]},{\"@type\":\"ImageObject\",\"inLanguage\":\"pt-PT\",\"@id\":\"https:\\\/\\\/chintanengineers.in\\\/our-history\\\/#primaryimage\",\"url\":\"https:\\\/\\\/chintanengineers.in\\\/wp-content\\\/uploads\\\/2016\\\/10\\\/pexels-photo-106344.jpeg\",\"contentUrl\":\"https:\\\/\\\/chintanengineers.in\\\/wp-content\\\/uploads\\\/2016\\\/10\\\/pexels-photo-106344.jpeg\",\"width\":1024,\"height\":683},{\"@type\":\"BreadcrumbList\",\"@id\":\"https:\\\/\\\/chintanengineers.in\\\/our-history\\\/#breadcrumb\",\"itemListElement\":[{\"@type\":\"ListItem\",\"position\":1,\"name\":\"Home\",\"item\":\"https:\\\/\\\/chintanengineers.in\\\/\"},{\"@type\":\"ListItem\",\"position\":2,\"name\":\"Our Quality Standards\"}]},{\"@type\":\"WebSite\",\"@id\":\"https:\\\/\\\/chintanengineers.in\\\/#website\",\"url\":\"https:\\\/\\\/chintanengineers.in\\\/\",\"name\":\"Chintan Engineers\",\"description\":\"\",\"publisher\":{\"@id\":\"https:\\\/\\\/chintanengineers.in\\\/#organization\"},\"potentialAction\":[{\"@type\":\"SearchAction\",\"target\":{\"@type\":\"EntryPoint\",\"urlTemplate\":\"https:\\\/\\\/chintanengineers.in\\\/?s={search_term_string}\"},\"query-input\":{\"@type\":\"PropertyValueSpecification\",\"valueRequired\":true,\"valueName\":\"search_term_string\"}}],\"inLanguage\":\"pt-PT\"},{\"@type\":\"Organization\",\"@id\":\"https:\\\/\\\/chintanengineers.in\\\/#organization\",\"name\":\"Chintan Engineers\",\"url\":\"https:\\\/\\\/chintanengineers.in\\\/\",\"logo\":{\"@type\":\"ImageObject\",\"inLanguage\":\"pt-PT\",\"@id\":\"https:\\\/\\\/chintanengineers.in\\\/#\\\/schema\\\/logo\\\/image\\\/\",\"url\":\"https:\\\/\\\/chintanengineers.in\\\/wp-content\\\/uploads\\\/2025\\\/10\\\/cropped-Achievers-Chintan-Engineers-Combined-Logo-2-e1760938887596.png\",\"contentUrl\":\"https:\\\/\\\/chintanengineers.in\\\/wp-content\\\/uploads\\\/2025\\\/10\\\/cropped-Achievers-Chintan-Engineers-Combined-Logo-2-e1760938887596.png\",\"width\":337,\"height\":200,\"caption\":\"Chintan Engineers\"},\"image\":{\"@id\":\"https:\\\/\\\/chintanengineers.in\\\/#\\\/schema\\\/logo\\\/image\\\/\"}}]}<\/script>\n<!-- \/ Yoast SEO plugin. -->","yoast_head_json":{"title":"Nossos Padr\u00f5es de Qualidade - Chintan Engineers","robots":{"index":"index","follow":"follow","max-snippet":"max-snippet:-1","max-image-preview":"max-image-preview:large","max-video-preview":"max-video-preview:-1"},"canonical":"https:\/\/chintanengineers.in\/pt\/our-history\/","og_locale":"pt_PT","og_type":"article","og_title":"Our Quality Standards - Chintan Engineers","og_description":"Nullam ut tempor eros. Donec faucibus, velit et imperdiet aliquam, lacus velit luctus urna, vitae porttitor orci libero id felis.","og_url":"https:\/\/chintanengineers.in\/pt\/our-history\/","og_site_name":"Chintan Engineers","article_modified_time":"2018-04-03T01:50:12+00:00","og_image":[{"width":1024,"height":683,"url":"https:\/\/chintanengineers.in\/wp-content\/uploads\/2016\/10\/pexels-photo-106344.jpeg","type":"image\/jpeg"}],"twitter_card":"summary_large_image","twitter_misc":{"Tempo estimado de leitura":"1 minuto"},"schema":{"@context":"https:\/\/schema.org","@graph":[{"@type":"WebPage","@id":"https:\/\/chintanengineers.in\/our-history\/","url":"https:\/\/chintanengineers.in\/our-history\/","name":"Nossos Padr\u00f5es de Qualidade - Chintan Engineers","isPartOf":{"@id":"https:\/\/chintanengineers.in\/#website"},"primaryImageOfPage":{"@id":"https:\/\/chintanengineers.in\/our-history\/#primaryimage"},"image":{"@id":"https:\/\/chintanengineers.in\/our-history\/#primaryimage"},"thumbnailUrl":"https:\/\/chintanengineers.in\/wp-content\/uploads\/2016\/10\/pexels-photo-106344.jpeg","datePublished":"2016-02-12T08:09:36+00:00","dateModified":"2018-04-03T01:50:12+00:00","breadcrumb":{"@id":"https:\/\/chintanengineers.in\/our-history\/#breadcrumb"},"inLanguage":"pt-PT","potentialAction":[{"@type":"ReadAction","target":["https:\/\/chintanengineers.in\/our-history\/"]}]},{"@type":"ImageObject","inLanguage":"pt-PT","@id":"https:\/\/chintanengineers.in\/our-history\/#primaryimage","url":"https:\/\/chintanengineers.in\/wp-content\/uploads\/2016\/10\/pexels-photo-106344.jpeg","contentUrl":"https:\/\/chintanengineers.in\/wp-content\/uploads\/2016\/10\/pexels-photo-106344.jpeg","width":1024,"height":683},{"@type":"BreadcrumbList","@id":"https:\/\/chintanengineers.in\/our-history\/#breadcrumb","itemListElement":[{"@type":"ListItem","position":1,"name":"Home","item":"https:\/\/chintanengineers.in\/"},{"@type":"ListItem","position":2,"name":"Our Quality Standards"}]},{"@type":"WebSite","@id":"https:\/\/chintanengineers.in\/#website","url":"https:\/\/chintanengineers.in\/","name":"Engenheiros Chintan","description":"","publisher":{"@id":"https:\/\/chintanengineers.in\/#organization"},"potentialAction":[{"@type":"SearchAction","target":{"@type":"EntryPoint","urlTemplate":"https:\/\/chintanengineers.in\/?s={search_term_string}"},"query-input":{"@type":"PropertyValueSpecification","valueRequired":true,"valueName":"search_term_string"}}],"inLanguage":"pt-PT"},{"@type":"Organization","@id":"https:\/\/chintanengineers.in\/#organization","name":"Engenheiros Chintan","url":"https:\/\/chintanengineers.in\/","logo":{"@type":"ImageObject","inLanguage":"pt-PT","@id":"https:\/\/chintanengineers.in\/#\/schema\/logo\/image\/","url":"https:\/\/chintanengineers.in\/wp-content\/uploads\/2025\/10\/cropped-Achievers-Chintan-Engineers-Combined-Logo-2-e1760938887596.png","contentUrl":"https:\/\/chintanengineers.in\/wp-content\/uploads\/2025\/10\/cropped-Achievers-Chintan-Engineers-Combined-Logo-2-e1760938887596.png","width":337,"height":200,"caption":"Chintan Engineers"},"image":{"@id":"https:\/\/chintanengineers.in\/#\/schema\/logo\/image\/"}}]}},"_links":{"self":[{"href":"https:\/\/chintanengineers.in\/pt\/wp-json\/wp\/v2\/pages\/17","targetHints":{"allow":["GET"]}}],"collection":[{"href":"https:\/\/chintanengineers.in\/pt\/wp-json\/wp\/v2\/pages"}],"about":[{"href":"https:\/\/chintanengineers.in\/pt\/wp-json\/wp\/v2\/types\/page"}],"author":[{"embeddable":true,"href":"https:\/\/chintanengineers.in\/pt\/wp-json\/wp\/v2\/users\/1"}],"replies":[{"embeddable":true,"href":"https:\/\/chintanengineers.in\/pt\/wp-json\/wp\/v2\/comments?post=17"}],"version-history":[{"count":0,"href":"https:\/\/chintanengineers.in\/pt\/wp-json\/wp\/v2\/pages\/17\/revisions"}],"wp:featuredmedia":[{"embeddable":true,"href":"https:\/\/chintanengineers.in\/pt\/wp-json\/wp\/v2\/media\/1249"}],"wp:attachment":[{"href":"https:\/\/chintanengineers.in\/pt\/wp-json\/wp\/v2\/media?parent=17"}],"curies":[{"name":"wp","href":"https:\/\/api.w.org\/{rel}","templated":true}]}}