{"id":34,"date":"2017-07-31T02:38:27","date_gmt":"2017-07-31T02:38:27","guid":{"rendered":"http:\/\/achieverspumpsandvalves.com\/?page_id=34"},"modified":"2024-05-02T13:48:10","modified_gmt":"2024-05-02T13:48:10","slug":"about-us-achievers-flow-meters-and-fuel-dispensers","status":"publish","type":"page","link":"https:\/\/chintanengineers.in\/it\/about-us-achievers-flow-meters-and-fuel-dispensers\/","title":{"rendered":"La nostra visione"},"content":{"rendered":"<p style=\"text-align: left;\">Chintan Engineers \u00e8 stata fondata nel 2012 ed \u00e8 nota per la produzione, distribuzione, vendita all&#039;ingrosso e commercio di un&#039;ampia gamma di misuratori di portata e pompe di altissima qualit\u00e0. Per la produzione di pompe e misuratori di portata, i nostri professionisti utilizzano materiali di qualit\u00e0 ottimale.<\/p>\n<p style=\"text-align: left;\">Fin dalla fondazione della nostra azienda, abbiamo potuto contare sul supporto di un team di professionisti qualificati. I nostri collaboratori vengono formati regolarmente per migliorare e affinare le proprie competenze nel modo pi\u00f9 efficiente. Il nostro team viene accuratamente selezionato dal nostro management dopo aver valutato attentamente le loro competenze, conoscenze ed esperienze. Possiedono competenze specifiche nel loro settore di competenza e lavorano a stretto contatto tra loro per garantire un ambiente di lavoro sereno.<\/p>\n<div class=\"fnt8 ta hs5 txt3\" style=\"text-align: left;\">\n<p>Fondato da , <b>Dharmishthaben Patel,<\/b>\u00a0Siamo riusciti a soddisfare una vasta clientela in tutto il mercato interno indiano. Grazie alle sue eccellenti capacit\u00e0 manageriali, siamo riusciti a conquistare il cuore dei nostri preziosi clienti nel modo pi\u00f9 efficace.<\/p>\n<\/div>\n<div class=\"cl\" style=\"text-align: left;\"><\/div>","protected":false},"excerpt":{"rendered":"<p>Chintan Engineers \u00e8 stata fondata nel 2012 e nota per la produzione, la distribuzione, la vendita all&#039;ingrosso e il commercio di un&#039;ampia gamma di misuratori di portata e pompe di altissima qualit\u00e0. Per la produzione di pompe e misuratori di portata, i nostri professionisti utilizzano materiali di altissima qualit\u00e0. Fin dalla sua fondazione, la nostra azienda pu\u00f2 contare sul supporto di... <a title=\"La nostra visione\" class=\"read-more\" href=\"https:\/\/chintanengineers.in\/it\/about-us-achievers-flow-meters-and-fuel-dispensers\/\" aria-label=\"Per saperne di pi\u00f9 su La nostra visione\">Leggi tutto<\/a><\/p>","protected":false},"author":1,"featured_media":2366,"parent":0,"menu_order":0,"comment_status":"closed","ping_status":"closed","template":"","meta":{"_yoast_wpseo_focuskw":"","_yoast_wpseo_title":"","_yoast_wpseo_metadesc":"","_yoast_wpseo_canonical":"","_eb_attr":"","_n8n_st_send_on_update":false,"_yoast_wpseo_keywordsynonyms":"","footnotes":""},"class_list":["post-34","page","type-page","status-publish","has-post-thumbnail"],"yoast_head":"<!-- This site is optimized with the Yoast SEO plugin v27.3 - https:\/\/yoast.com\/product\/yoast-seo-wordpress\/ -->\n<title>Our Vision - Chintan Engineers<\/title>\n<meta name=\"robots\" content=\"index, follow, max-snippet:-1, max-image-preview:large, max-video-preview:-1\" \/>\n<link rel=\"canonical\" href=\"https:\/\/chintanengineers.in\/it\/about-us-achievers-flow-meters-and-fuel-dispensers\/\" \/>\n<meta property=\"og:locale\" content=\"it_IT\" \/>\n<meta property=\"og:type\" content=\"article\" \/>\n<meta property=\"og:title\" content=\"Our Vision - Chintan Engineers\" \/>\n<meta property=\"og:description\" content=\"Known for manufacturing, distributing, wholesaling and trading a wide range of best quality Flow Meter and Pumps, Chintan Engineers was set up in the year 2012. For manufacturing of the pumps and flow meters, the optimum quality materials are used by our professionals. Since the inception of our company, we have been able backed by ... Leggi tutto\" \/>\n<meta property=\"og:url\" content=\"https:\/\/chintanengineers.in\/it\/about-us-achievers-flow-meters-and-fuel-dispensers\/\" \/>\n<meta property=\"og:site_name\" content=\"Chintan Engineers\" \/>\n<meta property=\"article:modified_time\" content=\"2024-05-02T13:48:10+00:00\" \/>\n<meta property=\"og:image\" content=\"https:\/\/chintanengineers.in\/wp-content\/uploads\/2018\/04\/ppl-flowmeasurement-minihero-mmi-subcategory1.png\" \/>\n\t<meta property=\"og:image:width\" content=\"1024\" \/>\n\t<meta property=\"og:image:height\" content=\"410\" \/>\n\t<meta property=\"og:image:type\" content=\"image\/png\" \/>\n<meta name=\"twitter:card\" content=\"summary_large_image\" \/>\n<meta name=\"twitter:label1\" content=\"Tempo di lettura stimato\" \/>\n\t<meta name=\"twitter:data1\" content=\"1 minuto\" \/>\n<script type=\"application\/ld+json\" class=\"yoast-schema-graph\">{\"@context\":\"https:\\\/\\\/schema.org\",\"@graph\":[{\"@type\":\"WebPage\",\"@id\":\"https:\\\/\\\/chintanengineers.in\\\/about-us-achievers-flow-meters-and-fuel-dispensers\\\/\",\"url\":\"https:\\\/\\\/chintanengineers.in\\\/about-us-achievers-flow-meters-and-fuel-dispensers\\\/\",\"name\":\"Our Vision - Chintan Engineers\",\"isPartOf\":{\"@id\":\"https:\\\/\\\/chintanengineers.in\\\/#website\"},\"primaryImageOfPage\":{\"@id\":\"https:\\\/\\\/chintanengineers.in\\\/about-us-achievers-flow-meters-and-fuel-dispensers\\\/#primaryimage\"},\"image\":{\"@id\":\"https:\\\/\\\/chintanengineers.in\\\/about-us-achievers-flow-meters-and-fuel-dispensers\\\/#primaryimage\"},\"thumbnailUrl\":\"https:\\\/\\\/chintanengineers.in\\\/wp-content\\\/uploads\\\/2018\\\/04\\\/ppl-flowmeasurement-minihero-mmi-subcategory1.jpg\",\"datePublished\":\"2017-07-31T02:38:27+00:00\",\"dateModified\":\"2024-05-02T13:48:10+00:00\",\"breadcrumb\":{\"@id\":\"https:\\\/\\\/chintanengineers.in\\\/about-us-achievers-flow-meters-and-fuel-dispensers\\\/#breadcrumb\"},\"inLanguage\":\"it-IT\",\"potentialAction\":[{\"@type\":\"ReadAction\",\"target\":[\"https:\\\/\\\/chintanengineers.in\\\/about-us-achievers-flow-meters-and-fuel-dispensers\\\/\"]}]},{\"@type\":\"ImageObject\",\"inLanguage\":\"it-IT\",\"@id\":\"https:\\\/\\\/chintanengineers.in\\\/about-us-achievers-flow-meters-and-fuel-dispensers\\\/#primaryimage\",\"url\":\"https:\\\/\\\/chintanengineers.in\\\/wp-content\\\/uploads\\\/2018\\\/04\\\/ppl-flowmeasurement-minihero-mmi-subcategory1.jpg\",\"contentUrl\":\"https:\\\/\\\/chintanengineers.in\\\/wp-content\\\/uploads\\\/2018\\\/04\\\/ppl-flowmeasurement-minihero-mmi-subcategory1.jpg\",\"width\":1024,\"height\":410},{\"@type\":\"BreadcrumbList\",\"@id\":\"https:\\\/\\\/chintanengineers.in\\\/about-us-achievers-flow-meters-and-fuel-dispensers\\\/#breadcrumb\",\"itemListElement\":[{\"@type\":\"ListItem\",\"position\":1,\"name\":\"Home\",\"item\":\"https:\\\/\\\/chintanengineers.in\\\/\"},{\"@type\":\"ListItem\",\"position\":2,\"name\":\"Our Vision\"}]},{\"@type\":\"WebSite\",\"@id\":\"https:\\\/\\\/chintanengineers.in\\\/#website\",\"url\":\"https:\\\/\\\/chintanengineers.in\\\/\",\"name\":\"Chintan Engineers\",\"description\":\"\",\"publisher\":{\"@id\":\"https:\\\/\\\/chintanengineers.in\\\/#organization\"},\"potentialAction\":[{\"@type\":\"SearchAction\",\"target\":{\"@type\":\"EntryPoint\",\"urlTemplate\":\"https:\\\/\\\/chintanengineers.in\\\/?s={search_term_string}\"},\"query-input\":{\"@type\":\"PropertyValueSpecification\",\"valueRequired\":true,\"valueName\":\"search_term_string\"}}],\"inLanguage\":\"it-IT\"},{\"@type\":\"Organization\",\"@id\":\"https:\\\/\\\/chintanengineers.in\\\/#organization\",\"name\":\"Chintan Engineers\",\"url\":\"https:\\\/\\\/chintanengineers.in\\\/\",\"logo\":{\"@type\":\"ImageObject\",\"inLanguage\":\"it-IT\",\"@id\":\"https:\\\/\\\/chintanengineers.in\\\/#\\\/schema\\\/logo\\\/image\\\/\",\"url\":\"https:\\\/\\\/chintanengineers.in\\\/wp-content\\\/uploads\\\/2025\\\/10\\\/cropped-Achievers-Chintan-Engineers-Combined-Logo-2-e1760938887596.png\",\"contentUrl\":\"https:\\\/\\\/chintanengineers.in\\\/wp-content\\\/uploads\\\/2025\\\/10\\\/cropped-Achievers-Chintan-Engineers-Combined-Logo-2-e1760938887596.png\",\"width\":337,\"height\":200,\"caption\":\"Chintan Engineers\"},\"image\":{\"@id\":\"https:\\\/\\\/chintanengineers.in\\\/#\\\/schema\\\/logo\\\/image\\\/\"}}]}<\/script>\n<!-- \/ Yoast SEO plugin. -->","yoast_head_json":{"title":"La nostra visione - Chintan Engineers","robots":{"index":"index","follow":"follow","max-snippet":"max-snippet:-1","max-image-preview":"max-image-preview:large","max-video-preview":"max-video-preview:-1"},"canonical":"https:\/\/chintanengineers.in\/it\/about-us-achievers-flow-meters-and-fuel-dispensers\/","og_locale":"it_IT","og_type":"article","og_title":"Our Vision - Chintan Engineers","og_description":"Known for manufacturing, distributing, wholesaling and trading a wide range of best quality Flow Meter and Pumps, Chintan Engineers was set up in the year 2012. For manufacturing of the pumps and flow meters, the optimum quality materials are used by our professionals. Since the inception of our company, we have been able backed by ... Leggi tutto","og_url":"https:\/\/chintanengineers.in\/it\/about-us-achievers-flow-meters-and-fuel-dispensers\/","og_site_name":"Chintan Engineers","article_modified_time":"2024-05-02T13:48:10+00:00","og_image":[{"width":1024,"height":410,"url":"https:\/\/chintanengineers.in\/wp-content\/uploads\/2018\/04\/ppl-flowmeasurement-minihero-mmi-subcategory1.png","type":"image\/png"}],"twitter_card":"summary_large_image","twitter_misc":{"Tempo di lettura stimato":"1 minuto"},"schema":{"@context":"https:\/\/schema.org","@graph":[{"@type":"WebPage","@id":"https:\/\/chintanengineers.in\/about-us-achievers-flow-meters-and-fuel-dispensers\/","url":"https:\/\/chintanengineers.in\/about-us-achievers-flow-meters-and-fuel-dispensers\/","name":"La nostra visione - Chintan Engineers","isPartOf":{"@id":"https:\/\/chintanengineers.in\/#website"},"primaryImageOfPage":{"@id":"https:\/\/chintanengineers.in\/about-us-achievers-flow-meters-and-fuel-dispensers\/#primaryimage"},"image":{"@id":"https:\/\/chintanengineers.in\/about-us-achievers-flow-meters-and-fuel-dispensers\/#primaryimage"},"thumbnailUrl":"https:\/\/chintanengineers.in\/wp-content\/uploads\/2018\/04\/ppl-flowmeasurement-minihero-mmi-subcategory1.jpg","datePublished":"2017-07-31T02:38:27+00:00","dateModified":"2024-05-02T13:48:10+00:00","breadcrumb":{"@id":"https:\/\/chintanengineers.in\/about-us-achievers-flow-meters-and-fuel-dispensers\/#breadcrumb"},"inLanguage":"it-IT","potentialAction":[{"@type":"ReadAction","target":["https:\/\/chintanengineers.in\/about-us-achievers-flow-meters-and-fuel-dispensers\/"]}]},{"@type":"ImageObject","inLanguage":"it-IT","@id":"https:\/\/chintanengineers.in\/about-us-achievers-flow-meters-and-fuel-dispensers\/#primaryimage","url":"https:\/\/chintanengineers.in\/wp-content\/uploads\/2018\/04\/ppl-flowmeasurement-minihero-mmi-subcategory1.jpg","contentUrl":"https:\/\/chintanengineers.in\/wp-content\/uploads\/2018\/04\/ppl-flowmeasurement-minihero-mmi-subcategory1.jpg","width":1024,"height":410},{"@type":"BreadcrumbList","@id":"https:\/\/chintanengineers.in\/about-us-achievers-flow-meters-and-fuel-dispensers\/#breadcrumb","itemListElement":[{"@type":"ListItem","position":1,"name":"Home","item":"https:\/\/chintanengineers.in\/"},{"@type":"ListItem","position":2,"name":"Our Vision"}]},{"@type":"WebSite","@id":"https:\/\/chintanengineers.in\/#website","url":"https:\/\/chintanengineers.in\/","name":"Ingegneri Chintan","description":"","publisher":{"@id":"https:\/\/chintanengineers.in\/#organization"},"potentialAction":[{"@type":"SearchAction","target":{"@type":"EntryPoint","urlTemplate":"https:\/\/chintanengineers.in\/?s={search_term_string}"},"query-input":{"@type":"PropertyValueSpecification","valueRequired":true,"valueName":"search_term_string"}}],"inLanguage":"it-IT"},{"@type":"Organization","@id":"https:\/\/chintanengineers.in\/#organization","name":"Ingegneri Chintan","url":"https:\/\/chintanengineers.in\/","logo":{"@type":"ImageObject","inLanguage":"it-IT","@id":"https:\/\/chintanengineers.in\/#\/schema\/logo\/image\/","url":"https:\/\/chintanengineers.in\/wp-content\/uploads\/2025\/10\/cropped-Achievers-Chintan-Engineers-Combined-Logo-2-e1760938887596.png","contentUrl":"https:\/\/chintanengineers.in\/wp-content\/uploads\/2025\/10\/cropped-Achievers-Chintan-Engineers-Combined-Logo-2-e1760938887596.png","width":337,"height":200,"caption":"Chintan Engineers"},"image":{"@id":"https:\/\/chintanengineers.in\/#\/schema\/logo\/image\/"}}]}},"_links":{"self":[{"href":"https:\/\/chintanengineers.in\/it\/wp-json\/wp\/v2\/pages\/34","targetHints":{"allow":["GET"]}}],"collection":[{"href":"https:\/\/chintanengineers.in\/it\/wp-json\/wp\/v2\/pages"}],"about":[{"href":"https:\/\/chintanengineers.in\/it\/wp-json\/wp\/v2\/types\/page"}],"author":[{"embeddable":true,"href":"https:\/\/chintanengineers.in\/it\/wp-json\/wp\/v2\/users\/1"}],"replies":[{"embeddable":true,"href":"https:\/\/chintanengineers.in\/it\/wp-json\/wp\/v2\/comments?post=34"}],"version-history":[{"count":0,"href":"https:\/\/chintanengineers.in\/it\/wp-json\/wp\/v2\/pages\/34\/revisions"}],"wp:featuredmedia":[{"embeddable":true,"href":"https:\/\/chintanengineers.in\/it\/wp-json\/wp\/v2\/media\/2366"}],"wp:attachment":[{"href":"https:\/\/chintanengineers.in\/it\/wp-json\/wp\/v2\/media?parent=34"}],"curies":[{"name":"parola chiave","href":"https:\/\/api.w.org\/{rel}","templated":true}]}}