{"id":37,"date":"2017-07-31T02:40:56","date_gmt":"2017-07-31T02:40:56","guid":{"rendered":"http:\/\/achieverspumpsandvalves.com\/?page_id=37"},"modified":"2025-10-20T06:14:43","modified_gmt":"2025-10-20T06:14:43","slug":"products","status":"publish","type":"page","link":"https:\/\/chintanengineers.in\/fr\/products\/","title":{"rendered":"Produits"},"content":{"rendered":"<hr class=\"wp-block-separator has-alpha-channel-opacity\"\/>\n\n\n\n<div>\n<h3 class=\"gb-text gb-text-8a9d3115\">\u2699\ufe0f \u26a1 Pr\u00e9cision. \ud83e\uddf1 Durabilit\u00e9. \ud83d\ude80 Performance.<\/h3>\n\n\n\n<p class=\"gb-text\">Que vous ayez besoin de d\u00e9bitm\u00e8tres diesel, de distributeurs de carburant ou de syst\u00e8mes de pompage complets, nos produits con\u00e7us en interne offrent pr\u00e9cision, durabilit\u00e9 et performance \u00e0 long terme.<\/p>\n<\/div>\n\n\n\n<section class=\"gbp-section gb-element-6f94d2a3\">\n<div class=\"gbp-section__inner gb-element-411aba00\">\n<div><div class=\"gb-looper-f0393b22\">\n<div class=\"gb-loop-item gbpu002du002dbox-shadow gb-loop-item-1ce78b01 gbp--box-shadow post-3132 page type-page status-publish has-post-thumbnail\">\n<div class=\"gb-element-0eb61e4d\">\n<a href=\"https:\/\/chintanengineers.in\/fr\/products\/mobile-fuel-dispenser\/\"><img loading=\"lazy\" decoding=\"async\" width=\"768\" height=\"768\" alt=\"Achievers CE-204 Diesel Dispenser\" data-media-id=\"3093\" class=\"gb-media-97e1a150\" src=\"https:\/\/chintanengineers.in\/wp-content\/uploads\/2022\/07\/diesel-dispenser-768x768.webp\" srcset=\"https:\/\/chintanengineers.in\/wp-content\/uploads\/2022\/07\/diesel-dispenser-768x768.webp 768w, https:\/\/chintanengineers.in\/wp-content\/uploads\/2022\/07\/diesel-dispenser-300x300.webp 300w, https:\/\/chintanengineers.in\/wp-content\/uploads\/2022\/07\/diesel-dispenser-1024x1024.webp 1024w, https:\/\/chintanengineers.in\/wp-content\/uploads\/2022\/07\/diesel-dispenser-150x150.webp 150w, https:\/\/chintanengineers.in\/wp-content\/uploads\/2022\/07\/diesel-dispenser-1536x1536.webp 1536w, https:\/\/chintanengineers.in\/wp-content\/uploads\/2022\/07\/diesel-dispenser-2048x2048.webp 2048w\" sizes=\"auto, (max-width: 768px) 100vw, 768px\" \/><\/a>\n<\/div>\n\n\n\n<div class=\"gbpu002du002dborder-radius gb-element-080af5f6 gbp--border-radius\">\n<h3 class=\"gb-text gb-text-511a3e74\">Distributeur de carburant mobile<\/h3>\n\n\n\n<a class=\"gb-text gbp-buttonu002du002dprimary gbp-button--primary\" href=\"https:\/\/chintanengineers.in\/fr\/products\/mobile-fuel-dispenser\/\">Voir le produit<\/a>\n<\/div>\n<\/div>\n\n<div class=\"gb-loop-item gbpu002du002dbox-shadow gb-loop-item-1ce78b01 gbp--box-shadow post-2306 page type-page status-publish has-post-thumbnail\">\n<div class=\"gb-element-0eb61e4d\">\n<a href=\"https:\/\/chintanengineers.in\/fr\/products\/fuel-flow-meter\/\"><img loading=\"lazy\" decoding=\"async\" width=\"500\" height=\"500\" alt=\"\" data-media-id=\"48931\" class=\"gb-media-97e1a150\" src=\"https:\/\/chintanengineers.in\/wp-content\/uploads\/2025\/10\/132-scaled-q9s2u8o3q230njpd50cg6m22549fclcl0mr4ayc70o.webp\" srcset=\"https:\/\/chintanengineers.in\/wp-content\/uploads\/2025\/10\/132-scaled-q9s2u8o3q230njpd50cg6m22549fclcl0mr4ayc70o.webp 500w, https:\/\/chintanengineers.in\/wp-content\/uploads\/2025\/10\/132-scaled-q9s2u8o3q230njpd50cg6m22549fclcl0mr4ayc70o-300x300.webp 300w, https:\/\/chintanengineers.in\/wp-content\/uploads\/2025\/10\/132-scaled-q9s2u8o3q230njpd50cg6m22549fclcl0mr4ayc70o-150x150.webp 150w\" sizes=\"auto, (max-width: 500px) 100vw, 500px\" \/><\/a>\n<\/div>\n\n\n\n<div class=\"gbpu002du002dborder-radius gb-element-080af5f6 gbp--border-radius\">\n<h3 class=\"gb-text gb-text-511a3e74\">D\u00e9bitm\u00e8tre de carburant<\/h3>\n\n\n\n<a class=\"gb-text gbp-buttonu002du002dprimary gbp-button--primary\" href=\"https:\/\/chintanengineers.in\/fr\/products\/fuel-flow-meter\/\">Voir le produit<\/a>\n<\/div>\n<\/div>\n\n<div class=\"gb-loop-item gbpu002du002dbox-shadow gb-loop-item-1ce78b01 gbp--box-shadow post-2242 page type-page status-publish has-post-thumbnail\">\n<div class=\"gb-element-0eb61e4d\">\n<a href=\"https:\/\/chintanengineers.in\/fr\/products\/pp-pump-manufacturer\/\"><img loading=\"lazy\" decoding=\"async\" width=\"500\" height=\"310\" alt=\"\" data-media-id=\"48972\" class=\"gb-media-97e1a150\" src=\"https:\/\/chintanengineers.in\/wp-content\/uploads\/2025\/10\/pp-pumps-500x500-1.webp\" srcset=\"https:\/\/chintanengineers.in\/wp-content\/uploads\/2025\/10\/pp-pumps-500x500-1.webp 500w, https:\/\/chintanengineers.in\/wp-content\/uploads\/2025\/10\/pp-pumps-500x500-1-300x186.webp 300w\" sizes=\"auto, (max-width: 500px) 100vw, 500px\" \/><\/a>\n<\/div>\n\n\n\n<div class=\"gbpu002du002dborder-radius gb-element-080af5f6 gbp--border-radius\">\n<h3 class=\"gb-text gb-text-511a3e74\">Pompes PP<\/h3>\n\n\n\n<a class=\"gb-text gbp-buttonu002du002dprimary gbp-button--primary\" href=\"https:\/\/chintanengineers.in\/fr\/products\/pp-pump-manufacturer\/\">Voir le produit<\/a>\n<\/div>\n<\/div>\n\n<div class=\"gb-loop-item gbpu002du002dbox-shadow gb-loop-item-1ce78b01 gbp--box-shadow post-2178 page type-page status-publish has-post-thumbnail\">\n<div class=\"gb-element-0eb61e4d\">\n<a href=\"https:\/\/chintanengineers.in\/fr\/products\/stainless-steel-pumps-ss-pump-manufacturers-ahmedabad-gujarat-india\/\"><img loading=\"lazy\" decoding=\"async\" width=\"400\" height=\"400\" alt=\"SS Pumps\" data-media-id=\"2182\" class=\"gb-media-97e1a150\" src=\"https:\/\/chintanengineers.in\/wp-content\/uploads\/2017\/08\/SS-Pump.jpg\" srcset=\"https:\/\/chintanengineers.in\/wp-content\/uploads\/2017\/08\/SS-Pump.jpg 400w, https:\/\/chintanengineers.in\/wp-content\/uploads\/2017\/08\/SS-Pump-300x300.webp 300w, https:\/\/chintanengineers.in\/wp-content\/uploads\/2017\/08\/SS-Pump-150x150.webp 150w\" sizes=\"auto, (max-width: 400px) 100vw, 400px\" \/><\/a>\n<\/div>\n\n\n\n<div class=\"gbpu002du002dborder-radius gb-element-080af5f6 gbp--border-radius\">\n<h3 class=\"gb-text gb-text-511a3e74\">Pompes SS<\/h3>\n\n\n\n<a class=\"gb-text gbp-buttonu002du002dprimary gbp-button--primary\" href=\"https:\/\/chintanengineers.in\/fr\/products\/stainless-steel-pumps-ss-pump-manufacturers-ahmedabad-gujarat-india\/\">Voir le produit<\/a>\n<\/div>\n<\/div>\n\n<div class=\"gb-loop-item gbpu002du002dbox-shadow gb-loop-item-1ce78b01 gbp--box-shadow post-195 page type-page status-publish has-post-thumbnail\">\n<div class=\"gb-element-0eb61e4d\">\n<a href=\"https:\/\/chintanengineers.in\/fr\/products\/liquid-batching-system\/\"><img loading=\"lazy\" decoding=\"async\" width=\"462\" height=\"462\" alt=\"Liquid Batching Systems\" data-media-id=\"186\" class=\"gb-media-97e1a150\" src=\"https:\/\/chintanengineers.in\/wp-content\/smush-webp\/2017\/08\/cut-out-main-e1505151487596.jpg.webp\" srcset=\"https:\/\/chintanengineers.in\/wp-content\/smush-webp\/2017\/08\/cut-out-main-e1505151487596.jpg.webp 462w, https:\/\/chintanengineers.in\/wp-content\/smush-webp\/2017\/08\/cut-out-main-e1505151487596-150x150.jpg.webp 150w, https:\/\/chintanengineers.in\/wp-content\/smush-webp\/2017\/08\/cut-out-main-e1505151487596-300x300.jpg.webp 300w, https:\/\/chintanengineers.in\/wp-content\/smush-webp\/2017\/08\/cut-out-main-e1505151487596-270x270.jpg.webp 270w\" sizes=\"auto, (max-width: 462px) 100vw, 462px\" \/><\/a>\n<\/div>\n\n\n\n<div class=\"gbpu002du002dborder-radius gb-element-080af5f6 gbp--border-radius\">\n<h3 class=\"gb-text gb-text-511a3e74\">Syst\u00e8me de dosage de liquides<\/h3>\n\n\n\n<a class=\"gb-text gbp-buttonu002du002dprimary gbp-button--primary\" href=\"https:\/\/chintanengineers.in\/fr\/products\/liquid-batching-system\/\">Voir le produit<\/a>\n<\/div>\n<\/div>\n\n<div class=\"gb-loop-item gbpu002du002dbox-shadow gb-loop-item-1ce78b01 gbp--box-shadow post-140 page type-page status-publish has-post-thumbnail\">\n<div class=\"gb-element-0eb61e4d\">\n<a href=\"https:\/\/chintanengineers.in\/fr\/products\/oil-flow-meter\/\"><img loading=\"lazy\" decoding=\"async\" width=\"600\" height=\"600\" alt=\"Oil Flow Meters\" data-media-id=\"85\" class=\"gb-media-97e1a150\" src=\"https:\/\/chintanengineers.in\/wp-content\/smush-webp\/2017\/08\/3-e1501716144677.jpg.webp\" srcset=\"https:\/\/chintanengineers.in\/wp-content\/smush-webp\/2017\/08\/3-e1501716144677.jpg.webp 600w, https:\/\/chintanengineers.in\/wp-content\/smush-webp\/2017\/08\/3-e1501716144677-150x150.jpg.webp 150w, https:\/\/chintanengineers.in\/wp-content\/smush-webp\/2017\/08\/3-e1501716144677-300x300.jpg.webp 300w, https:\/\/chintanengineers.in\/wp-content\/smush-webp\/2017\/08\/3-e1501716144677-75x75.jpg.webp 75w, https:\/\/chintanengineers.in\/wp-content\/smush-webp\/2017\/08\/3-e1501716144677-400x400.jpg.webp 400w, https:\/\/chintanengineers.in\/wp-content\/smush-webp\/2017\/08\/3-e1501716144677-90x90.jpg.webp 90w\" sizes=\"auto, (max-width: 600px) 100vw, 600px\" \/><\/a>\n<\/div>\n\n\n\n<div class=\"gbpu002du002dborder-radius gb-element-080af5f6 gbp--border-radius\">\n<h3 class=\"gb-text gb-text-511a3e74\">D\u00e9bitm\u00e8tres d&#039;huile<\/h3>\n\n\n\n<a class=\"gb-text gbp-buttonu002du002dprimary gbp-button--primary\" href=\"https:\/\/chintanengineers.in\/fr\/products\/oil-flow-meter\/\">Voir le produit<\/a>\n<\/div>\n<\/div>\n\n<div class=\"gb-loop-item gbpu002du002dbox-shadow gb-loop-item-1ce78b01 gbp--box-shadow post-84 page type-page status-publish has-post-thumbnail\">\n<div class=\"gb-element-0eb61e4d\">\n<a href=\"https:\/\/chintanengineers.in\/fr\/products\/diesel-flow-meter-manufacturers-gujarat-india-chintan-engineers-diesel-flow-meter-suppliers-ahmedabad-gujarat-india\/\"><img loading=\"lazy\" decoding=\"async\" width=\"600\" height=\"600\" alt=\"\" data-media-id=\"88\" class=\"gb-media-97e1a150\" src=\"https:\/\/chintanengineers.in\/wp-content\/uploads\/2017\/08\/4-e1501716017498.jpg\" srcset=\"https:\/\/chintanengineers.in\/wp-content\/uploads\/2017\/08\/4-e1501716017498.jpg 600w, https:\/\/chintanengineers.in\/wp-content\/uploads\/2017\/08\/4-e1501716017498-300x300.webp 300w, https:\/\/chintanengineers.in\/wp-content\/uploads\/2017\/08\/4-e1501716017498-150x150.webp 150w\" sizes=\"auto, (max-width: 600px) 100vw, 600px\" \/><\/a>\n<\/div>\n\n\n\n<div class=\"gbpu002du002dborder-radius gb-element-080af5f6 gbp--border-radius\">\n<h3 class=\"gb-text gb-text-511a3e74\">D\u00e9bitm\u00e8tre diesel<\/h3>\n\n\n\n<a class=\"gb-text gbp-buttonu002du002dprimary gbp-button--primary\" href=\"https:\/\/chintanengineers.in\/fr\/products\/diesel-flow-meter-manufacturers-gujarat-india-chintan-engineers-diesel-flow-meter-suppliers-ahmedabad-gujarat-india\/\">Voir le produit<\/a>\n<\/div>\n<\/div>\n\n<div class=\"gb-loop-item gbpu002du002dbox-shadow gb-loop-item-1ce78b01 gbp--box-shadow post-48 page type-page status-publish has-post-thumbnail\">\n<div class=\"gb-element-0eb61e4d\">\n<a href=\"https:\/\/chintanengineers.in\/fr\/products\/fuel-dispenser\/\"><img loading=\"lazy\" decoding=\"async\" width=\"500\" height=\"379\" alt=\"fuel dispenser\" data-media-id=\"58\" class=\"gb-media-97e1a150\" src=\"https:\/\/chintanengineers.in\/wp-content\/uploads\/2017\/07\/mobile-fuel-dispenser-500x500.jpg\" srcset=\"https:\/\/chintanengineers.in\/wp-content\/uploads\/2017\/07\/mobile-fuel-dispenser-500x500.jpg 500w, https:\/\/chintanengineers.in\/wp-content\/uploads\/2017\/07\/mobile-fuel-dispenser-500x500-300x227.webp 300w\" sizes=\"auto, (max-width: 500px) 100vw, 500px\" \/><\/a>\n<\/div>\n\n\n\n<div class=\"gbpu002du002dborder-radius gb-element-080af5f6 gbp--border-radius\">\n<h3 class=\"gb-text gb-text-511a3e74\">Distributeur de carburant<\/h3>\n\n\n\n<a class=\"gb-text gbp-buttonu002du002dprimary gbp-button--primary\" href=\"https:\/\/chintanengineers.in\/fr\/products\/fuel-dispenser\/\">Voir le produit<\/a>\n<\/div>\n<\/div>\n\n<div class=\"gb-loop-item gbpu002du002dbox-shadow gb-loop-item-1ce78b01 gbp--box-shadow post-45 page type-page status-publish has-post-thumbnail\">\n<div class=\"gb-element-0eb61e4d\">\n<a href=\"https:\/\/chintanengineers.in\/fr\/products\/diesel-dispenser\/\"><img loading=\"lazy\" decoding=\"async\" width=\"768\" height=\"628\" alt=\"Fuel Dispenser\" data-media-id=\"26\" class=\"gb-media-97e1a150\" src=\"https:\/\/chintanengineers.in\/wp-content\/uploads\/2017\/07\/FOR-UPLOAD-e1501950996287-768x628.webp\" srcset=\"https:\/\/chintanengineers.in\/wp-content\/uploads\/2017\/07\/FOR-UPLOAD-e1501950996287-768x628.webp 768w, https:\/\/chintanengineers.in\/wp-content\/uploads\/2017\/07\/FOR-UPLOAD-e1501950996287-300x245.webp 300w, https:\/\/chintanengineers.in\/wp-content\/uploads\/2017\/07\/FOR-UPLOAD-e1501950996287.jpg 876w\" sizes=\"auto, (max-width: 768px) 100vw, 768px\" \/><\/a>\n<\/div>\n\n\n\n<div class=\"gbpu002du002dborder-radius gb-element-080af5f6 gbp--border-radius\">\n<h3 class=\"gb-text gb-text-511a3e74\">Distributeur de diesel<\/h3>\n\n\n\n<a class=\"gb-text gbp-buttonu002du002dprimary gbp-button--primary\" href=\"https:\/\/chintanengineers.in\/fr\/products\/diesel-dispenser\/\">Voir le produit<\/a>\n<\/div>\n<\/div>\n<\/div><\/div>\n<\/div>\n<\/section>","protected":false},"excerpt":{"rendered":"<p>\u2699\ufe0f \u26a1 Pr\u00e9cision. \ud83e\uddf1 Durabilit\u00e9. \ud83d\ude80 Performance. Que vous ayez besoin de d\u00e9bitm\u00e8tres diesel, de distributeurs de carburant ou de syst\u00e8mes de pompage complets, nos produits con\u00e7us en interne offrent pr\u00e9cision, durabilit\u00e9 et performance \u00e0 long terme.<\/p>","protected":false},"author":1,"featured_media":0,"parent":0,"menu_order":0,"comment_status":"closed","ping_status":"closed","template":"","meta":{"_yoast_wpseo_focuskw":"","_yoast_wpseo_title":"","_yoast_wpseo_metadesc":"","_yoast_wpseo_canonical":"","_eb_attr":"","_n8n_st_send_on_update":false,"_yoast_wpseo_keywordsynonyms":"","footnotes":""},"class_list":["post-37","page","type-page","status-publish"],"yoast_head":"<!-- This site is optimized with the Yoast SEO plugin v27.3 - https:\/\/yoast.com\/product\/yoast-seo-wordpress\/ -->\n<title>Products - Chintan Engineers<\/title>\n<meta name=\"robots\" content=\"index, follow, max-snippet:-1, max-image-preview:large, max-video-preview:-1\" \/>\n<link rel=\"canonical\" href=\"https:\/\/chintanengineers.in\/fr\/products\/\" \/>\n<meta property=\"og:locale\" content=\"fr_FR\" \/>\n<meta property=\"og:type\" content=\"article\" \/>\n<meta property=\"og:title\" content=\"Products - Chintan Engineers\" \/>\n<meta property=\"og:description\" content=\"\u2699\ufe0f \u26a1 Accuracy. \ud83e\uddf1 Durability. \ud83d\ude80 Performance. Whether you need diesel flow meters, fuel dispensers, or complete pumping systems, our in-house engineered products deliver accuracy, durability, and long-term performance.\" \/>\n<meta property=\"og:url\" content=\"https:\/\/chintanengineers.in\/fr\/products\/\" \/>\n<meta property=\"og:site_name\" content=\"Chintan Engineers\" \/>\n<meta property=\"article:modified_time\" content=\"2025-10-20T06:14:43+00:00\" \/>\n<meta name=\"twitter:card\" content=\"summary_large_image\" \/>\n<meta name=\"twitter:label1\" content=\"Dur\u00e9e de lecture estim\u00e9e\" \/>\n\t<meta name=\"twitter:data1\" content=\"1 minute\" \/>\n<script type=\"application\/ld+json\" class=\"yoast-schema-graph\">{\"@context\":\"https:\\\/\\\/schema.org\",\"@graph\":[{\"@type\":\"WebPage\",\"@id\":\"https:\\\/\\\/chintanengineers.in\\\/products\\\/\",\"url\":\"https:\\\/\\\/chintanengineers.in\\\/products\\\/\",\"name\":\"Products - Chintan Engineers\",\"isPartOf\":{\"@id\":\"https:\\\/\\\/chintanengineers.in\\\/#website\"},\"datePublished\":\"2017-07-31T02:40:56+00:00\",\"dateModified\":\"2025-10-20T06:14:43+00:00\",\"breadcrumb\":{\"@id\":\"https:\\\/\\\/chintanengineers.in\\\/products\\\/#breadcrumb\"},\"inLanguage\":\"fr-FR\",\"potentialAction\":[{\"@type\":\"ReadAction\",\"target\":[\"https:\\\/\\\/chintanengineers.in\\\/products\\\/\"]}]},{\"@type\":\"BreadcrumbList\",\"@id\":\"https:\\\/\\\/chintanengineers.in\\\/products\\\/#breadcrumb\",\"itemListElement\":[{\"@type\":\"ListItem\",\"position\":1,\"name\":\"Home\",\"item\":\"https:\\\/\\\/chintanengineers.in\\\/\"},{\"@type\":\"ListItem\",\"position\":2,\"name\":\"Products\"}]},{\"@type\":\"WebSite\",\"@id\":\"https:\\\/\\\/chintanengineers.in\\\/#website\",\"url\":\"https:\\\/\\\/chintanengineers.in\\\/\",\"name\":\"Chintan Engineers\",\"description\":\"\",\"publisher\":{\"@id\":\"https:\\\/\\\/chintanengineers.in\\\/#organization\"},\"potentialAction\":[{\"@type\":\"SearchAction\",\"target\":{\"@type\":\"EntryPoint\",\"urlTemplate\":\"https:\\\/\\\/chintanengineers.in\\\/?s={search_term_string}\"},\"query-input\":{\"@type\":\"PropertyValueSpecification\",\"valueRequired\":true,\"valueName\":\"search_term_string\"}}],\"inLanguage\":\"fr-FR\"},{\"@type\":\"Organization\",\"@id\":\"https:\\\/\\\/chintanengineers.in\\\/#organization\",\"name\":\"Chintan Engineers\",\"url\":\"https:\\\/\\\/chintanengineers.in\\\/\",\"logo\":{\"@type\":\"ImageObject\",\"inLanguage\":\"fr-FR\",\"@id\":\"https:\\\/\\\/chintanengineers.in\\\/#\\\/schema\\\/logo\\\/image\\\/\",\"url\":\"https:\\\/\\\/chintanengineers.in\\\/wp-content\\\/uploads\\\/2025\\\/10\\\/cropped-Achievers-Chintan-Engineers-Combined-Logo-2-e1760938887596.png\",\"contentUrl\":\"https:\\\/\\\/chintanengineers.in\\\/wp-content\\\/uploads\\\/2025\\\/10\\\/cropped-Achievers-Chintan-Engineers-Combined-Logo-2-e1760938887596.png\",\"width\":337,\"height\":200,\"caption\":\"Chintan Engineers\"},\"image\":{\"@id\":\"https:\\\/\\\/chintanengineers.in\\\/#\\\/schema\\\/logo\\\/image\\\/\"}}]}<\/script>\n<!-- \/ Yoast SEO plugin. -->","yoast_head_json":{"title":"Produits - Chintan Engineers","robots":{"index":"index","follow":"follow","max-snippet":"max-snippet:-1","max-image-preview":"max-image-preview:large","max-video-preview":"max-video-preview:-1"},"canonical":"https:\/\/chintanengineers.in\/fr\/products\/","og_locale":"fr_FR","og_type":"article","og_title":"Products - Chintan Engineers","og_description":"\u2699\ufe0f \u26a1 Accuracy. \ud83e\uddf1 Durability. \ud83d\ude80 Performance. Whether you need diesel flow meters, fuel dispensers, or complete pumping systems, our in-house engineered products deliver accuracy, durability, and long-term performance.","og_url":"https:\/\/chintanengineers.in\/fr\/products\/","og_site_name":"Chintan Engineers","article_modified_time":"2025-10-20T06:14:43+00:00","twitter_card":"summary_large_image","twitter_misc":{"Dur\u00e9e de lecture estim\u00e9e":"1 minute"},"schema":{"@context":"https:\/\/schema.org","@graph":[{"@type":"WebPage","@id":"https:\/\/chintanengineers.in\/products\/","url":"https:\/\/chintanengineers.in\/products\/","name":"Produits - Chintan Engineers","isPartOf":{"@id":"https:\/\/chintanengineers.in\/#website"},"datePublished":"2017-07-31T02:40:56+00:00","dateModified":"2025-10-20T06:14:43+00:00","breadcrumb":{"@id":"https:\/\/chintanengineers.in\/products\/#breadcrumb"},"inLanguage":"fr-FR","potentialAction":[{"@type":"ReadAction","target":["https:\/\/chintanengineers.in\/products\/"]}]},{"@type":"BreadcrumbList","@id":"https:\/\/chintanengineers.in\/products\/#breadcrumb","itemListElement":[{"@type":"ListItem","position":1,"name":"Home","item":"https:\/\/chintanengineers.in\/"},{"@type":"ListItem","position":2,"name":"Products"}]},{"@type":"WebSite","@id":"https:\/\/chintanengineers.in\/#website","url":"https:\/\/chintanengineers.in\/","name":"Ing\u00e9nieurs Chintan","description":"","publisher":{"@id":"https:\/\/chintanengineers.in\/#organization"},"potentialAction":[{"@type":"SearchAction","target":{"@type":"EntryPoint","urlTemplate":"https:\/\/chintanengineers.in\/?s={search_term_string}"},"query-input":{"@type":"PropertyValueSpecification","valueRequired":true,"valueName":"search_term_string"}}],"inLanguage":"fr-FR"},{"@type":"Organization","@id":"https:\/\/chintanengineers.in\/#organization","name":"Ing\u00e9nieurs Chintan","url":"https:\/\/chintanengineers.in\/","logo":{"@type":"ImageObject","inLanguage":"fr-FR","@id":"https:\/\/chintanengineers.in\/#\/schema\/logo\/image\/","url":"https:\/\/chintanengineers.in\/wp-content\/uploads\/2025\/10\/cropped-Achievers-Chintan-Engineers-Combined-Logo-2-e1760938887596.png","contentUrl":"https:\/\/chintanengineers.in\/wp-content\/uploads\/2025\/10\/cropped-Achievers-Chintan-Engineers-Combined-Logo-2-e1760938887596.png","width":337,"height":200,"caption":"Chintan Engineers"},"image":{"@id":"https:\/\/chintanengineers.in\/#\/schema\/logo\/image\/"}}]}},"_links":{"self":[{"href":"https:\/\/chintanengineers.in\/fr\/wp-json\/wp\/v2\/pages\/37","targetHints":{"allow":["GET"]}}],"collection":[{"href":"https:\/\/chintanengineers.in\/fr\/wp-json\/wp\/v2\/pages"}],"about":[{"href":"https:\/\/chintanengineers.in\/fr\/wp-json\/wp\/v2\/types\/page"}],"author":[{"embeddable":true,"href":"https:\/\/chintanengineers.in\/fr\/wp-json\/wp\/v2\/users\/1"}],"replies":[{"embeddable":true,"href":"https:\/\/chintanengineers.in\/fr\/wp-json\/wp\/v2\/comments?post=37"}],"version-history":[{"count":8,"href":"https:\/\/chintanengineers.in\/fr\/wp-json\/wp\/v2\/pages\/37\/revisions"}],"predecessor-version":[{"id":48985,"href":"https:\/\/chintanengineers.in\/fr\/wp-json\/wp\/v2\/pages\/37\/revisions\/48985"}],"wp:attachment":[{"href":"https:\/\/chintanengineers.in\/fr\/wp-json\/wp\/v2\/media?parent=37"}],"curies":[{"name":"wp","href":"https:\/\/api.w.org\/{rel}","templated":true}]}}