{"id":34,"date":"2017-07-31T02:38:27","date_gmt":"2017-07-31T02:38:27","guid":{"rendered":"http:\/\/achieverspumpsandvalves.com\/?page_id=34"},"modified":"2024-05-02T13:48:10","modified_gmt":"2024-05-02T13:48:10","slug":"about-us-achievers-flow-meters-and-fuel-dispensers","status":"publish","type":"page","link":"https:\/\/chintanengineers.in\/fr\/about-us-achievers-flow-meters-and-fuel-dispensers\/","title":{"rendered":"Notre vision"},"content":{"rendered":"<p style=\"text-align: left;\">Sp\u00e9cialis\u00e9e dans la fabrication, la distribution, la vente en gros et le commerce d&#039;une large gamme de d\u00e9bitm\u00e8tres et de pompes de haute qualit\u00e9, la soci\u00e9t\u00e9 Chintan Engineers a \u00e9t\u00e9 cr\u00e9\u00e9e en 2012. Nos professionnels utilisent des mat\u00e9riaux de qualit\u00e9 optimale pour la fabrication de ces pompes et d\u00e9bitm\u00e8tres.<\/p>\n<p style=\"text-align: left;\">Depuis la cr\u00e9ation de notre entreprise, nous avons pu compter sur une \u00e9quipe de professionnels qualifi\u00e9s. Ils b\u00e9n\u00e9ficient de formations r\u00e9guli\u00e8res pour perfectionner leurs comp\u00e9tences de mani\u00e8re optimale. Notre \u00e9quipe est rigoureusement s\u00e9lectionn\u00e9e par notre direction apr\u00e8s une \u00e9valuation approfondie de leurs comp\u00e9tences, connaissances et exp\u00e9rience. Experts dans leurs domaines respectifs, ils travaillent en \u00e9troite collaboration pour garantir un environnement de travail harmonieux.<\/p>\n<div class=\"fnt8 ta hs5 txt3\" style=\"text-align: left;\">\n<p>\u00c9tabli par , <b>Dharmishthaben Patel,<\/b>\u00a0Nous avons pu satisfaire une vaste client\u00e8le sur l&#039;ensemble du march\u00e9 indien. Gr\u00e2ce \u00e0 son excellent sens du management, nous avons su gagner la confiance de nos pr\u00e9cieux clients de la mani\u00e8re la plus efficace.<\/p>\n<\/div>\n<div class=\"cl\" style=\"text-align: left;\"><\/div>","protected":false},"excerpt":{"rendered":"<p>Sp\u00e9cialis\u00e9e dans la fabrication, la distribution, la vente en gros et le commerce d&#039;une large gamme de d\u00e9bitm\u00e8tres et de pompes de haute qualit\u00e9, Chintan Engineers a \u00e9t\u00e9 fond\u00e9e en 2012. Nos professionnels utilisent des mat\u00e9riaux de premi\u00e8re qualit\u00e9 pour la fabrication de nos pompes et d\u00e9bitm\u00e8tres. Depuis sa cr\u00e9ation, notre entreprise b\u00e9n\u00e9ficie du soutien de\u2026 <a title=\"Notre vision\" class=\"read-more\" href=\"https:\/\/chintanengineers.in\/fr\/about-us-achievers-flow-meters-and-fuel-dispensers\/\" aria-label=\"En savoir plus sur Notre vision\">Lire plus<\/a><\/p>","protected":false},"author":1,"featured_media":2366,"parent":0,"menu_order":0,"comment_status":"closed","ping_status":"closed","template":"","meta":{"_yoast_wpseo_focuskw":"","_yoast_wpseo_title":"","_yoast_wpseo_metadesc":"","_yoast_wpseo_canonical":"","_eb_attr":"","_n8n_st_send_on_update":false,"_yoast_wpseo_keywordsynonyms":"","footnotes":""},"class_list":["post-34","page","type-page","status-publish","has-post-thumbnail"],"yoast_head":"<!-- This site is optimized with the Yoast SEO plugin v27.3 - https:\/\/yoast.com\/product\/yoast-seo-wordpress\/ -->\n<title>Our Vision - Chintan Engineers<\/title>\n<meta name=\"robots\" content=\"index, follow, max-snippet:-1, max-image-preview:large, max-video-preview:-1\" \/>\n<link rel=\"canonical\" href=\"https:\/\/chintanengineers.in\/fr\/about-us-achievers-flow-meters-and-fuel-dispensers\/\" \/>\n<meta property=\"og:locale\" content=\"fr_FR\" \/>\n<meta property=\"og:type\" content=\"article\" \/>\n<meta property=\"og:title\" content=\"Our Vision - Chintan Engineers\" \/>\n<meta property=\"og:description\" content=\"Known for manufacturing, distributing, wholesaling and trading a wide range of best quality Flow Meter and Pumps, Chintan Engineers was set up in the year 2012. For manufacturing of the pumps and flow meters, the optimum quality materials are used by our professionals. Since the inception of our company, we have been able backed by ... Lire plus\" \/>\n<meta property=\"og:url\" content=\"https:\/\/chintanengineers.in\/fr\/about-us-achievers-flow-meters-and-fuel-dispensers\/\" \/>\n<meta property=\"og:site_name\" content=\"Chintan Engineers\" \/>\n<meta property=\"article:modified_time\" content=\"2024-05-02T13:48:10+00:00\" \/>\n<meta property=\"og:image\" content=\"https:\/\/chintanengineers.in\/wp-content\/uploads\/2018\/04\/ppl-flowmeasurement-minihero-mmi-subcategory1.png\" \/>\n\t<meta property=\"og:image:width\" content=\"1024\" \/>\n\t<meta property=\"og:image:height\" content=\"410\" \/>\n\t<meta property=\"og:image:type\" content=\"image\/png\" \/>\n<meta name=\"twitter:card\" content=\"summary_large_image\" \/>\n<meta name=\"twitter:label1\" content=\"Dur\u00e9e de lecture estim\u00e9e\" \/>\n\t<meta name=\"twitter:data1\" content=\"1 minute\" \/>\n<script type=\"application\/ld+json\" class=\"yoast-schema-graph\">{\"@context\":\"https:\\\/\\\/schema.org\",\"@graph\":[{\"@type\":\"WebPage\",\"@id\":\"https:\\\/\\\/chintanengineers.in\\\/about-us-achievers-flow-meters-and-fuel-dispensers\\\/\",\"url\":\"https:\\\/\\\/chintanengineers.in\\\/about-us-achievers-flow-meters-and-fuel-dispensers\\\/\",\"name\":\"Our Vision - Chintan Engineers\",\"isPartOf\":{\"@id\":\"https:\\\/\\\/chintanengineers.in\\\/#website\"},\"primaryImageOfPage\":{\"@id\":\"https:\\\/\\\/chintanengineers.in\\\/about-us-achievers-flow-meters-and-fuel-dispensers\\\/#primaryimage\"},\"image\":{\"@id\":\"https:\\\/\\\/chintanengineers.in\\\/about-us-achievers-flow-meters-and-fuel-dispensers\\\/#primaryimage\"},\"thumbnailUrl\":\"https:\\\/\\\/chintanengineers.in\\\/wp-content\\\/uploads\\\/2018\\\/04\\\/ppl-flowmeasurement-minihero-mmi-subcategory1.jpg\",\"datePublished\":\"2017-07-31T02:38:27+00:00\",\"dateModified\":\"2024-05-02T13:48:10+00:00\",\"breadcrumb\":{\"@id\":\"https:\\\/\\\/chintanengineers.in\\\/about-us-achievers-flow-meters-and-fuel-dispensers\\\/#breadcrumb\"},\"inLanguage\":\"fr-FR\",\"potentialAction\":[{\"@type\":\"ReadAction\",\"target\":[\"https:\\\/\\\/chintanengineers.in\\\/about-us-achievers-flow-meters-and-fuel-dispensers\\\/\"]}]},{\"@type\":\"ImageObject\",\"inLanguage\":\"fr-FR\",\"@id\":\"https:\\\/\\\/chintanengineers.in\\\/about-us-achievers-flow-meters-and-fuel-dispensers\\\/#primaryimage\",\"url\":\"https:\\\/\\\/chintanengineers.in\\\/wp-content\\\/uploads\\\/2018\\\/04\\\/ppl-flowmeasurement-minihero-mmi-subcategory1.jpg\",\"contentUrl\":\"https:\\\/\\\/chintanengineers.in\\\/wp-content\\\/uploads\\\/2018\\\/04\\\/ppl-flowmeasurement-minihero-mmi-subcategory1.jpg\",\"width\":1024,\"height\":410},{\"@type\":\"BreadcrumbList\",\"@id\":\"https:\\\/\\\/chintanengineers.in\\\/about-us-achievers-flow-meters-and-fuel-dispensers\\\/#breadcrumb\",\"itemListElement\":[{\"@type\":\"ListItem\",\"position\":1,\"name\":\"Home\",\"item\":\"https:\\\/\\\/chintanengineers.in\\\/\"},{\"@type\":\"ListItem\",\"position\":2,\"name\":\"Our Vision\"}]},{\"@type\":\"WebSite\",\"@id\":\"https:\\\/\\\/chintanengineers.in\\\/#website\",\"url\":\"https:\\\/\\\/chintanengineers.in\\\/\",\"name\":\"Chintan Engineers\",\"description\":\"\",\"publisher\":{\"@id\":\"https:\\\/\\\/chintanengineers.in\\\/#organization\"},\"potentialAction\":[{\"@type\":\"SearchAction\",\"target\":{\"@type\":\"EntryPoint\",\"urlTemplate\":\"https:\\\/\\\/chintanengineers.in\\\/?s={search_term_string}\"},\"query-input\":{\"@type\":\"PropertyValueSpecification\",\"valueRequired\":true,\"valueName\":\"search_term_string\"}}],\"inLanguage\":\"fr-FR\"},{\"@type\":\"Organization\",\"@id\":\"https:\\\/\\\/chintanengineers.in\\\/#organization\",\"name\":\"Chintan Engineers\",\"url\":\"https:\\\/\\\/chintanengineers.in\\\/\",\"logo\":{\"@type\":\"ImageObject\",\"inLanguage\":\"fr-FR\",\"@id\":\"https:\\\/\\\/chintanengineers.in\\\/#\\\/schema\\\/logo\\\/image\\\/\",\"url\":\"https:\\\/\\\/chintanengineers.in\\\/wp-content\\\/uploads\\\/2025\\\/10\\\/cropped-Achievers-Chintan-Engineers-Combined-Logo-2-e1760938887596.png\",\"contentUrl\":\"https:\\\/\\\/chintanengineers.in\\\/wp-content\\\/uploads\\\/2025\\\/10\\\/cropped-Achievers-Chintan-Engineers-Combined-Logo-2-e1760938887596.png\",\"width\":337,\"height\":200,\"caption\":\"Chintan Engineers\"},\"image\":{\"@id\":\"https:\\\/\\\/chintanengineers.in\\\/#\\\/schema\\\/logo\\\/image\\\/\"}}]}<\/script>\n<!-- \/ Yoast SEO plugin. -->","yoast_head_json":{"title":"Notre vision - Chintan Engineers","robots":{"index":"index","follow":"follow","max-snippet":"max-snippet:-1","max-image-preview":"max-image-preview:large","max-video-preview":"max-video-preview:-1"},"canonical":"https:\/\/chintanengineers.in\/fr\/about-us-achievers-flow-meters-and-fuel-dispensers\/","og_locale":"fr_FR","og_type":"article","og_title":"Our Vision - Chintan Engineers","og_description":"Known for manufacturing, distributing, wholesaling and trading a wide range of best quality Flow Meter and Pumps, Chintan Engineers was set up in the year 2012. For manufacturing of the pumps and flow meters, the optimum quality materials are used by our professionals. Since the inception of our company, we have been able backed by ... Lire plus","og_url":"https:\/\/chintanengineers.in\/fr\/about-us-achievers-flow-meters-and-fuel-dispensers\/","og_site_name":"Chintan Engineers","article_modified_time":"2024-05-02T13:48:10+00:00","og_image":[{"width":1024,"height":410,"url":"https:\/\/chintanengineers.in\/wp-content\/uploads\/2018\/04\/ppl-flowmeasurement-minihero-mmi-subcategory1.png","type":"image\/png"}],"twitter_card":"summary_large_image","twitter_misc":{"Dur\u00e9e de lecture estim\u00e9e":"1 minute"},"schema":{"@context":"https:\/\/schema.org","@graph":[{"@type":"WebPage","@id":"https:\/\/chintanengineers.in\/about-us-achievers-flow-meters-and-fuel-dispensers\/","url":"https:\/\/chintanengineers.in\/about-us-achievers-flow-meters-and-fuel-dispensers\/","name":"Notre vision - Chintan Engineers","isPartOf":{"@id":"https:\/\/chintanengineers.in\/#website"},"primaryImageOfPage":{"@id":"https:\/\/chintanengineers.in\/about-us-achievers-flow-meters-and-fuel-dispensers\/#primaryimage"},"image":{"@id":"https:\/\/chintanengineers.in\/about-us-achievers-flow-meters-and-fuel-dispensers\/#primaryimage"},"thumbnailUrl":"https:\/\/chintanengineers.in\/wp-content\/uploads\/2018\/04\/ppl-flowmeasurement-minihero-mmi-subcategory1.jpg","datePublished":"2017-07-31T02:38:27+00:00","dateModified":"2024-05-02T13:48:10+00:00","breadcrumb":{"@id":"https:\/\/chintanengineers.in\/about-us-achievers-flow-meters-and-fuel-dispensers\/#breadcrumb"},"inLanguage":"fr-FR","potentialAction":[{"@type":"ReadAction","target":["https:\/\/chintanengineers.in\/about-us-achievers-flow-meters-and-fuel-dispensers\/"]}]},{"@type":"ImageObject","inLanguage":"fr-FR","@id":"https:\/\/chintanengineers.in\/about-us-achievers-flow-meters-and-fuel-dispensers\/#primaryimage","url":"https:\/\/chintanengineers.in\/wp-content\/uploads\/2018\/04\/ppl-flowmeasurement-minihero-mmi-subcategory1.jpg","contentUrl":"https:\/\/chintanengineers.in\/wp-content\/uploads\/2018\/04\/ppl-flowmeasurement-minihero-mmi-subcategory1.jpg","width":1024,"height":410},{"@type":"BreadcrumbList","@id":"https:\/\/chintanengineers.in\/about-us-achievers-flow-meters-and-fuel-dispensers\/#breadcrumb","itemListElement":[{"@type":"ListItem","position":1,"name":"Home","item":"https:\/\/chintanengineers.in\/"},{"@type":"ListItem","position":2,"name":"Our Vision"}]},{"@type":"WebSite","@id":"https:\/\/chintanengineers.in\/#website","url":"https:\/\/chintanengineers.in\/","name":"Ing\u00e9nieurs Chintan","description":"","publisher":{"@id":"https:\/\/chintanengineers.in\/#organization"},"potentialAction":[{"@type":"SearchAction","target":{"@type":"EntryPoint","urlTemplate":"https:\/\/chintanengineers.in\/?s={search_term_string}"},"query-input":{"@type":"PropertyValueSpecification","valueRequired":true,"valueName":"search_term_string"}}],"inLanguage":"fr-FR"},{"@type":"Organization","@id":"https:\/\/chintanengineers.in\/#organization","name":"Ing\u00e9nieurs Chintan","url":"https:\/\/chintanengineers.in\/","logo":{"@type":"ImageObject","inLanguage":"fr-FR","@id":"https:\/\/chintanengineers.in\/#\/schema\/logo\/image\/","url":"https:\/\/chintanengineers.in\/wp-content\/uploads\/2025\/10\/cropped-Achievers-Chintan-Engineers-Combined-Logo-2-e1760938887596.png","contentUrl":"https:\/\/chintanengineers.in\/wp-content\/uploads\/2025\/10\/cropped-Achievers-Chintan-Engineers-Combined-Logo-2-e1760938887596.png","width":337,"height":200,"caption":"Chintan Engineers"},"image":{"@id":"https:\/\/chintanengineers.in\/#\/schema\/logo\/image\/"}}]}},"_links":{"self":[{"href":"https:\/\/chintanengineers.in\/fr\/wp-json\/wp\/v2\/pages\/34","targetHints":{"allow":["GET"]}}],"collection":[{"href":"https:\/\/chintanengineers.in\/fr\/wp-json\/wp\/v2\/pages"}],"about":[{"href":"https:\/\/chintanengineers.in\/fr\/wp-json\/wp\/v2\/types\/page"}],"author":[{"embeddable":true,"href":"https:\/\/chintanengineers.in\/fr\/wp-json\/wp\/v2\/users\/1"}],"replies":[{"embeddable":true,"href":"https:\/\/chintanengineers.in\/fr\/wp-json\/wp\/v2\/comments?post=34"}],"version-history":[{"count":0,"href":"https:\/\/chintanengineers.in\/fr\/wp-json\/wp\/v2\/pages\/34\/revisions"}],"wp:featuredmedia":[{"embeddable":true,"href":"https:\/\/chintanengineers.in\/fr\/wp-json\/wp\/v2\/media\/2366"}],"wp:attachment":[{"href":"https:\/\/chintanengineers.in\/fr\/wp-json\/wp\/v2\/media?parent=34"}],"curies":[{"name":"wp","href":"https:\/\/api.w.org\/{rel}","templated":true}]}}