{"id":34,"date":"2017-07-31T02:38:27","date_gmt":"2017-07-31T02:38:27","guid":{"rendered":"http:\/\/achieverspumpsandvalves.com\/?page_id=34"},"modified":"2024-05-02T13:48:10","modified_gmt":"2024-05-02T13:48:10","slug":"about-us-achievers-flow-meters-and-fuel-dispensers","status":"publish","type":"page","link":"https:\/\/chintanengineers.in\/es\/about-us-achievers-flow-meters-and-fuel-dispensers\/","title":{"rendered":"Nuestra visi\u00f3n"},"content":{"rendered":"<p style=\"text-align: left;\">Chintan Engineers, conocido por fabricar, distribuir, vender al por mayor y comercializar una amplia gama de bombas y medidores de flujo de la mejor calidad, se fund\u00f3 en el a\u00f1o 2012. Para la fabricaci\u00f3n de bombas y medidores de flujo, nuestros profesionales utilizan materiales de \u00f3ptima calidad.<\/p>\n<p style=\"text-align: left;\">Desde la creaci\u00f3n de nuestra empresa, hemos contado con el respaldo de un equipo de profesionales cualificados. Reciben formaci\u00f3n peri\u00f3dica para perfeccionar sus habilidades de la forma m\u00e1s eficiente. Nuestro equipo es cuidadosamente seleccionado por la direcci\u00f3n tras una evaluaci\u00f3n exhaustiva de sus habilidades, conocimientos y experiencia. Poseen experiencia en su \u00e1rea de operaciones y trabajan en estrecha colaboraci\u00f3n para garantizar un entorno de trabajo sin complicaciones.<\/p>\n<div class=\"fnt8 ta hs5 txt3\" style=\"text-align: left;\">\n<p>Establecido por , <b>Dharmishthaben Patel,<\/b>\u00a0Hemos podido atender a una amplia clientela en los mercados nacionales de la India. Gracias a sus excelentes habilidades de gesti\u00f3n, hemos logrado ganarnos el apoyo de nuestros valiosos clientes de la manera m\u00e1s eficaz.<\/p>\n<\/div>\n<div class=\"cl\" style=\"text-align: left;\"><\/div>","protected":false},"excerpt":{"rendered":"<p>Chintan Engineers, empresa reconocida por fabricar, distribuir, vender al por mayor y comercializar una amplia gama de caudal\u00edmetros y bombas de la mejor calidad, se fund\u00f3 en 2012. Para la fabricaci\u00f3n de bombas y caudal\u00edmetros, nuestros profesionales utilizan materiales de la m\u00e1s alta calidad. Desde su fundaci\u00f3n, hemos contado con el respaldo de\u2026 <a title=\"Nuestra visi\u00f3n\" class=\"read-more\" href=\"https:\/\/chintanengineers.in\/es\/about-us-achievers-flow-meters-and-fuel-dispensers\/\" aria-label=\"Leer m\u00e1s sobre Nuestra Visi\u00f3n\">Leer m\u00e1s<\/a><\/p>","protected":false},"author":1,"featured_media":2366,"parent":0,"menu_order":0,"comment_status":"closed","ping_status":"closed","template":"","meta":{"_yoast_wpseo_focuskw":"","_yoast_wpseo_title":"","_yoast_wpseo_metadesc":"","_yoast_wpseo_canonical":"","_eb_attr":"","_n8n_st_send_on_update":false,"_yoast_wpseo_keywordsynonyms":"","footnotes":""},"class_list":["post-34","page","type-page","status-publish","has-post-thumbnail"],"yoast_head":"<!-- This site is optimized with the Yoast SEO plugin v27.3 - https:\/\/yoast.com\/product\/yoast-seo-wordpress\/ -->\n<title>Our Vision - Chintan Engineers<\/title>\n<meta name=\"robots\" content=\"index, follow, max-snippet:-1, max-image-preview:large, max-video-preview:-1\" \/>\n<link rel=\"canonical\" href=\"https:\/\/chintanengineers.in\/es\/about-us-achievers-flow-meters-and-fuel-dispensers\/\" \/>\n<meta property=\"og:locale\" content=\"es_MX\" \/>\n<meta property=\"og:type\" content=\"article\" \/>\n<meta property=\"og:title\" content=\"Our Vision - Chintan Engineers\" \/>\n<meta property=\"og:description\" content=\"Known for manufacturing, distributing, wholesaling and trading a wide range of best quality Flow Meter and Pumps, Chintan Engineers was set up in the year 2012. For manufacturing of the pumps and flow meters, the optimum quality materials are used by our professionals. Since the inception of our company, we have been able backed by ... Read more\" \/>\n<meta property=\"og:url\" content=\"https:\/\/chintanengineers.in\/es\/about-us-achievers-flow-meters-and-fuel-dispensers\/\" \/>\n<meta property=\"og:site_name\" content=\"Chintan Engineers\" \/>\n<meta property=\"article:modified_time\" content=\"2024-05-02T13:48:10+00:00\" \/>\n<meta property=\"og:image\" content=\"https:\/\/chintanengineers.in\/wp-content\/uploads\/2018\/04\/ppl-flowmeasurement-minihero-mmi-subcategory1.png\" \/>\n\t<meta property=\"og:image:width\" content=\"1024\" \/>\n\t<meta property=\"og:image:height\" content=\"410\" \/>\n\t<meta property=\"og:image:type\" content=\"image\/png\" \/>\n<meta name=\"twitter:card\" content=\"summary_large_image\" \/>\n<meta name=\"twitter:label1\" content=\"Tiempo de lectura\" \/>\n\t<meta name=\"twitter:data1\" content=\"1 minuto\" \/>\n<script type=\"application\/ld+json\" class=\"yoast-schema-graph\">{\"@context\":\"https:\\\/\\\/schema.org\",\"@graph\":[{\"@type\":\"WebPage\",\"@id\":\"https:\\\/\\\/chintanengineers.in\\\/about-us-achievers-flow-meters-and-fuel-dispensers\\\/\",\"url\":\"https:\\\/\\\/chintanengineers.in\\\/about-us-achievers-flow-meters-and-fuel-dispensers\\\/\",\"name\":\"Our Vision - Chintan Engineers\",\"isPartOf\":{\"@id\":\"https:\\\/\\\/chintanengineers.in\\\/#website\"},\"primaryImageOfPage\":{\"@id\":\"https:\\\/\\\/chintanengineers.in\\\/about-us-achievers-flow-meters-and-fuel-dispensers\\\/#primaryimage\"},\"image\":{\"@id\":\"https:\\\/\\\/chintanengineers.in\\\/about-us-achievers-flow-meters-and-fuel-dispensers\\\/#primaryimage\"},\"thumbnailUrl\":\"https:\\\/\\\/chintanengineers.in\\\/wp-content\\\/uploads\\\/2018\\\/04\\\/ppl-flowmeasurement-minihero-mmi-subcategory1.jpg\",\"datePublished\":\"2017-07-31T02:38:27+00:00\",\"dateModified\":\"2024-05-02T13:48:10+00:00\",\"breadcrumb\":{\"@id\":\"https:\\\/\\\/chintanengineers.in\\\/about-us-achievers-flow-meters-and-fuel-dispensers\\\/#breadcrumb\"},\"inLanguage\":\"es\",\"potentialAction\":[{\"@type\":\"ReadAction\",\"target\":[\"https:\\\/\\\/chintanengineers.in\\\/about-us-achievers-flow-meters-and-fuel-dispensers\\\/\"]}]},{\"@type\":\"ImageObject\",\"inLanguage\":\"es\",\"@id\":\"https:\\\/\\\/chintanengineers.in\\\/about-us-achievers-flow-meters-and-fuel-dispensers\\\/#primaryimage\",\"url\":\"https:\\\/\\\/chintanengineers.in\\\/wp-content\\\/uploads\\\/2018\\\/04\\\/ppl-flowmeasurement-minihero-mmi-subcategory1.jpg\",\"contentUrl\":\"https:\\\/\\\/chintanengineers.in\\\/wp-content\\\/uploads\\\/2018\\\/04\\\/ppl-flowmeasurement-minihero-mmi-subcategory1.jpg\",\"width\":1024,\"height\":410},{\"@type\":\"BreadcrumbList\",\"@id\":\"https:\\\/\\\/chintanengineers.in\\\/about-us-achievers-flow-meters-and-fuel-dispensers\\\/#breadcrumb\",\"itemListElement\":[{\"@type\":\"ListItem\",\"position\":1,\"name\":\"Home\",\"item\":\"https:\\\/\\\/chintanengineers.in\\\/\"},{\"@type\":\"ListItem\",\"position\":2,\"name\":\"Our Vision\"}]},{\"@type\":\"WebSite\",\"@id\":\"https:\\\/\\\/chintanengineers.in\\\/#website\",\"url\":\"https:\\\/\\\/chintanengineers.in\\\/\",\"name\":\"Chintan Engineers\",\"description\":\"\",\"publisher\":{\"@id\":\"https:\\\/\\\/chintanengineers.in\\\/#organization\"},\"potentialAction\":[{\"@type\":\"SearchAction\",\"target\":{\"@type\":\"EntryPoint\",\"urlTemplate\":\"https:\\\/\\\/chintanengineers.in\\\/?s={search_term_string}\"},\"query-input\":{\"@type\":\"PropertyValueSpecification\",\"valueRequired\":true,\"valueName\":\"search_term_string\"}}],\"inLanguage\":\"es\"},{\"@type\":\"Organization\",\"@id\":\"https:\\\/\\\/chintanengineers.in\\\/#organization\",\"name\":\"Chintan Engineers\",\"url\":\"https:\\\/\\\/chintanengineers.in\\\/\",\"logo\":{\"@type\":\"ImageObject\",\"inLanguage\":\"es\",\"@id\":\"https:\\\/\\\/chintanengineers.in\\\/#\\\/schema\\\/logo\\\/image\\\/\",\"url\":\"https:\\\/\\\/chintanengineers.in\\\/wp-content\\\/uploads\\\/2025\\\/10\\\/cropped-Achievers-Chintan-Engineers-Combined-Logo-2-e1760938887596.png\",\"contentUrl\":\"https:\\\/\\\/chintanengineers.in\\\/wp-content\\\/uploads\\\/2025\\\/10\\\/cropped-Achievers-Chintan-Engineers-Combined-Logo-2-e1760938887596.png\",\"width\":337,\"height\":200,\"caption\":\"Chintan Engineers\"},\"image\":{\"@id\":\"https:\\\/\\\/chintanengineers.in\\\/#\\\/schema\\\/logo\\\/image\\\/\"}}]}<\/script>\n<!-- \/ Yoast SEO plugin. -->","yoast_head_json":{"title":"Nuestra visi\u00f3n - Ingenieros Chintan","robots":{"index":"index","follow":"follow","max-snippet":"max-snippet:-1","max-image-preview":"max-image-preview:large","max-video-preview":"max-video-preview:-1"},"canonical":"https:\/\/chintanengineers.in\/es\/about-us-achievers-flow-meters-and-fuel-dispensers\/","og_locale":"es_MX","og_type":"article","og_title":"Our Vision - Chintan Engineers","og_description":"Known for manufacturing, distributing, wholesaling and trading a wide range of best quality Flow Meter and Pumps, Chintan Engineers was set up in the year 2012. For manufacturing of the pumps and flow meters, the optimum quality materials are used by our professionals. Since the inception of our company, we have been able backed by ... Read more","og_url":"https:\/\/chintanengineers.in\/es\/about-us-achievers-flow-meters-and-fuel-dispensers\/","og_site_name":"Chintan Engineers","article_modified_time":"2024-05-02T13:48:10+00:00","og_image":[{"width":1024,"height":410,"url":"https:\/\/chintanengineers.in\/wp-content\/uploads\/2018\/04\/ppl-flowmeasurement-minihero-mmi-subcategory1.png","type":"image\/png"}],"twitter_card":"summary_large_image","twitter_misc":{"Tiempo de lectura":"1 minuto"},"schema":{"@context":"https:\/\/schema.org","@graph":[{"@type":"WebPage","@id":"https:\/\/chintanengineers.in\/about-us-achievers-flow-meters-and-fuel-dispensers\/","url":"https:\/\/chintanengineers.in\/about-us-achievers-flow-meters-and-fuel-dispensers\/","name":"Nuestra visi\u00f3n - Ingenieros Chintan","isPartOf":{"@id":"https:\/\/chintanengineers.in\/#website"},"primaryImageOfPage":{"@id":"https:\/\/chintanengineers.in\/about-us-achievers-flow-meters-and-fuel-dispensers\/#primaryimage"},"image":{"@id":"https:\/\/chintanengineers.in\/about-us-achievers-flow-meters-and-fuel-dispensers\/#primaryimage"},"thumbnailUrl":"https:\/\/chintanengineers.in\/wp-content\/uploads\/2018\/04\/ppl-flowmeasurement-minihero-mmi-subcategory1.jpg","datePublished":"2017-07-31T02:38:27+00:00","dateModified":"2024-05-02T13:48:10+00:00","breadcrumb":{"@id":"https:\/\/chintanengineers.in\/about-us-achievers-flow-meters-and-fuel-dispensers\/#breadcrumb"},"inLanguage":"es","potentialAction":[{"@type":"ReadAction","target":["https:\/\/chintanengineers.in\/about-us-achievers-flow-meters-and-fuel-dispensers\/"]}]},{"@type":"ImageObject","inLanguage":"es","@id":"https:\/\/chintanengineers.in\/about-us-achievers-flow-meters-and-fuel-dispensers\/#primaryimage","url":"https:\/\/chintanengineers.in\/wp-content\/uploads\/2018\/04\/ppl-flowmeasurement-minihero-mmi-subcategory1.jpg","contentUrl":"https:\/\/chintanengineers.in\/wp-content\/uploads\/2018\/04\/ppl-flowmeasurement-minihero-mmi-subcategory1.jpg","width":1024,"height":410},{"@type":"BreadcrumbList","@id":"https:\/\/chintanengineers.in\/about-us-achievers-flow-meters-and-fuel-dispensers\/#breadcrumb","itemListElement":[{"@type":"ListItem","position":1,"name":"Home","item":"https:\/\/chintanengineers.in\/"},{"@type":"ListItem","position":2,"name":"Our Vision"}]},{"@type":"WebSite","@id":"https:\/\/chintanengineers.in\/#website","url":"https:\/\/chintanengineers.in\/","name":"Ingenieros de Chintan","description":"","publisher":{"@id":"https:\/\/chintanengineers.in\/#organization"},"potentialAction":[{"@type":"SearchAction","target":{"@type":"EntryPoint","urlTemplate":"https:\/\/chintanengineers.in\/?s={search_term_string}"},"query-input":{"@type":"PropertyValueSpecification","valueRequired":true,"valueName":"search_term_string"}}],"inLanguage":"es"},{"@type":"Organization","@id":"https:\/\/chintanengineers.in\/#organization","name":"Ingenieros de Chintan","url":"https:\/\/chintanengineers.in\/","logo":{"@type":"ImageObject","inLanguage":"es","@id":"https:\/\/chintanengineers.in\/#\/schema\/logo\/image\/","url":"https:\/\/chintanengineers.in\/wp-content\/uploads\/2025\/10\/cropped-Achievers-Chintan-Engineers-Combined-Logo-2-e1760938887596.png","contentUrl":"https:\/\/chintanengineers.in\/wp-content\/uploads\/2025\/10\/cropped-Achievers-Chintan-Engineers-Combined-Logo-2-e1760938887596.png","width":337,"height":200,"caption":"Chintan Engineers"},"image":{"@id":"https:\/\/chintanengineers.in\/#\/schema\/logo\/image\/"}}]}},"_links":{"self":[{"href":"https:\/\/chintanengineers.in\/es\/wp-json\/wp\/v2\/pages\/34","targetHints":{"allow":["GET"]}}],"collection":[{"href":"https:\/\/chintanengineers.in\/es\/wp-json\/wp\/v2\/pages"}],"about":[{"href":"https:\/\/chintanengineers.in\/es\/wp-json\/wp\/v2\/types\/page"}],"author":[{"embeddable":true,"href":"https:\/\/chintanengineers.in\/es\/wp-json\/wp\/v2\/users\/1"}],"replies":[{"embeddable":true,"href":"https:\/\/chintanengineers.in\/es\/wp-json\/wp\/v2\/comments?post=34"}],"version-history":[{"count":0,"href":"https:\/\/chintanengineers.in\/es\/wp-json\/wp\/v2\/pages\/34\/revisions"}],"wp:featuredmedia":[{"embeddable":true,"href":"https:\/\/chintanengineers.in\/es\/wp-json\/wp\/v2\/media\/2366"}],"wp:attachment":[{"href":"https:\/\/chintanengineers.in\/es\/wp-json\/wp\/v2\/media?parent=34"}],"curies":[{"name":"wp","href":"https:\/\/api.w.org\/{rel}","templated":true}]}}