{"id":24,"date":"2023-07-25T17:53:45","date_gmt":"2023-07-25T17:53:45","guid":{"rendered":"https:\/\/business-one.local\/?page_id=24"},"modified":"2023-07-25T17:53:45","modified_gmt":"2023-07-25T17:53:45","slug":"styles","status":"publish","type":"page","link":"https:\/\/chintanengineers.in\/es\/styles\/","title":{"rendered":"Estilos"},"content":{"rendered":"<div class=\"gbp-section\">\n<div class=\"gbp-section__inner gb-element-1cc7d46f\">\n<div class=\"gb-element-ff79482f\">\n<div class=\"gb-text gbp-section__tagline\">Encabezados \u2013 Teko<\/div>\n\n\n\n<h1 class=\"gb-text\">Este texto est\u00e1 aqu\u00ed como referencia visual para mostrar la fuente de encabezado H1 predeterminada.<\/h1>\n\n\n\n<h2 class=\"gb-text\">Este texto est\u00e1 aqu\u00ed como referencia visual para mostrar la fuente de encabezado H2 predeterminada.<\/h2>\n\n\n\n<h3 class=\"gb-text\">Este texto est\u00e1 aqu\u00ed como referencia visual para mostrar la fuente de encabezado H3 predeterminada.<\/h3>\n\n\n\n<h4 class=\"gb-text\">Este texto est\u00e1 aqu\u00ed como referencia visual para mostrar la fuente de encabezado H4 predeterminada.<\/h4>\n\n\n\n<h5 class=\"gb-text\">Este texto est\u00e1 aqu\u00ed como referencia visual para mostrar la fuente de encabezado H5 predeterminada.<\/h5>\n\n\n\n<h6 class=\"gb-text\">Este texto est\u00e1 aqu\u00ed como referencia visual para mostrar la fuente de encabezado H6 predeterminada.<\/h6>\n<\/div>\n\n\n\n<div class=\"gb-element-1b06acde\">\n<div class=\"gb-text gbp-section__tagline\">Texto del cuerpo \u2013 Poppins<\/div>\n\n\n\n<p class=\"gb-text\">Este texto est\u00e1 aqu\u00ed como referencia visual para mostrar la fuente de p\u00e1rrafo predeterminada. Lorem ipsum amet elit morbi dolor tortor. Vivamus eget mollis nostra ullam corper auctor metus felis nibh velit. Natoque tellus semper taciti nostra semper pharetra montes habitante entero gravida. Nullam magnis nulla primis vivamus aptent.<\/p>\n\n\n\n<p class=\"gb-text\">Pretium lorem primis lectus donec tortor fusce morbi risus curae. Dignissim lacus massa mauris enim mattis magnis senectus montes mollis taciti accumsan semper blandit nibh aliquam metus morbi cras magna vivamus per risus. Dapibus magnis metus praesent congue gravida magna netus inceptos iaculis.<\/p>\n<\/div>\n\n\n\n<div class=\"gb-element-ea9d5ef2\">\n<div class=\"gb-text gbp-section__tagline\">Paleta de colores<\/div>\n\n\n\n<div class=\"gb-element-5e3d26b7\">\n<div class=\"gb-element-0de8aec1\">\n<div>\n<div class=\"gbp-section__text--sm gb-text-a2c04c3b\"><span class=\"gb-shape\"><svg xmlns=\"http:\/\/www.w3.org\/2000\/svg\" viewbox=\"0 0 288 288\"><rect width=\"288\" height=\"288\" rx=\"4\" ry=\"4\"><\/rect><\/svg><\/span><span class=\"gb-text\">Contraste<\/span><\/div>\n<\/div>\n\n\n\n<div>\n<div class=\"gbp-section__text--sm gb-text-3cec6b1f\"><span class=\"gb-shape\"><svg xmlns=\"http:\/\/www.w3.org\/2000\/svg\" viewbox=\"0 0 288 288\"><rect width=\"288\" height=\"288\" rx=\"4\" ry=\"4\"><\/rect><\/svg><\/span><span class=\"gb-text\">Contraste-2<\/span><\/div>\n<\/div>\n\n\n\n<div>\n<div class=\"gbp-section__text--sm gb-text-8fa09eb1\"><span class=\"gb-shape\"><svg xmlns=\"http:\/\/www.w3.org\/2000\/svg\" viewbox=\"0 0 288 288\"><rect width=\"288\" height=\"288\" rx=\"4\" ry=\"4\"><\/rect><\/svg><\/span><span class=\"gb-text\">Contraste-3<\/span><\/div>\n<\/div>\n\n\n\n<div>\n<div class=\"gbp-section__text--sm gb-text-5305ef47\"><span class=\"gb-shape\"><svg xmlns=\"http:\/\/www.w3.org\/2000\/svg\" viewbox=\"0 0 288 288\"><rect width=\"288\" height=\"288\" rx=\"4\" ry=\"4\"><\/rect><\/svg><\/span><span class=\"gb-text\">Base<\/span><\/div>\n<\/div>\n\n\n\n<div>\n<div class=\"gbp-section__text--sm gb-text-0dd76639\"><span class=\"gb-shape\"><svg xmlns=\"http:\/\/www.w3.org\/2000\/svg\" viewbox=\"0 0 288 288\"><rect width=\"288\" height=\"288\" rx=\"4\" ry=\"4\"><\/rect><\/svg><\/span><span class=\"gb-text\">Base-2<\/span><\/div>\n<\/div>\n\n\n\n<div>\n<div class=\"gbp-section__text--sm gb-text-161fadfd\"><span class=\"gb-shape\"><svg xmlns=\"http:\/\/www.w3.org\/2000\/svg\" viewbox=\"0 0 288 288\"><rect width=\"288\" height=\"288\" rx=\"4\" ry=\"4\"><\/rect><\/svg><\/span><span class=\"gb-text\">Acento<\/span><\/div>\n<\/div>\n\n\n\n<div>\n<div class=\"gbp-section__text--sm gb-text-8b19e96d\"><span class=\"gb-shape\"><svg xmlns=\"http:\/\/www.w3.org\/2000\/svg\" viewbox=\"0 0 288 288\"><rect width=\"288\" height=\"288\" rx=\"4\" ry=\"4\"><\/rect><\/svg><\/span><span class=\"gb-text\">Acento-2<\/span><\/div>\n<\/div>\n\n\n\n<div>\n<div class=\"gbp-section__text--sm gb-text-a819b5a2\"><span class=\"gb-shape\"><svg xmlns=\"http:\/\/www.w3.org\/2000\/svg\" viewbox=\"0 0 288 288\"><rect width=\"288\" height=\"288\" rx=\"4\" ry=\"4\"><\/rect><\/svg><\/span><span class=\"gb-text\">Acento-3<\/span><\/div>\n<\/div>\n<\/div>\n<\/div>\n<\/div>\n\n\n\n<div class=\"gb-element-9f1963b0\">\n<div class=\"gb-text gbp-section__tagline\">Botones<\/div>\n\n\n\n<div class=\"gb-element-3b20c4e4\">\n<a class=\"gb-text gbp-button--primary\">Bot\u00f3n principal<\/a>\n\n\n\n<a class=\"gbp-button--secondary gb-text-35a9fc78\" href=\"#\"><span class=\"gb-text\">Bot\u00f3n secundario<\/span><span class=\"gb-shape\"><svg viewbox=\"0 0 256 256\" height=\"32\" width=\"32\" xmlns=\"http:\/\/www.w3.org\/2000\/svg\"><path d=\"M224.49,136.49l-72,72a12,12,0,0,1-17-17L187,140H40a12,12,0,0,1,0-24H187L135.51,64.48a12,12,0,0,1,17-17l72,72A12,12,0,0,1,224.49,136.49Z\"><\/path><\/svg><\/span><\/a>\n<\/div>\n<\/div>\n\n\n\n<div class=\"gb-element-8cd005ec\">\n<div class=\"gb-text gbp-section__tagline\">Estilos globales<\/div>\n\n\n\n<p class=\"gb-text gb-text-56e0faab\">Este sitio utiliza los 12 valores predeterminados. <strong><a href=\"https:\/\/learn.generatepress.com\/blocks\/block-guide\/getting-started-generateblocks\/generateblocks-pro\/pro-pattern-styles\/\" target=\"_blank\" rel=\"noreferrer noopener\">Clases de estilo global de GenerateBlocks Pro<\/a><\/strong>, as\u00ed como esta clase de estilo global adicional:<\/p>\n\n\n\n<p class=\"gb-text gb-text-8dc6054c\">.gbp\u2013\u2013frontera<\/p>\n\n\n\n<p class=\"gb-text\">Agrega un borde blanco a las im\u00e1genes o contenedores.<\/p>\n\n\n\n<p class=\"gb-text gb-text-74e5f252\">.gbp-secci\u00f3n__h1- -xl<\/p>\n\n\n\n<p class=\"gb-text\">Un t\u00edtulo H1 m\u00e1s grande que utiliza tipograf\u00eda fluida como los t\u00edtulos del personalizador<\/p>\n<\/div>\n<\/div>\n<\/div>","protected":false},"excerpt":{"rendered":"<p>Encabezados \u2013 Teko. Este texto se presenta como referencia visual para mostrar la fuente de encabezado H1 predeterminada. Este texto se presenta como referencia visual para mostrar la fuente de encabezado H2 predeterminada. Este texto se presenta como referencia visual para mostrar la fuente de encabezado H3 predeterminada. Este texto se presenta como referencia visual\u2026 <a title=\"Estilos\" class=\"read-more\" href=\"https:\/\/chintanengineers.in\/es\/styles\/\" aria-label=\"Leer m\u00e1s sobre Styles\">Leer m\u00e1s<\/a><\/p>","protected":false},"author":0,"featured_media":0,"parent":0,"menu_order":0,"comment_status":"closed","ping_status":"closed","template":"","meta":{"_yoast_wpseo_focuskw":"","_yoast_wpseo_title":"","_yoast_wpseo_metadesc":"","_yoast_wpseo_canonical":"","_eb_attr":"","_n8n_st_send_on_update":false,"_yoast_wpseo_keywordsynonyms":"","footnotes":""},"class_list":["post-24","page","type-page","status-publish"],"yoast_head":"<!-- This site is optimized with the Yoast SEO plugin v27.3 - https:\/\/yoast.com\/product\/yoast-seo-wordpress\/ -->\n<title>Styles - Chintan Engineers<\/title>\n<meta name=\"robots\" content=\"index, follow, max-snippet:-1, max-image-preview:large, max-video-preview:-1\" \/>\n<link rel=\"canonical\" href=\"https:\/\/chintanengineers.in\/es\/styles\/\" \/>\n<meta property=\"og:locale\" content=\"es_MX\" \/>\n<meta property=\"og:type\" content=\"article\" \/>\n<meta property=\"og:title\" content=\"Styles - Chintan Engineers\" \/>\n<meta property=\"og:description\" content=\"Headings \u2013 Teko This text is here as a visual reference to display the default H1 heading font. This text is here as a visual reference to display the default H2 heading font. This text is here as a visual reference to display the default H3 heading font. This text is here as a visual ... Read more\" \/>\n<meta property=\"og:url\" content=\"https:\/\/chintanengineers.in\/es\/styles\/\" \/>\n<meta property=\"og:site_name\" content=\"Chintan Engineers\" \/>\n<meta name=\"twitter:card\" content=\"summary_large_image\" \/>\n<meta name=\"twitter:label1\" content=\"Tiempo de lectura\" \/>\n\t<meta name=\"twitter:data1\" content=\"1 minuto\" \/>\n<script type=\"application\/ld+json\" class=\"yoast-schema-graph\">{\"@context\":\"https:\\\/\\\/schema.org\",\"@graph\":[{\"@type\":\"WebPage\",\"@id\":\"https:\\\/\\\/chintanengineers.in\\\/styles\\\/\",\"url\":\"https:\\\/\\\/chintanengineers.in\\\/styles\\\/\",\"name\":\"Styles - Chintan Engineers\",\"isPartOf\":{\"@id\":\"https:\\\/\\\/chintanengineers.in\\\/#website\"},\"datePublished\":\"2023-07-25T17:53:45+00:00\",\"breadcrumb\":{\"@id\":\"https:\\\/\\\/chintanengineers.in\\\/styles\\\/#breadcrumb\"},\"inLanguage\":\"es\",\"potentialAction\":[{\"@type\":\"ReadAction\",\"target\":[\"https:\\\/\\\/chintanengineers.in\\\/styles\\\/\"]}]},{\"@type\":\"BreadcrumbList\",\"@id\":\"https:\\\/\\\/chintanengineers.in\\\/styles\\\/#breadcrumb\",\"itemListElement\":[{\"@type\":\"ListItem\",\"position\":1,\"name\":\"Home\",\"item\":\"https:\\\/\\\/chintanengineers.in\\\/\"},{\"@type\":\"ListItem\",\"position\":2,\"name\":\"Styles\"}]},{\"@type\":\"WebSite\",\"@id\":\"https:\\\/\\\/chintanengineers.in\\\/#website\",\"url\":\"https:\\\/\\\/chintanengineers.in\\\/\",\"name\":\"Chintan Engineers\",\"description\":\"\",\"publisher\":{\"@id\":\"https:\\\/\\\/chintanengineers.in\\\/#organization\"},\"potentialAction\":[{\"@type\":\"SearchAction\",\"target\":{\"@type\":\"EntryPoint\",\"urlTemplate\":\"https:\\\/\\\/chintanengineers.in\\\/?s={search_term_string}\"},\"query-input\":{\"@type\":\"PropertyValueSpecification\",\"valueRequired\":true,\"valueName\":\"search_term_string\"}}],\"inLanguage\":\"es\"},{\"@type\":\"Organization\",\"@id\":\"https:\\\/\\\/chintanengineers.in\\\/#organization\",\"name\":\"Chintan Engineers\",\"url\":\"https:\\\/\\\/chintanengineers.in\\\/\",\"logo\":{\"@type\":\"ImageObject\",\"inLanguage\":\"es\",\"@id\":\"https:\\\/\\\/chintanengineers.in\\\/#\\\/schema\\\/logo\\\/image\\\/\",\"url\":\"https:\\\/\\\/chintanengineers.in\\\/wp-content\\\/uploads\\\/2025\\\/10\\\/cropped-Achievers-Chintan-Engineers-Combined-Logo-2-e1760938887596.png\",\"contentUrl\":\"https:\\\/\\\/chintanengineers.in\\\/wp-content\\\/uploads\\\/2025\\\/10\\\/cropped-Achievers-Chintan-Engineers-Combined-Logo-2-e1760938887596.png\",\"width\":337,\"height\":200,\"caption\":\"Chintan Engineers\"},\"image\":{\"@id\":\"https:\\\/\\\/chintanengineers.in\\\/#\\\/schema\\\/logo\\\/image\\\/\"}}]}<\/script>\n<!-- \/ Yoast SEO plugin. -->","yoast_head_json":{"title":"Estilos - Ingenieros Chintan","robots":{"index":"index","follow":"follow","max-snippet":"max-snippet:-1","max-image-preview":"max-image-preview:large","max-video-preview":"max-video-preview:-1"},"canonical":"https:\/\/chintanengineers.in\/es\/styles\/","og_locale":"es_MX","og_type":"article","og_title":"Styles - Chintan Engineers","og_description":"Headings \u2013 Teko This text is here as a visual reference to display the default H1 heading font. This text is here as a visual reference to display the default H2 heading font. This text is here as a visual reference to display the default H3 heading font. This text is here as a visual ... Read more","og_url":"https:\/\/chintanengineers.in\/es\/styles\/","og_site_name":"Chintan Engineers","twitter_card":"summary_large_image","twitter_misc":{"Tiempo de lectura":"1 minuto"},"schema":{"@context":"https:\/\/schema.org","@graph":[{"@type":"WebPage","@id":"https:\/\/chintanengineers.in\/styles\/","url":"https:\/\/chintanengineers.in\/styles\/","name":"Estilos - Ingenieros Chintan","isPartOf":{"@id":"https:\/\/chintanengineers.in\/#website"},"datePublished":"2023-07-25T17:53:45+00:00","breadcrumb":{"@id":"https:\/\/chintanengineers.in\/styles\/#breadcrumb"},"inLanguage":"es","potentialAction":[{"@type":"ReadAction","target":["https:\/\/chintanengineers.in\/styles\/"]}]},{"@type":"BreadcrumbList","@id":"https:\/\/chintanengineers.in\/styles\/#breadcrumb","itemListElement":[{"@type":"ListItem","position":1,"name":"Home","item":"https:\/\/chintanengineers.in\/"},{"@type":"ListItem","position":2,"name":"Styles"}]},{"@type":"WebSite","@id":"https:\/\/chintanengineers.in\/#website","url":"https:\/\/chintanengineers.in\/","name":"Ingenieros de Chintan","description":"","publisher":{"@id":"https:\/\/chintanengineers.in\/#organization"},"potentialAction":[{"@type":"SearchAction","target":{"@type":"EntryPoint","urlTemplate":"https:\/\/chintanengineers.in\/?s={search_term_string}"},"query-input":{"@type":"PropertyValueSpecification","valueRequired":true,"valueName":"search_term_string"}}],"inLanguage":"es"},{"@type":"Organization","@id":"https:\/\/chintanengineers.in\/#organization","name":"Ingenieros de Chintan","url":"https:\/\/chintanengineers.in\/","logo":{"@type":"ImageObject","inLanguage":"es","@id":"https:\/\/chintanengineers.in\/#\/schema\/logo\/image\/","url":"https:\/\/chintanengineers.in\/wp-content\/uploads\/2025\/10\/cropped-Achievers-Chintan-Engineers-Combined-Logo-2-e1760938887596.png","contentUrl":"https:\/\/chintanengineers.in\/wp-content\/uploads\/2025\/10\/cropped-Achievers-Chintan-Engineers-Combined-Logo-2-e1760938887596.png","width":337,"height":200,"caption":"Chintan Engineers"},"image":{"@id":"https:\/\/chintanengineers.in\/#\/schema\/logo\/image\/"}}]}},"_links":{"self":[{"href":"https:\/\/chintanengineers.in\/es\/wp-json\/wp\/v2\/pages\/24","targetHints":{"allow":["GET"]}}],"collection":[{"href":"https:\/\/chintanengineers.in\/es\/wp-json\/wp\/v2\/pages"}],"about":[{"href":"https:\/\/chintanengineers.in\/es\/wp-json\/wp\/v2\/types\/page"}],"replies":[{"embeddable":true,"href":"https:\/\/chintanengineers.in\/es\/wp-json\/wp\/v2\/comments?post=24"}],"version-history":[{"count":0,"href":"https:\/\/chintanengineers.in\/es\/wp-json\/wp\/v2\/pages\/24\/revisions"}],"wp:attachment":[{"href":"https:\/\/chintanengineers.in\/es\/wp-json\/wp\/v2\/media?parent=24"}],"curies":[{"name":"wp","href":"https:\/\/api.w.org\/{rel}","templated":true}]}}