{"id":34,"date":"2017-07-31T02:38:27","date_gmt":"2017-07-31T02:38:27","guid":{"rendered":"http:\/\/achieverspumpsandvalves.com\/?page_id=34"},"modified":"2024-05-02T13:48:10","modified_gmt":"2024-05-02T13:48:10","slug":"about-us-achievers-flow-meters-and-fuel-dispensers","status":"publish","type":"page","link":"https:\/\/chintanengineers.in\/de\/about-us-achievers-flow-meters-and-fuel-dispensers\/","title":{"rendered":"Unsere Vision"},"content":{"rendered":"<p style=\"text-align: left;\">Chintan Engineers, bekannt f\u00fcr die Herstellung, den Vertrieb und den Gro\u00dfhandel einer breiten Palette hochwertiger Durchflussmesser und Pumpen, wurde im Jahr 2012 gegr\u00fcndet. F\u00fcr die Herstellung der Pumpen und Durchflussmesser verwenden unsere Fachleute Materialien von optimaler Qualit\u00e4t.<\/p>\n<p style=\"text-align: left;\">Seit der Gr\u00fcndung unseres Unternehmens k\u00f6nnen wir auf ein Team hochqualifizierter Fachkr\u00e4fte z\u00e4hlen. Diese werden regelm\u00e4\u00dfig geschult, um ihre F\u00e4higkeiten optimal zu erweitern und zu verfeinern. Unser Team wird von der Gesch\u00e4ftsleitung sorgf\u00e4ltig nach einer umfassenden Pr\u00fcfung ihrer Qualifikationen, ihres Wissens und ihrer Erfahrung ausgew\u00e4hlt. Die Teammitglieder verf\u00fcgen \u00fcber Expertise in ihren jeweiligen T\u00e4tigkeitsbereichen und arbeiten eng zusammen, um ein reibungsloses Arbeitsumfeld zu gew\u00e4hrleisten.<\/p>\n<div class=\"fnt8 ta hs5 txt3\" style=\"text-align: left;\">\n<p>Gegr\u00fcndet von , <b>Dharmishthaben Patel,<\/b>\u00a0Wir konnten einen gro\u00dfen Kundenstamm auf dem indischen Inlandsmarkt bedienen. Dank seiner hervorragenden Managementf\u00e4higkeiten ist es uns gelungen, das Vertrauen unserer wertvollen Kunden auf \u00e4u\u00dferst effektive Weise zu gewinnen.<\/p>\n<\/div>\n<div class=\"cl\" style=\"text-align: left;\"><\/div>","protected":false},"excerpt":{"rendered":"<p>Chintan Engineers, bekannt f\u00fcr die Herstellung, den Vertrieb und den Handel mit einer breiten Palette hochwertiger Durchflussmesser und Pumpen, wurde im Jahr 2012 gegr\u00fcndet. F\u00fcr die Fertigung der Pumpen und Durchflussmesser verwenden unsere Fachkr\u00e4fte ausschlie\u00dflich Materialien h\u00f6chster Qualit\u00e4t. Seit unserer Gr\u00fcndung konnten wir auf die Unterst\u00fctzung zahlreicher Partner z\u00e4hlen\u2026 <a title=\"Unsere Vision\" class=\"read-more\" href=\"https:\/\/chintanengineers.in\/de\/about-us-achievers-flow-meters-and-fuel-dispensers\/\" aria-label=\"Mehr Informationen \u00fcber Unsere Vision\">Mehr lesen<\/a><\/p>","protected":false},"author":1,"featured_media":2366,"parent":0,"menu_order":0,"comment_status":"closed","ping_status":"closed","template":"","meta":{"_yoast_wpseo_focuskw":"","_yoast_wpseo_title":"","_yoast_wpseo_metadesc":"","_yoast_wpseo_canonical":"","_eb_attr":"","_n8n_st_send_on_update":false,"_yoast_wpseo_keywordsynonyms":"","footnotes":""},"class_list":["post-34","page","type-page","status-publish","has-post-thumbnail"],"yoast_head":"<!-- This site is optimized with the Yoast SEO plugin v27.3 - https:\/\/yoast.com\/product\/yoast-seo-wordpress\/ -->\n<title>Our Vision - Chintan Engineers<\/title>\n<meta name=\"robots\" content=\"index, follow, max-snippet:-1, max-image-preview:large, max-video-preview:-1\" \/>\n<link rel=\"canonical\" href=\"https:\/\/chintanengineers.in\/de\/about-us-achievers-flow-meters-and-fuel-dispensers\/\" \/>\n<meta property=\"og:locale\" content=\"de_DE\" \/>\n<meta property=\"og:type\" content=\"article\" \/>\n<meta property=\"og:title\" content=\"Our Vision - Chintan Engineers\" \/>\n<meta property=\"og:description\" content=\"Known for manufacturing, distributing, wholesaling and trading a wide range of best quality Flow Meter and Pumps, Chintan Engineers was set up in the year 2012. For manufacturing of the pumps and flow meters, the optimum quality materials are used by our professionals. Since the inception of our company, we have been able backed by ... Read more\" \/>\n<meta property=\"og:url\" content=\"https:\/\/chintanengineers.in\/de\/about-us-achievers-flow-meters-and-fuel-dispensers\/\" \/>\n<meta property=\"og:site_name\" content=\"Chintan Engineers\" \/>\n<meta property=\"article:modified_time\" content=\"2024-05-02T13:48:10+00:00\" \/>\n<meta property=\"og:image\" content=\"https:\/\/chintanengineers.in\/wp-content\/uploads\/2018\/04\/ppl-flowmeasurement-minihero-mmi-subcategory1.png\" \/>\n\t<meta property=\"og:image:width\" content=\"1024\" \/>\n\t<meta property=\"og:image:height\" content=\"410\" \/>\n\t<meta property=\"og:image:type\" content=\"image\/png\" \/>\n<meta name=\"twitter:card\" content=\"summary_large_image\" \/>\n<meta name=\"twitter:label1\" content=\"Gesch\u00e4tzte Lesezeit\" \/>\n\t<meta name=\"twitter:data1\" content=\"1\u00a0Minute\" \/>\n<script type=\"application\/ld+json\" class=\"yoast-schema-graph\">{\"@context\":\"https:\\\/\\\/schema.org\",\"@graph\":[{\"@type\":\"WebPage\",\"@id\":\"https:\\\/\\\/chintanengineers.in\\\/about-us-achievers-flow-meters-and-fuel-dispensers\\\/\",\"url\":\"https:\\\/\\\/chintanengineers.in\\\/about-us-achievers-flow-meters-and-fuel-dispensers\\\/\",\"name\":\"Our Vision - Chintan Engineers\",\"isPartOf\":{\"@id\":\"https:\\\/\\\/chintanengineers.in\\\/#website\"},\"primaryImageOfPage\":{\"@id\":\"https:\\\/\\\/chintanengineers.in\\\/about-us-achievers-flow-meters-and-fuel-dispensers\\\/#primaryimage\"},\"image\":{\"@id\":\"https:\\\/\\\/chintanengineers.in\\\/about-us-achievers-flow-meters-and-fuel-dispensers\\\/#primaryimage\"},\"thumbnailUrl\":\"https:\\\/\\\/chintanengineers.in\\\/wp-content\\\/uploads\\\/2018\\\/04\\\/ppl-flowmeasurement-minihero-mmi-subcategory1.jpg\",\"datePublished\":\"2017-07-31T02:38:27+00:00\",\"dateModified\":\"2024-05-02T13:48:10+00:00\",\"breadcrumb\":{\"@id\":\"https:\\\/\\\/chintanengineers.in\\\/about-us-achievers-flow-meters-and-fuel-dispensers\\\/#breadcrumb\"},\"inLanguage\":\"de\",\"potentialAction\":[{\"@type\":\"ReadAction\",\"target\":[\"https:\\\/\\\/chintanengineers.in\\\/about-us-achievers-flow-meters-and-fuel-dispensers\\\/\"]}]},{\"@type\":\"ImageObject\",\"inLanguage\":\"de\",\"@id\":\"https:\\\/\\\/chintanengineers.in\\\/about-us-achievers-flow-meters-and-fuel-dispensers\\\/#primaryimage\",\"url\":\"https:\\\/\\\/chintanengineers.in\\\/wp-content\\\/uploads\\\/2018\\\/04\\\/ppl-flowmeasurement-minihero-mmi-subcategory1.jpg\",\"contentUrl\":\"https:\\\/\\\/chintanengineers.in\\\/wp-content\\\/uploads\\\/2018\\\/04\\\/ppl-flowmeasurement-minihero-mmi-subcategory1.jpg\",\"width\":1024,\"height\":410},{\"@type\":\"BreadcrumbList\",\"@id\":\"https:\\\/\\\/chintanengineers.in\\\/about-us-achievers-flow-meters-and-fuel-dispensers\\\/#breadcrumb\",\"itemListElement\":[{\"@type\":\"ListItem\",\"position\":1,\"name\":\"Home\",\"item\":\"https:\\\/\\\/chintanengineers.in\\\/\"},{\"@type\":\"ListItem\",\"position\":2,\"name\":\"Our Vision\"}]},{\"@type\":\"WebSite\",\"@id\":\"https:\\\/\\\/chintanengineers.in\\\/#website\",\"url\":\"https:\\\/\\\/chintanengineers.in\\\/\",\"name\":\"Chintan Engineers\",\"description\":\"\",\"publisher\":{\"@id\":\"https:\\\/\\\/chintanengineers.in\\\/#organization\"},\"potentialAction\":[{\"@type\":\"SearchAction\",\"target\":{\"@type\":\"EntryPoint\",\"urlTemplate\":\"https:\\\/\\\/chintanengineers.in\\\/?s={search_term_string}\"},\"query-input\":{\"@type\":\"PropertyValueSpecification\",\"valueRequired\":true,\"valueName\":\"search_term_string\"}}],\"inLanguage\":\"de\"},{\"@type\":\"Organization\",\"@id\":\"https:\\\/\\\/chintanengineers.in\\\/#organization\",\"name\":\"Chintan Engineers\",\"url\":\"https:\\\/\\\/chintanengineers.in\\\/\",\"logo\":{\"@type\":\"ImageObject\",\"inLanguage\":\"de\",\"@id\":\"https:\\\/\\\/chintanengineers.in\\\/#\\\/schema\\\/logo\\\/image\\\/\",\"url\":\"https:\\\/\\\/chintanengineers.in\\\/wp-content\\\/uploads\\\/2025\\\/10\\\/cropped-Achievers-Chintan-Engineers-Combined-Logo-2-e1760938887596.png\",\"contentUrl\":\"https:\\\/\\\/chintanengineers.in\\\/wp-content\\\/uploads\\\/2025\\\/10\\\/cropped-Achievers-Chintan-Engineers-Combined-Logo-2-e1760938887596.png\",\"width\":337,\"height\":200,\"caption\":\"Chintan Engineers\"},\"image\":{\"@id\":\"https:\\\/\\\/chintanengineers.in\\\/#\\\/schema\\\/logo\\\/image\\\/\"}}]}<\/script>\n<!-- \/ Yoast SEO plugin. -->","yoast_head_json":{"title":"Unsere Vision \u2013 Chintan Engineers","robots":{"index":"index","follow":"follow","max-snippet":"max-snippet:-1","max-image-preview":"max-image-preview:large","max-video-preview":"max-video-preview:-1"},"canonical":"https:\/\/chintanengineers.in\/de\/about-us-achievers-flow-meters-and-fuel-dispensers\/","og_locale":"de_DE","og_type":"article","og_title":"Our Vision - Chintan Engineers","og_description":"Known for manufacturing, distributing, wholesaling and trading a wide range of best quality Flow Meter and Pumps, Chintan Engineers was set up in the year 2012. For manufacturing of the pumps and flow meters, the optimum quality materials are used by our professionals. Since the inception of our company, we have been able backed by ... Read more","og_url":"https:\/\/chintanengineers.in\/de\/about-us-achievers-flow-meters-and-fuel-dispensers\/","og_site_name":"Chintan Engineers","article_modified_time":"2024-05-02T13:48:10+00:00","og_image":[{"width":1024,"height":410,"url":"https:\/\/chintanengineers.in\/wp-content\/uploads\/2018\/04\/ppl-flowmeasurement-minihero-mmi-subcategory1.png","type":"image\/png"}],"twitter_card":"summary_large_image","twitter_misc":{"Gesch\u00e4tzte Lesezeit":"1\u00a0Minute"},"schema":{"@context":"https:\/\/schema.org","@graph":[{"@type":"WebPage","@id":"https:\/\/chintanengineers.in\/about-us-achievers-flow-meters-and-fuel-dispensers\/","url":"https:\/\/chintanengineers.in\/about-us-achievers-flow-meters-and-fuel-dispensers\/","name":"Unsere Vision \u2013 Chintan Engineers","isPartOf":{"@id":"https:\/\/chintanengineers.in\/#website"},"primaryImageOfPage":{"@id":"https:\/\/chintanengineers.in\/about-us-achievers-flow-meters-and-fuel-dispensers\/#primaryimage"},"image":{"@id":"https:\/\/chintanengineers.in\/about-us-achievers-flow-meters-and-fuel-dispensers\/#primaryimage"},"thumbnailUrl":"https:\/\/chintanengineers.in\/wp-content\/uploads\/2018\/04\/ppl-flowmeasurement-minihero-mmi-subcategory1.jpg","datePublished":"2017-07-31T02:38:27+00:00","dateModified":"2024-05-02T13:48:10+00:00","breadcrumb":{"@id":"https:\/\/chintanengineers.in\/about-us-achievers-flow-meters-and-fuel-dispensers\/#breadcrumb"},"inLanguage":"de","potentialAction":[{"@type":"ReadAction","target":["https:\/\/chintanengineers.in\/about-us-achievers-flow-meters-and-fuel-dispensers\/"]}]},{"@type":"ImageObject","inLanguage":"de","@id":"https:\/\/chintanengineers.in\/about-us-achievers-flow-meters-and-fuel-dispensers\/#primaryimage","url":"https:\/\/chintanengineers.in\/wp-content\/uploads\/2018\/04\/ppl-flowmeasurement-minihero-mmi-subcategory1.jpg","contentUrl":"https:\/\/chintanengineers.in\/wp-content\/uploads\/2018\/04\/ppl-flowmeasurement-minihero-mmi-subcategory1.jpg","width":1024,"height":410},{"@type":"BreadcrumbList","@id":"https:\/\/chintanengineers.in\/about-us-achievers-flow-meters-and-fuel-dispensers\/#breadcrumb","itemListElement":[{"@type":"ListItem","position":1,"name":"Home","item":"https:\/\/chintanengineers.in\/"},{"@type":"ListItem","position":2,"name":"Our Vision"}]},{"@type":"WebSite","@id":"https:\/\/chintanengineers.in\/#website","url":"https:\/\/chintanengineers.in\/","name":"Chintan Engineers","description":"","publisher":{"@id":"https:\/\/chintanengineers.in\/#organization"},"potentialAction":[{"@type":"SearchAction","target":{"@type":"EntryPoint","urlTemplate":"https:\/\/chintanengineers.in\/?s={search_term_string}"},"query-input":{"@type":"PropertyValueSpecification","valueRequired":true,"valueName":"search_term_string"}}],"inLanguage":"de"},{"@type":"Organization","@id":"https:\/\/chintanengineers.in\/#organization","name":"Chintan Engineers","url":"https:\/\/chintanengineers.in\/","logo":{"@type":"ImageObject","inLanguage":"de","@id":"https:\/\/chintanengineers.in\/#\/schema\/logo\/image\/","url":"https:\/\/chintanengineers.in\/wp-content\/uploads\/2025\/10\/cropped-Achievers-Chintan-Engineers-Combined-Logo-2-e1760938887596.png","contentUrl":"https:\/\/chintanengineers.in\/wp-content\/uploads\/2025\/10\/cropped-Achievers-Chintan-Engineers-Combined-Logo-2-e1760938887596.png","width":337,"height":200,"caption":"Chintan Engineers"},"image":{"@id":"https:\/\/chintanengineers.in\/#\/schema\/logo\/image\/"}}]}},"_links":{"self":[{"href":"https:\/\/chintanengineers.in\/de\/wp-json\/wp\/v2\/pages\/34","targetHints":{"allow":["GET"]}}],"collection":[{"href":"https:\/\/chintanengineers.in\/de\/wp-json\/wp\/v2\/pages"}],"about":[{"href":"https:\/\/chintanengineers.in\/de\/wp-json\/wp\/v2\/types\/page"}],"author":[{"embeddable":true,"href":"https:\/\/chintanengineers.in\/de\/wp-json\/wp\/v2\/users\/1"}],"replies":[{"embeddable":true,"href":"https:\/\/chintanengineers.in\/de\/wp-json\/wp\/v2\/comments?post=34"}],"version-history":[{"count":0,"href":"https:\/\/chintanengineers.in\/de\/wp-json\/wp\/v2\/pages\/34\/revisions"}],"wp:featuredmedia":[{"embeddable":true,"href":"https:\/\/chintanengineers.in\/de\/wp-json\/wp\/v2\/media\/2366"}],"wp:attachment":[{"href":"https:\/\/chintanengineers.in\/de\/wp-json\/wp\/v2\/media?parent=34"}],"curies":[{"name":"wp","href":"https:\/\/api.w.org\/{rel}","templated":true}]}}