{"id":2351,"date":"2016-02-12T07:54:41","date_gmt":"2016-02-12T07:54:41","guid":{"rendered":"http:\/\/demos.famethemes.com\/onepress\/?page_id=4"},"modified":"2025-10-13T17:13:10","modified_gmt":"2025-10-13T17:13:10","slug":"home","status":"publish","type":"page","link":"https:\/\/chintanengineers.in\/de\/home\/","title":{"rendered":""},"content":{"rendered":"<div class=\"gb-element-7d741675\">\n<div class=\"gb-element-1f7ee54a\">\n<div>\n<img loading=\"lazy\" decoding=\"async\" width=\"768\" height=\"768\" class=\"gb-media-14039e4b\" alt=\"Hose Reel Fuel Dispenser\" src=\"https:\/\/chintanengineers.in\/wp-content\/smush-webp\/2022\/07\/diesel-dispenser-metrology-approved-govt-of-india--768x768.jpeg.webp\" title=\"Dieselzapfs\u00e4ulen-Messtechnik, zugelassen von der indischen Regierung\" srcset=\"https:\/\/chintanengineers.in\/wp-content\/smush-webp\/2022\/07\/diesel-dispenser-metrology-approved-govt-of-india--768x768.jpeg.webp 768w, https:\/\/chintanengineers.in\/wp-content\/smush-webp\/2022\/07\/diesel-dispenser-metrology-approved-govt-of-india--300x300.jpeg.webp 300w, https:\/\/chintanengineers.in\/wp-content\/smush-webp\/2022\/07\/diesel-dispenser-metrology-approved-govt-of-india--150x150.jpeg.webp 150w, https:\/\/chintanengineers.in\/wp-content\/smush-webp\/2022\/07\/diesel-dispenser-metrology-approved-govt-of-india--500x500.jpeg.webp 500w, https:\/\/chintanengineers.in\/wp-content\/smush-webp\/2022\/07\/diesel-dispenser-metrology-approved-govt-of-india--400x400.jpeg.webp 400w, https:\/\/chintanengineers.in\/wp-content\/smush-webp\/2022\/07\/diesel-dispenser-metrology-approved-govt-of-india--600x600.jpeg.webp 600w, https:\/\/chintanengineers.in\/wp-content\/smush-webp\/2022\/07\/diesel-dispenser-metrology-approved-govt-of-india-.jpeg.webp 1000w\" sizes=\"auto, (max-width: 768px) 100vw, 768px\" \/>\n<\/div>\n\n\n\n<div class=\"gb-element-fd63db10\">\n<h1 class=\"gb-text gb-text-99d2c93e\"><strong>Branchenf\u00fchrende Zapfs\u00e4ulen, Pumpen und Durchflussmesser<\/strong><\/h1>\n\n\n\n<p class=\"has-small-font-size\">Wir sind ein renommiertes Ingenieurb\u00fcro aus Ahmedabad, Indien, das sich der Bereitstellung innovativer L\u00f6sungen, modernster Technologie und exzellentem Kundenservice in verschiedenen Ingenieurdisziplinen verschrieben hat.<\/p>\n\n\n\n<a class=\"gb-text gb-text-f05a51d4\" href=\"\/de\/products\/\">Entdecken Sie unsere Produkte<\/a>\n\n\n\n<p><a href=\"https:\/\/dieseldispenser.com\/products\/\"><\/a><\/p>\n<\/div>\n<\/div>\n<\/div>\n\n\n\n<p><\/p>","protected":false},"excerpt":{"rendered":"<p>Branchenf\u00fchrende Zapfs\u00e4ulen, Pumpen und Durchflussmesser. Wir sind ein renommiertes Ingenieurb\u00fcro aus Ahmedabad, Indien, das sich der Bereitstellung innovativer L\u00f6sungen, modernster Technologie und exzellentem Kundenservice in verschiedenen Ingenieursbereichen verschrieben hat. Entdecken Sie unsere Produkte.<\/p>","protected":false},"author":1,"featured_media":0,"parent":0,"menu_order":0,"comment_status":"closed","ping_status":"closed","template":"elementor_theme","meta":{"_yoast_wpseo_focuskw":"","_yoast_wpseo_title":"Flow Meter Manufacturers | Accurate Flow Meters By Chintan Engineers","_yoast_wpseo_metadesc":"Flow Meter Manufacturer India. Chintan Engineers Flow Meter Manufacturer from Ahmedabad, Gujarat, India. Water Flow Meter, Fuel Flow Meter, Oil Flow Meter.","_yoast_wpseo_canonical":"","_eb_attr":"","_n8n_st_send_on_update":false,"_yoast_wpseo_keywordsynonyms":"","footnotes":""},"class_list":["post-2351","page","type-page","status-publish"],"yoast_head":"<!-- This site is optimized with the Yoast SEO plugin v27.3 - https:\/\/yoast.com\/product\/yoast-seo-wordpress\/ -->\n<title>Flow Meter Manufacturers | Accurate Flow Meters By Chintan Engineers<\/title>\n<meta name=\"description\" content=\"Flow Meter Manufacturer India. Chintan Engineers Flow Meter Manufacturer from Ahmedabad, Gujarat, India. Water Flow Meter, Fuel Flow Meter, Oil Flow Meter.\" \/>\n<meta name=\"robots\" content=\"index, follow, max-snippet:-1, max-image-preview:large, max-video-preview:-1\" \/>\n<link rel=\"canonical\" href=\"https:\/\/chintanengineers.in\/de\/home\/\" \/>\n<meta property=\"og:locale\" content=\"de_DE\" \/>\n<meta property=\"og:type\" content=\"article\" \/>\n<meta property=\"og:title\" content=\"Flow Meter Manufacturers | Accurate Flow Meters By Chintan Engineers\" \/>\n<meta property=\"og:description\" content=\"Flow Meter Manufacturer India. Chintan Engineers Flow Meter Manufacturer from Ahmedabad, Gujarat, India. Water Flow Meter, Fuel Flow Meter, Oil Flow Meter.\" \/>\n<meta property=\"og:url\" content=\"https:\/\/chintanengineers.in\/de\/home\/\" \/>\n<meta property=\"og:site_name\" content=\"Chintan Engineers\" \/>\n<meta property=\"article:modified_time\" content=\"2025-10-13T17:13:10+00:00\" \/>\n<meta property=\"og:image\" content=\"https:\/\/chintanengineers.in\/wp-content\/uploads\/2022\/07\/diesel-dispenser-metrology-approved-govt-of-india--768x768.jpeg\" \/>\n<meta name=\"twitter:card\" content=\"summary_large_image\" \/>\n<meta name=\"twitter:label1\" content=\"Gesch\u00e4tzte Lesezeit\" \/>\n\t<meta name=\"twitter:data1\" content=\"1\u00a0Minute\" \/>\n<script type=\"application\/ld+json\" class=\"yoast-schema-graph\">{\"@context\":\"https:\\\/\\\/schema.org\",\"@graph\":[{\"@type\":\"WebPage\",\"@id\":\"https:\\\/\\\/chintanengineers.in\\\/home\\\/\",\"url\":\"https:\\\/\\\/chintanengineers.in\\\/home\\\/\",\"name\":\"Flow Meter Manufacturers | Accurate Flow Meters By Chintan Engineers\",\"isPartOf\":{\"@id\":\"https:\\\/\\\/chintanengineers.in\\\/#website\"},\"primaryImageOfPage\":{\"@id\":\"https:\\\/\\\/chintanengineers.in\\\/home\\\/#primaryimage\"},\"image\":{\"@id\":\"https:\\\/\\\/chintanengineers.in\\\/home\\\/#primaryimage\"},\"thumbnailUrl\":\"https:\\\/\\\/chintanengineers.in\\\/wp-content\\\/uploads\\\/2022\\\/07\\\/diesel-dispenser-metrology-approved-govt-of-india--768x768.jpeg\",\"datePublished\":\"2016-02-12T07:54:41+00:00\",\"dateModified\":\"2025-10-13T17:13:10+00:00\",\"description\":\"Flow Meter Manufacturer India. Chintan Engineers Flow Meter Manufacturer from Ahmedabad, Gujarat, India. Water Flow Meter, Fuel Flow Meter, Oil Flow Meter.\",\"inLanguage\":\"de\",\"potentialAction\":[{\"@type\":\"ReadAction\",\"target\":[\"https:\\\/\\\/chintanengineers.in\\\/home\\\/\"]}]},{\"@type\":\"ImageObject\",\"inLanguage\":\"de\",\"@id\":\"https:\\\/\\\/chintanengineers.in\\\/home\\\/#primaryimage\",\"url\":\"https:\\\/\\\/chintanengineers.in\\\/wp-content\\\/uploads\\\/2022\\\/07\\\/diesel-dispenser-metrology-approved-govt-of-india--768x768.jpeg\",\"contentUrl\":\"https:\\\/\\\/chintanengineers.in\\\/wp-content\\\/uploads\\\/2022\\\/07\\\/diesel-dispenser-metrology-approved-govt-of-india--768x768.jpeg\"},{\"@type\":\"WebSite\",\"@id\":\"https:\\\/\\\/chintanengineers.in\\\/#website\",\"url\":\"https:\\\/\\\/chintanengineers.in\\\/\",\"name\":\"Chintan Engineers\",\"description\":\"\",\"publisher\":{\"@id\":\"https:\\\/\\\/chintanengineers.in\\\/#organization\"},\"potentialAction\":[{\"@type\":\"SearchAction\",\"target\":{\"@type\":\"EntryPoint\",\"urlTemplate\":\"https:\\\/\\\/chintanengineers.in\\\/?s={search_term_string}\"},\"query-input\":{\"@type\":\"PropertyValueSpecification\",\"valueRequired\":true,\"valueName\":\"search_term_string\"}}],\"inLanguage\":\"de\"},{\"@type\":\"Organization\",\"@id\":\"https:\\\/\\\/chintanengineers.in\\\/#organization\",\"name\":\"Chintan Engineers\",\"url\":\"https:\\\/\\\/chintanengineers.in\\\/\",\"logo\":{\"@type\":\"ImageObject\",\"inLanguage\":\"de\",\"@id\":\"https:\\\/\\\/chintanengineers.in\\\/#\\\/schema\\\/logo\\\/image\\\/\",\"url\":\"https:\\\/\\\/chintanengineers.in\\\/wp-content\\\/uploads\\\/2025\\\/10\\\/cropped-Achievers-Chintan-Engineers-Combined-Logo-2-e1760938887596.png\",\"contentUrl\":\"https:\\\/\\\/chintanengineers.in\\\/wp-content\\\/uploads\\\/2025\\\/10\\\/cropped-Achievers-Chintan-Engineers-Combined-Logo-2-e1760938887596.png\",\"width\":337,\"height\":200,\"caption\":\"Chintan Engineers\"},\"image\":{\"@id\":\"https:\\\/\\\/chintanengineers.in\\\/#\\\/schema\\\/logo\\\/image\\\/\"}}]}<\/script>\n<!-- \/ Yoast SEO plugin. -->","yoast_head_json":{"title":"Durchflussmesser-Hersteller | Pr\u00e4zise Durchflussmesser von Chintan Engineers","description":"Durchflussmesser-Hersteller in Indien. Chintan Engineers, ein Durchflussmesser-Hersteller aus Ahmedabad, Gujarat, Indien. Wasser-, Kraftstoff- und \u00d6ldurchflussmesser.","robots":{"index":"index","follow":"follow","max-snippet":"max-snippet:-1","max-image-preview":"max-image-preview:large","max-video-preview":"max-video-preview:-1"},"canonical":"https:\/\/chintanengineers.in\/de\/home\/","og_locale":"de_DE","og_type":"article","og_title":"Flow Meter Manufacturers | Accurate Flow Meters By Chintan Engineers","og_description":"Flow Meter Manufacturer India. Chintan Engineers Flow Meter Manufacturer from Ahmedabad, Gujarat, India. Water Flow Meter, Fuel Flow Meter, Oil Flow Meter.","og_url":"https:\/\/chintanengineers.in\/de\/home\/","og_site_name":"Chintan Engineers","article_modified_time":"2025-10-13T17:13:10+00:00","og_image":[{"url":"https:\/\/chintanengineers.in\/wp-content\/uploads\/2022\/07\/diesel-dispenser-metrology-approved-govt-of-india--768x768.jpeg","type":"","width":"","height":""}],"twitter_card":"summary_large_image","twitter_misc":{"Gesch\u00e4tzte Lesezeit":"1\u00a0Minute"},"schema":{"@context":"https:\/\/schema.org","@graph":[{"@type":"WebPage","@id":"https:\/\/chintanengineers.in\/home\/","url":"https:\/\/chintanengineers.in\/home\/","name":"Durchflussmesser-Hersteller | Pr\u00e4zise Durchflussmesser von Chintan Engineers","isPartOf":{"@id":"https:\/\/chintanengineers.in\/#website"},"primaryImageOfPage":{"@id":"https:\/\/chintanengineers.in\/home\/#primaryimage"},"image":{"@id":"https:\/\/chintanengineers.in\/home\/#primaryimage"},"thumbnailUrl":"https:\/\/chintanengineers.in\/wp-content\/uploads\/2022\/07\/diesel-dispenser-metrology-approved-govt-of-india--768x768.jpeg","datePublished":"2016-02-12T07:54:41+00:00","dateModified":"2025-10-13T17:13:10+00:00","description":"Durchflussmesser-Hersteller in Indien. Chintan Engineers, ein Durchflussmesser-Hersteller aus Ahmedabad, Gujarat, Indien. Wasser-, Kraftstoff- und \u00d6ldurchflussmesser.","inLanguage":"de","potentialAction":[{"@type":"ReadAction","target":["https:\/\/chintanengineers.in\/home\/"]}]},{"@type":"ImageObject","inLanguage":"de","@id":"https:\/\/chintanengineers.in\/home\/#primaryimage","url":"https:\/\/chintanengineers.in\/wp-content\/uploads\/2022\/07\/diesel-dispenser-metrology-approved-govt-of-india--768x768.jpeg","contentUrl":"https:\/\/chintanengineers.in\/wp-content\/uploads\/2022\/07\/diesel-dispenser-metrology-approved-govt-of-india--768x768.jpeg"},{"@type":"WebSite","@id":"https:\/\/chintanengineers.in\/#website","url":"https:\/\/chintanengineers.in\/","name":"Chintan Engineers","description":"","publisher":{"@id":"https:\/\/chintanengineers.in\/#organization"},"potentialAction":[{"@type":"SearchAction","target":{"@type":"EntryPoint","urlTemplate":"https:\/\/chintanengineers.in\/?s={search_term_string}"},"query-input":{"@type":"PropertyValueSpecification","valueRequired":true,"valueName":"search_term_string"}}],"inLanguage":"de"},{"@type":"Organization","@id":"https:\/\/chintanengineers.in\/#organization","name":"Chintan Engineers","url":"https:\/\/chintanengineers.in\/","logo":{"@type":"ImageObject","inLanguage":"de","@id":"https:\/\/chintanengineers.in\/#\/schema\/logo\/image\/","url":"https:\/\/chintanengineers.in\/wp-content\/uploads\/2025\/10\/cropped-Achievers-Chintan-Engineers-Combined-Logo-2-e1760938887596.png","contentUrl":"https:\/\/chintanengineers.in\/wp-content\/uploads\/2025\/10\/cropped-Achievers-Chintan-Engineers-Combined-Logo-2-e1760938887596.png","width":337,"height":200,"caption":"Chintan Engineers"},"image":{"@id":"https:\/\/chintanengineers.in\/#\/schema\/logo\/image\/"}}]}},"_links":{"self":[{"href":"https:\/\/chintanengineers.in\/de\/wp-json\/wp\/v2\/pages\/2351","targetHints":{"allow":["GET"]}}],"collection":[{"href":"https:\/\/chintanengineers.in\/de\/wp-json\/wp\/v2\/pages"}],"about":[{"href":"https:\/\/chintanengineers.in\/de\/wp-json\/wp\/v2\/types\/page"}],"author":[{"embeddable":true,"href":"https:\/\/chintanengineers.in\/de\/wp-json\/wp\/v2\/users\/1"}],"replies":[{"embeddable":true,"href":"https:\/\/chintanengineers.in\/de\/wp-json\/wp\/v2\/comments?post=2351"}],"version-history":[{"count":9,"href":"https:\/\/chintanengineers.in\/de\/wp-json\/wp\/v2\/pages\/2351\/revisions"}],"predecessor-version":[{"id":3718,"href":"https:\/\/chintanengineers.in\/de\/wp-json\/wp\/v2\/pages\/2351\/revisions\/3718"}],"wp:attachment":[{"href":"https:\/\/chintanengineers.in\/de\/wp-json\/wp\/v2\/media?parent=2351"}],"curies":[{"name":"wp","href":"https:\/\/api.w.org\/{rel}","templated":true}]}}